{"id":16422,"date":"2025-03-23T10:53:18","date_gmt":"2025-03-23T09:53:18","guid":{"rendered":"https:\/\/delices.lu\/lieferungen\/"},"modified":"2025-03-23T10:53:18","modified_gmt":"2025-03-23T09:53:18","slug":"lieferungen","status":"publish","type":"page","link":"https:\/\/delices.lu\/de\/lieferungen\/","title":{"rendered":"Lieferungen"},"content":{"rendered":"<h2><strong>Die Lieferungen k\u00f6nnen je nach Bestimmungsland auf unterschiedliche Weise erfolgen.<\/strong><\/h2>\n<ol>\n<li>Sie m\u00f6chten vor Ort in unseren Gesch\u00e4ften abgeholt werden. Kreuzen Sie das K\u00e4stchen<strong>&#8220;Abholung vor Ort<\/strong>&#8221; an. 121, route de Luxembourg L-6562 Echternach <em>, Centre Commercial de Nonnemillen, Telefon +352 621 508 416<\/em>.  <\/li>\n<li>F\u00fcr Luxemburg: Versand per Post oder DHL mit Trackingnummer; best\u00e4tigen Sie Ihre Wahl, indem Sie das K\u00e4stchen &#8220;Post oder DHL&#8221; ankreuzen \u20ac9,00.<\/li>\n<li>F\u00fcr Luxemburg: Sie bevorzugen eine Lieferung per Kurier an Ihre Haust\u00fcr oder an die Haust\u00fcr des von Ihnen gew\u00e4hlten Empf\u00e4ngers? Kreuzen Sie das K\u00e4stchen<strong>&#8220;Per Kurier<\/strong>&#8221; an Die Pauschale betr\u00e4gt 25,00 \u20ac.<\/li>\n<li>F\u00fcr Deutschland: Versand per DHL, mit Trackingnummer, best\u00e4tigen Sie Ihre Wahl, indem Sie das K\u00e4stchen &#8220;DHL&#8221; ankreuzen, f\u00fcr 10,49 \u20ac.<\/li>\n<li>F\u00fcr Deutschland: Sie m\u00f6chten vor Ort in unseren Gesch\u00e4ften abgeholt werden. Kreuzen Sie das K\u00e4stchen &#8220;Abholung vor Ort&#8221; an. 121, route de Luxembourg L-6562 Echternach <em>, Centre Commercial de Nonnemillen, Telefon +352 621 508 416<\/em>.  <\/li>\n<li>F\u00fcr \u00d6sterreich, Belgien, Bulgarien, Kroatien, Zypern, D\u00e4nemark, Estland, Finnland, Frankreich, Griechenland, Ungarn, Irland, Italien, Lettland, Litauen, Malta, Monaco, Niederlande, Polen, Portugal, Tschechische Republik, Rum\u00e4nien, UK, Slowenien, Spanien, Schweden, Schweiz: Versand per Post, mit Trackingnummer, best\u00e4tigen Sie Ihre Wahl, indem Sie das K\u00e4stchen &#8220;Post oder DHL&#8221; ankreuzen. 16 \u20ac, statt 25,78 \u20ac.<\/li>\n<\/ol>\n<blockquote><p>Z\u00f6gern Sie nicht, uns unter der Telefonnummer +352 621 508 416 (E, F, G, I, NL) zu kontaktieren.<\/p><\/blockquote>\n","protected":false},"excerpt":{"rendered":"<p>Die Lieferungen k\u00f6nnen je nach Bestimmungsland auf unterschiedliche Weise erfolgen. Sie m\u00f6chten vor Ort in unseren Gesch\u00e4ften abgeholt werden. Kreuzen Sie das K\u00e4stchen&#8220;Abholung vor Ort&#8221; an. 121, route de Luxembourg L-6562 Echternach , Centre Commercial de Nonnemillen, Telefon +352 621 508 416. F\u00fcr Luxemburg: Versand per Post oder DHL mit Trackingnummer; best\u00e4tigen Sie Ihre Wahl, [&hellip;]<\/p>\n","protected":false},"author":1,"featured_media":0,"parent":0,"menu_order":0,"comment_status":"closed","ping_status":"closed","template":"","meta":{"footnotes":""},"class_list":["post-16422","page","type-page","status-publish","hentry"],"_links":{"self":[{"href":"https:\/\/delices.lu\/de\/wp-json\/wp\/v2\/pages\/16422","targetHints":{"allow":["GET"]}}],"collection":[{"href":"https:\/\/delices.lu\/de\/wp-json\/wp\/v2\/pages"}],"about":[{"href":"https:\/\/delices.lu\/de\/wp-json\/wp\/v2\/types\/page"}],"author":[{"embeddable":true,"href":"https:\/\/delices.lu\/de\/wp-json\/wp\/v2\/users\/1"}],"replies":[{"embeddable":true,"href":"https:\/\/delices.lu\/de\/wp-json\/wp\/v2\/comments?post=16422"}],"version-history":[{"count":0,"href":"https:\/\/delices.lu\/de\/wp-json\/wp\/v2\/pages\/16422\/revisions"}],"wp:attachment":[{"href":"https:\/\/delices.lu\/de\/wp-json\/wp\/v2\/media?parent=16422"}],"curies":[{"name":"wp","href":"https:\/\/api.w.org\/{rel}","templated":true}]}}