{"id":11896,"date":"2025-03-24T00:00:15","date_gmt":"2025-03-23T23:00:15","guid":{"rendered":"https:\/\/delices.lu\/?post_type=product&#038;p=11896"},"modified":"2025-03-26T08:52:14","modified_gmt":"2025-03-26T07:52:14","slug":"perlemor-home-beurrier-beige","status":"publish","type":"product","link":"https:\/\/delices.lu\/de\/produit\/perlemor-home-beurrier-beige\/","title":{"rendered":"Perlemor Home &#8211; Beurrier &#8211; beige"},"content":{"rendered":"<p><strong>Un beurrier con\u00e7u comme un \u00e9cran estival<\/strong><br \/>\nLe beurrier Perlemor r\u00e9v\u00e8le une esth\u00e9tique saisissante. Ses teintes beige clair et son effet brillant attirent le regard. Aussi pratique que beau, il va vite devenir indispensable \u00e0 ton quotidien et rendra aussi tes repas et r\u00e9ceptions encore plus sp\u00e9ciaux ! Pour un dressage harmonieux, adopte l\u2019ensemble de la collection Perlemor : assiettes plates, bols, saladiers, mugs\u2026 Un service de table en porcelaine ravissant ! Au petit-d\u00e9jeuner sur des tartines ou au d\u00eener avec un bon pain fait maison, le beurre accompagne tous nos repas. Le pot \u00e0 beurre permet d\u2019assurer un service \u00e9l\u00e9gant, mais \u00e9galement de ne pas alt\u00e9rer le go\u00fbt cr\u00e9meux du beurre entre les allers-retours depuis le r\u00e9frig\u00e9rateur vers la table. Avec un beurrier, il sera prot\u00e9g\u00e9 de la lumi\u00e8re et maintenu frais plus longtemps. Il conservera toutes ses saveurs pour r\u00e9galer tes papilles et celles de tes convives. D\u00e9couvrez le style poterie d\u00e8s maintenant !<\/p>\n","protected":false},"excerpt":{"rendered":"<p><strong>Perlemor Home\u00a0 Sand &#8211; Beurrier<br \/>\n<\/strong>MATI\u00c8RE : Porcelaine haut de gamme.<br \/>\nCOULEUR : beige<br \/>\nGARANTI LAVE-VAISSELLE : Non<br \/>\nCOMPATIBLE MICRO-ONDES : Non<br \/>\nR\u00c9F. ARTICLE : 1951761800<\/p>\n","protected":false},"featured_media":11899,"template":"","meta":[],"location":[959,974],"product_brand":[],"product_cat":[128,122],"product_tag":[492,874],"class_list":{"0":"post-11896","1":"product","2":"type-product","3":"status-publish","4":"has-post-thumbnail","6":"location-0-shop","7":"location-04-4","8":"product_cat-art-de-la-table","9":"product_cat-villeroy-boch","10":"product_tag-beurrier","11":"product_tag-perlemor-home","13":"first","14":"instock","15":"shipping-taxable","16":"purchasable","17":"product-type-simple"},"supplier_id":9071,"supplier_sku":"1951761800","barcode":"4003686423107","atum_controlled":true,"out_stock_date":null,"out_stock_threshold":0,"inheritable":false,"inbound_stock":0,"stock_on_hold":0,"sold_today":0,"sales_last_days":0,"reserved_stock":0,"customer_returns":0,"warehouse_damage":null,"lost_in_post":0,"other_logs":0,"out_stock_days":0,"lost_sales":0,"has_location":true,"update_date":"2025-07-19T06:26:48","atum_locations":[{"id":960,"name":"0 SHOP","slug":"0-shop"},{"id":867,"name":"044","slug":"044"}],"atum_stock_status":"instock","restock_status":false,"low_stock_amount":"","sales_update_date":"2025-07-19T06:26:48","calc_backorders":0,"locations":[],"_links":{"self":[{"href":"https:\/\/delices.lu\/de\/wp-json\/wp\/v2\/product\/11896","targetHints":{"allow":["GET"]}}],"collection":[{"href":"https:\/\/delices.lu\/de\/wp-json\/wp\/v2\/product"}],"about":[{"href":"https:\/\/delices.lu\/de\/wp-json\/wp\/v2\/types\/product"}],"wp:featuredmedia":[{"embeddable":true,"href":"https:\/\/delices.lu\/de\/wp-json\/wp\/v2\/media\/11899"}],"wp:attachment":[{"href":"https:\/\/delices.lu\/de\/wp-json\/wp\/v2\/media?parent=11896"}],"wp:term":[{"taxonomy":"location","embeddable":true,"href":"https:\/\/delices.lu\/de\/wp-json\/wp\/v2\/location?post=11896"},{"taxonomy":"product_brand","embeddable":true,"href":"https:\/\/delices.lu\/de\/wp-json\/wp\/v2\/product_brand?post=11896"},{"taxonomy":"product_cat","embeddable":true,"href":"https:\/\/delices.lu\/de\/wp-json\/wp\/v2\/product_cat?post=11896"},{"taxonomy":"product_tag","embeddable":true,"href":"https:\/\/delices.lu\/de\/wp-json\/wp\/v2\/product_tag?post=11896"}],"curies":[{"name":"wp","href":"https:\/\/api.w.org\/{rel}","templated":true}]}}