{"id":14005,"date":"2024-04-24T00:00:08","date_gmt":"2025-03-20T10:27:50","guid":{"rendered":"https:\/\/delices.lu\/produit\/crepepfanne-o-24-cm-induktion\/"},"modified":"2025-03-20T11:27:50","modified_gmt":"2025-03-20T10:27:50","slug":"crepepfanne-o-24-cm-induktion","status":"publish","type":"product","link":"https:\/\/delices.lu\/de\/produit\/crepepfanne-o-24-cm-induktion\/","title":{"rendered":"Cr\u00eapepfanne \u00d8 24 cm Induktion"},"content":{"rendered":"","protected":false},"excerpt":{"rendered":"<p>AMT Gastroguss Pfannkuchenpfanne.<br \/>\nMaterial: Handgeformtes Aluminium.<br \/>\nDurchmesser: 24 cm.<br \/>\nFester Griff: 21 cm.<br \/>\nHerd: <strong>Induktion<\/strong> + Gas, Elektrizit\u00e4t, Keramik, Halogen.<br \/>\n&#8211; Aus dem Vollen gegossene Gewindeh\u00fclse f\u00fcr eine dauerhafte Befestigung des Griffs.<br \/>\n&#8211; Besonders dicker Boden (8-10 mm) f\u00fcr eine optimale W\u00e4rmeleitung und -speicherung.<br \/>\n&#8211; Perfekt flacher und geh\u00e4rteter Au\u00dfenboden f\u00fcr einen optimalen Kontakt mit dem Kochfeld.<br \/>\n&#8211; Die von AMT Gastroguss entwickelte Lotan\u00ae-Beschichtung erm\u00f6glicht ein fettfreies Kochen und vereinfacht die Reinigung.<br \/>\n&#8211; Verst\u00e4rkter Ausguss.<br \/>\n&#8211; AMT Gastrogu\u00df ist der offizielle Lieferant des Nationalteams der Gastronomiek\u00f6che.<br \/>\n&#8211; Made in Germany.<\/p>\n","protected":false},"featured_media":14008,"template":"","meta":[],"location":[1186],"product_brand":[],"product_cat":[2147,2154,2156,2157,2155],"product_tag":[2159,2158,2160],"class_list":{"0":"post-14005","1":"product","2":"type-product","3":"status-publish","4":"has-post-thumbnail","6":"location-p223","7":"product_cat-amt-gastroguss-de","8":"product_cat-bratpfanne","9":"product_cat-fur-die-pfannkuchen","10":"product_cat-induktion","11":"product_cat-runde-pfanne","12":"product_tag-fester-griff","13":"product_tag-induktion","14":"product_tag-pfannkuchen","16":"first","17":"instock","18":"shipping-taxable","19":"purchasable","20":"product-type-simple"},"supplier_id":9072,"supplier_sku":"I-124","barcode":"4250194604355","atum_controlled":true,"out_stock_date":null,"out_stock_threshold":null,"inheritable":false,"inbound_stock":0,"stock_on_hold":0,"sold_today":0,"sales_last_days":0,"reserved_stock":0,"customer_returns":0,"warehouse_damage":0,"lost_in_post":0,"other_logs":0,"out_stock_days":0,"lost_sales":0,"has_location":false,"update_date":"2025-07-19T06:26:22","atum_locations":[{"id":766,"name":"P223","slug":"p223"}],"atum_stock_status":"instock","restock_status":false,"low_stock_amount":"","sales_update_date":"2025-07-19T06:26:22","calc_backorders":0,"locations":[],"_links":{"self":[{"href":"https:\/\/delices.lu\/de\/wp-json\/wp\/v2\/product\/14005","targetHints":{"allow":["GET"]}}],"collection":[{"href":"https:\/\/delices.lu\/de\/wp-json\/wp\/v2\/product"}],"about":[{"href":"https:\/\/delices.lu\/de\/wp-json\/wp\/v2\/types\/product"}],"wp:featuredmedia":[{"embeddable":true,"href":"https:\/\/delices.lu\/de\/wp-json\/wp\/v2\/media\/14008"}],"wp:attachment":[{"href":"https:\/\/delices.lu\/de\/wp-json\/wp\/v2\/media?parent=14005"}],"wp:term":[{"taxonomy":"location","embeddable":true,"href":"https:\/\/delices.lu\/de\/wp-json\/wp\/v2\/location?post=14005"},{"taxonomy":"product_brand","embeddable":true,"href":"https:\/\/delices.lu\/de\/wp-json\/wp\/v2\/product_brand?post=14005"},{"taxonomy":"product_cat","embeddable":true,"href":"https:\/\/delices.lu\/de\/wp-json\/wp\/v2\/product_cat?post=14005"},{"taxonomy":"product_tag","embeddable":true,"href":"https:\/\/delices.lu\/de\/wp-json\/wp\/v2\/product_tag?post=14005"}],"curies":[{"name":"wp","href":"https:\/\/api.w.org\/{rel}","templated":true}]}}