{"id":14018,"date":"2024-04-24T00:00:23","date_gmt":"2025-03-20T10:28:00","guid":{"rendered":"https:\/\/delices.lu\/produit\/pfanne-o-20-cm-h-5-cm-induktion\/"},"modified":"2025-03-20T11:28:00","modified_gmt":"2025-03-20T10:28:00","slug":"pfanne-o-20-cm-h-5-cm-induktion","status":"publish","type":"product","link":"https:\/\/delices.lu\/de\/produit\/pfanne-o-20-cm-h-5-cm-induktion\/","title":{"rendered":"Pfanne \u00d8 20 cm &#8211; h 5 cm Induktion"},"content":{"rendered":"","protected":false},"excerpt":{"rendered":"<p>AMT Gastroguss Bratpfanne.<br \/>\nMaterial: Handgeformtes Aluminium.<br \/>\nH\u00f6he: 5 cm.<br \/>\nDurchmesser oben\/unten: 20 cm \/ 16 cm.<br \/>\nFester Griff: 21 cm.<br \/>\nHerd: <strong>Induktion<\/strong> + Gas, Elektrizit\u00e4t, Keramik, Halogen.<br \/>\n&#8211; Aus dem Vollen gegossene Gewindeh\u00fclse f\u00fcr eine dauerhafte Befestigung des Griffs.<br \/>\n&#8211; Besonders dicker Boden (8-10 mm) f\u00fcr eine optimale W\u00e4rmeleitung und -speicherung.<br \/>\n&#8211; Perfekt flacher und geh\u00e4rteter Au\u00dfenboden f\u00fcr einen optimalen Kontakt mit dem Kochfeld.<br \/>\n&#8211; Die von AMT Gastroguss entwickelte Lotan\u00ae-Beschichtung erm\u00f6glicht ein fettfreies Kochen und vereinfacht die Reinigung.<br \/>\n&#8211; Verst\u00e4rkter Ausguss.<br \/>\n&#8211; AMT Gastrogu\u00df ist der offizielle Lieferant des Nationalteams der Gastronomiek\u00f6che.<br \/>\n&#8211; Made in Germany.<\/p>\n","protected":false},"featured_media":14016,"template":"","meta":[],"location":[1161],"product_brand":[],"product_cat":[2147,2154,2157,2155],"product_tag":[2159,2158],"class_list":{"0":"post-14018","1":"product","2":"type-product","3":"status-publish","4":"has-post-thumbnail","6":"location-p112","7":"product_cat-amt-gastroguss-de","8":"product_cat-bratpfanne","9":"product_cat-induktion","10":"product_cat-runde-pfanne","11":"product_tag-fester-griff","12":"product_tag-induktion","14":"first","15":"instock","16":"shipping-taxable","17":"purchasable","18":"product-type-simple"},"supplier_id":9072,"supplier_sku":"I-520","barcode":"4250194663086","atum_controlled":true,"out_stock_date":null,"out_stock_threshold":null,"inheritable":false,"inbound_stock":0,"stock_on_hold":0,"sold_today":0,"sales_last_days":0,"reserved_stock":0,"customer_returns":0,"warehouse_damage":0,"lost_in_post":0,"other_logs":0,"out_stock_days":0,"lost_sales":0,"has_location":false,"update_date":"2025-07-19T06:26:22","atum_locations":[{"id":750,"name":"P112","slug":"p112"}],"atum_stock_status":"instock","restock_status":false,"low_stock_amount":"","sales_update_date":"2025-07-19T06:26:22","calc_backorders":0,"locations":[],"_links":{"self":[{"href":"https:\/\/delices.lu\/de\/wp-json\/wp\/v2\/product\/14018","targetHints":{"allow":["GET"]}}],"collection":[{"href":"https:\/\/delices.lu\/de\/wp-json\/wp\/v2\/product"}],"about":[{"href":"https:\/\/delices.lu\/de\/wp-json\/wp\/v2\/types\/product"}],"wp:featuredmedia":[{"embeddable":true,"href":"https:\/\/delices.lu\/de\/wp-json\/wp\/v2\/media\/14016"}],"wp:attachment":[{"href":"https:\/\/delices.lu\/de\/wp-json\/wp\/v2\/media?parent=14018"}],"wp:term":[{"taxonomy":"location","embeddable":true,"href":"https:\/\/delices.lu\/de\/wp-json\/wp\/v2\/location?post=14018"},{"taxonomy":"product_brand","embeddable":true,"href":"https:\/\/delices.lu\/de\/wp-json\/wp\/v2\/product_brand?post=14018"},{"taxonomy":"product_cat","embeddable":true,"href":"https:\/\/delices.lu\/de\/wp-json\/wp\/v2\/product_cat?post=14018"},{"taxonomy":"product_tag","embeddable":true,"href":"https:\/\/delices.lu\/de\/wp-json\/wp\/v2\/product_tag?post=14018"}],"curies":[{"name":"wp","href":"https:\/\/api.w.org\/{rel}","templated":true}]}}