{"id":14167,"date":"2024-06-25T00:00:27","date_gmt":"2025-03-20T10:34:05","guid":{"rendered":"https:\/\/delices.lu\/produit\/bratpfanne-o-20-cm-abnehmbarer-griff\/"},"modified":"2025-03-20T11:34:05","modified_gmt":"2025-03-20T10:34:05","slug":"bratpfanne-o-20-cm-abnehmbarer-griff","status":"publish","type":"product","link":"https:\/\/delices.lu\/de\/produit\/bratpfanne-o-20-cm-abnehmbarer-griff\/","title":{"rendered":"Bratpfanne \u00d8 20 cm &#8211; abnehmbarer Griff"},"content":{"rendered":"","protected":false},"excerpt":{"rendered":"<p>AMT Gastroguss Pfanne.<br \/>\n<strong>Abnehmbarer Griff.<\/strong><br \/>\nHerd: <strong>Induktion<\/strong> + Gas, Elektrizit\u00e4t, Keramik, Halogen.<br \/>\nMaterial: Handgeformtes Aluminium.<br \/>\nDurchmesser: 20 cm. Inhalt &gt; 2 Liter.<br \/>\nZwei Ausgie\u00dfer.<br \/>\n&#8211; Aus dem Vollen gegossene Gewindeh\u00fclse f\u00fcr eine dauerhafte Befestigung des Griffs.<br \/>\n&#8211; Besonders dicker Boden (8 bis 10 mm) f\u00fcr optimale W\u00e4rmeleitung und -speicherung.<br \/>\n&#8211; Perfekt flacher und geh\u00e4rteter Au\u00dfenboden f\u00fcr einen optimalen Kontakt mit dem Kochfeld.<br \/>\n&#8211; &#8211; Der Boden des Kochgeschirrs ist aus dem Vollen gegossen und sorgt f\u00fcr einen optimalen Kontakt mit dem Kochfeld. &#8211; Der Boden des Kochgeschirrs ist aus dem Vollen gegossen und sorgt f\u00fcr eine optimale W\u00e4rme\u00fcbertragung. Die von AMT Gastroguss entwickelte Lotan\u00ae-Beschichtung erm\u00f6glicht ein fettfreies Kochen und vereinfacht die Reinigung.<br \/>\n&#8211; Verst\u00e4rkter Ausguss.<br \/>\n&#8211; AMT Gastroguss ist offizieller Lieferant der Nationalmannschaft der Gastronomiek\u00f6che.<br \/>\n&#8211; Made in Germany. <\/p>\n","protected":false},"featured_media":14170,"template":"","meta":[],"location":[1160],"product_brand":[],"product_cat":[2197,2147,2157,2196],"product_tag":[2198,2158,2200],"class_list":{"0":"post-14167","1":"product","2":"type-product","3":"status-publish","4":"has-post-thumbnail","6":"location-p111","7":"product_cat-abnehmbarer-griff","8":"product_cat-amt-gastroguss-de","9":"product_cat-induktion","10":"product_cat-pfanne","11":"product_tag-abnehmbarer-griff","12":"product_tag-induktion","13":"product_tag-pfanne","15":"first","16":"instock","17":"shipping-taxable","18":"purchasable","19":"product-type-simple"},"supplier_id":9072,"supplier_sku":"I-1120-Z20B","barcode":"4250194627460","atum_controlled":true,"out_stock_date":null,"out_stock_threshold":null,"inheritable":false,"inbound_stock":0,"stock_on_hold":0,"sold_today":0,"sales_last_days":0,"reserved_stock":0,"customer_returns":0,"warehouse_damage":0,"lost_in_post":0,"other_logs":0,"out_stock_days":0,"lost_sales":0,"has_location":false,"update_date":"2025-07-19T06:26:27","atum_locations":[{"id":749,"name":"P111","slug":"p111"}],"atum_stock_status":"instock","restock_status":false,"low_stock_amount":"","sales_update_date":"2025-07-19T06:26:27","calc_backorders":0,"locations":[],"_links":{"self":[{"href":"https:\/\/delices.lu\/de\/wp-json\/wp\/v2\/product\/14167","targetHints":{"allow":["GET"]}}],"collection":[{"href":"https:\/\/delices.lu\/de\/wp-json\/wp\/v2\/product"}],"about":[{"href":"https:\/\/delices.lu\/de\/wp-json\/wp\/v2\/types\/product"}],"wp:featuredmedia":[{"embeddable":true,"href":"https:\/\/delices.lu\/de\/wp-json\/wp\/v2\/media\/14170"}],"wp:attachment":[{"href":"https:\/\/delices.lu\/de\/wp-json\/wp\/v2\/media?parent=14167"}],"wp:term":[{"taxonomy":"location","embeddable":true,"href":"https:\/\/delices.lu\/de\/wp-json\/wp\/v2\/location?post=14167"},{"taxonomy":"product_brand","embeddable":true,"href":"https:\/\/delices.lu\/de\/wp-json\/wp\/v2\/product_brand?post=14167"},{"taxonomy":"product_cat","embeddable":true,"href":"https:\/\/delices.lu\/de\/wp-json\/wp\/v2\/product_cat?post=14167"},{"taxonomy":"product_tag","embeddable":true,"href":"https:\/\/delices.lu\/de\/wp-json\/wp\/v2\/product_tag?post=14167"}],"curies":[{"name":"wp","href":"https:\/\/api.w.org\/{rel}","templated":true}]}}