{"id":14181,"date":"2024-05-02T00:00:28","date_gmt":"2025-03-20T10:34:07","guid":{"rendered":"https:\/\/delices.lu\/produit\/newwave-stars-tasse-wassermann\/"},"modified":"2025-03-20T11:34:07","modified_gmt":"2025-03-20T10:34:07","slug":"newwave-stars-tasse-wassermann","status":"publish","type":"product","link":"https:\/\/delices.lu\/de\/produit\/newwave-stars-tasse-wassermann\/","title":{"rendered":"NewWave Stars Tasse Wassermann"},"content":{"rendered":"<p><strong>Sch\u00f6ne Tasse mit einem Sternzeichen<\/strong><br \/>\nUnsere NewWave Stars Kollektion steht unter einem guten Stern. Verschenken Sie feinstes Porzellan mit dem pers\u00f6nlichen Tierkreiszeichen Ihrer Lieben, Freunde, Kollegen oder machen Sie sich selbst eine wunderbare Freude. Diese h\u00fcbsche Tasse zeigt das Sternzeichen Wassermann. Sein hochwertiges Echtgoldmuster hebt sich sch\u00f6n vom dunkelblauen, kunstvollen Nachthimmel ab. Ber\u00fchren Sie die Sterne!<\/p>\n","protected":false},"excerpt":{"rendered":"<p>Premium Porcelain<br \/>\nca. 300 ml<br \/>\nblau<br \/>\nGeschirrsp\u00fclmaschinenfest: Ja<br \/>\nMikrowellenfest: Nein<br \/>\nRef: 1016165811<\/p>\n","protected":false},"featured_media":14183,"template":"","meta":[],"location":[959],"product_brand":[],"product_cat":[2163,1309,2184],"product_tag":[2168,1154,2187,2165,2202,2185],"class_list":{"0":"post-14181","1":"product","2":"type-product","3":"status-publish","4":"has-post-thumbnail","6":"location-0-shop","7":"product_cat-tasse-krug","8":"product_cat-villeroy-boch-de","9":"product_cat-zodiak","10":"product_tag-krug-de","11":"product_tag-mug-becher","12":"product_tag-newwave-stars-de","13":"product_tag-tasse-de","14":"product_tag-wassermann","15":"product_tag-zodiak","17":"first","18":"instock","19":"shipping-taxable","20":"purchasable","21":"product-type-simple"},"supplier_id":9071,"supplier_sku":"1016165811","barcode":"4003686393844","atum_controlled":true,"out_stock_date":null,"out_stock_threshold":0,"inheritable":false,"inbound_stock":0,"stock_on_hold":0,"sold_today":0,"sales_last_days":0,"reserved_stock":0,"customer_returns":0,"warehouse_damage":0,"lost_in_post":0,"other_logs":0,"out_stock_days":0,"lost_sales":0,"has_location":false,"update_date":"2025-07-19T06:26:28","atum_locations":[{"id":960,"name":"0 SHOP","slug":"0-shop"}],"atum_stock_status":"instock","restock_status":false,"low_stock_amount":"","sales_update_date":"2025-07-19T06:26:28","calc_backorders":0,"locations":[],"_links":{"self":[{"href":"https:\/\/delices.lu\/de\/wp-json\/wp\/v2\/product\/14181","targetHints":{"allow":["GET"]}}],"collection":[{"href":"https:\/\/delices.lu\/de\/wp-json\/wp\/v2\/product"}],"about":[{"href":"https:\/\/delices.lu\/de\/wp-json\/wp\/v2\/types\/product"}],"wp:featuredmedia":[{"embeddable":true,"href":"https:\/\/delices.lu\/de\/wp-json\/wp\/v2\/media\/14183"}],"wp:attachment":[{"href":"https:\/\/delices.lu\/de\/wp-json\/wp\/v2\/media?parent=14181"}],"wp:term":[{"taxonomy":"location","embeddable":true,"href":"https:\/\/delices.lu\/de\/wp-json\/wp\/v2\/location?post=14181"},{"taxonomy":"product_brand","embeddable":true,"href":"https:\/\/delices.lu\/de\/wp-json\/wp\/v2\/product_brand?post=14181"},{"taxonomy":"product_cat","embeddable":true,"href":"https:\/\/delices.lu\/de\/wp-json\/wp\/v2\/product_cat?post=14181"},{"taxonomy":"product_tag","embeddable":true,"href":"https:\/\/delices.lu\/de\/wp-json\/wp\/v2\/product_tag?post=14181"}],"curies":[{"name":"wp","href":"https:\/\/api.w.org\/{rel}","templated":true}]}}