{"id":14194,"date":"2024-10-24T00:00:06","date_gmt":"2025-03-20T10:34:15","guid":{"rendered":"https:\/\/delices.lu\/produit\/wok-o-32-cm-abnehmbarer-griff\/"},"modified":"2025-03-20T11:34:15","modified_gmt":"2025-03-20T10:34:15","slug":"wok-o-32-cm-abnehmbarer-griff","status":"publish","type":"product","link":"https:\/\/delices.lu\/de\/produit\/wok-o-32-cm-abnehmbarer-griff\/","title":{"rendered":"Wok \u00d8 32 cm &#8211; abnehmbarer Griff"},"content":{"rendered":"","protected":false},"excerpt":{"rendered":"<p>AMT Gastroguss Wok.<br \/>\n<strong>Abnehmbarer Griff.<\/strong><br \/>\nHerd: <strong>Induktion<\/strong> + Gas, Elektrizit\u00e4t, Keramik, Halogen.<br \/>\nMaterial: Handgeformtes Aluminium.<br \/>\nDurchmesser: 32 cm.<br \/>\nH\u00f6he: 9 cm.<br \/>\n&#8211; Aus dem Vollen gegossene Gewindeh\u00fclse f\u00fcr eine dauerhafte Befestigung des Griffs.<br \/>\n&#8211; Besonders dicker Boden (8-10 mm) f\u00fcr eine optimale W\u00e4rmeleitung und -speicherung.<br \/>\n&#8211; Perfekt flacher und geh\u00e4rteter Au\u00dfenboden f\u00fcr einen optimalen Kontakt mit dem Kochfeld.<br \/>\n&#8211; Die von AMT Gastroguss entwickelte Lotan\u00ae-Beschichtung erm\u00f6glicht ein fettfreies Kochen und vereinfacht die Reinigung.<br \/>\n&#8211; Verst\u00e4rkter Ausguss.<br \/>\n&#8211; AMT Gastrogu\u00df ist der offizielle Lieferant des Nationalteams der Gastronomiek\u00f6che.<br \/>\n&#8211; Made in Germany.<\/p>\n","protected":false},"featured_media":14195,"template":"","meta":[],"location":[1188],"product_brand":[],"product_cat":[2197,2147,2154,2157,2204],"product_tag":[2198,2158,2205],"class_list":{"0":"post-14194","1":"product","2":"type-product","3":"status-publish","4":"has-post-thumbnail","6":"location-p231","7":"product_cat-abnehmbarer-griff","8":"product_cat-amt-gastroguss-de","9":"product_cat-bratpfanne","10":"product_cat-induktion","11":"product_cat-wok-de","12":"product_tag-abnehmbarer-griff","13":"product_tag-induktion","14":"product_tag-wok-de","16":"first","17":"instock","18":"shipping-taxable","19":"purchasable","20":"product-type-simple"},"supplier_id":9072,"supplier_sku":"I-1132S-Z20B","barcode":"4250194627965","atum_controlled":true,"out_stock_date":"2024-10-24 17:45:26","out_stock_threshold":null,"inheritable":false,"inbound_stock":0,"stock_on_hold":0,"sold_today":0,"sales_last_days":0,"reserved_stock":0,"customer_returns":0,"warehouse_damage":0,"lost_in_post":0,"other_logs":0,"out_stock_days":267,"lost_sales":0,"has_location":false,"update_date":"2025-07-19T06:26:41","atum_locations":[{"id":768,"name":"P231","slug":"p231"}],"atum_stock_status":"onbackorder","restock_status":false,"low_stock_amount":"","sales_update_date":"2025-07-19T06:26:41","calc_backorders":0,"locations":[],"_links":{"self":[{"href":"https:\/\/delices.lu\/de\/wp-json\/wp\/v2\/product\/14194","targetHints":{"allow":["GET"]}}],"collection":[{"href":"https:\/\/delices.lu\/de\/wp-json\/wp\/v2\/product"}],"about":[{"href":"https:\/\/delices.lu\/de\/wp-json\/wp\/v2\/types\/product"}],"wp:featuredmedia":[{"embeddable":true,"href":"https:\/\/delices.lu\/de\/wp-json\/wp\/v2\/media\/14195"}],"wp:attachment":[{"href":"https:\/\/delices.lu\/de\/wp-json\/wp\/v2\/media?parent=14194"}],"wp:term":[{"taxonomy":"location","embeddable":true,"href":"https:\/\/delices.lu\/de\/wp-json\/wp\/v2\/location?post=14194"},{"taxonomy":"product_brand","embeddable":true,"href":"https:\/\/delices.lu\/de\/wp-json\/wp\/v2\/product_brand?post=14194"},{"taxonomy":"product_cat","embeddable":true,"href":"https:\/\/delices.lu\/de\/wp-json\/wp\/v2\/product_cat?post=14194"},{"taxonomy":"product_tag","embeddable":true,"href":"https:\/\/delices.lu\/de\/wp-json\/wp\/v2\/product_tag?post=14194"}],"curies":[{"name":"wp","href":"https:\/\/api.w.org\/{rel}","templated":true}]}}