{"id":14241,"date":"2025-03-15T00:00:07","date_gmt":"2025-03-20T10:44:11","guid":{"rendered":"https:\/\/delices.lu\/produit\/spring-awakening-eierbecher-und-untertasse\/"},"modified":"2025-03-20T11:44:11","modified_gmt":"2025-03-20T10:44:11","slug":"spring-awakening-eierbecher-und-untertasse","status":"publish","type":"product","link":"https:\/\/delices.lu\/de\/produit\/spring-awakening-eierbecher-und-untertasse\/","title":{"rendered":"Spring Awakening &#8211; Eierbecher und Untertasse"},"content":{"rendered":"<p><strong>Eierbecher mit sch\u00f6nem Fr\u00fchlingsmotiv<\/strong><br \/>\nMit Narzissen, Schneegl\u00f6ckchen und Glockenblumen bringt die Spring Awakening Kollektion den Fr\u00fchling in Ihr Zuhause. Das detailreiche Dekor ist besonders sch\u00f6n zum Sammeln und Verschenken. Dieser Eierbecher mit der passenden Spring Awakening Untertasse ist genau das Richtige f\u00fcr ein gem\u00fctliches Osterfr\u00fchst\u00fcck oder einen gemeinsamen Brunch mit der Familie. Der Artikel wird in einer Ostergeschenkverpackung geliefert. Genie\u00dfen Sie das Osterfest mit Ihren Lieben.    <\/p>\n","protected":false},"excerpt":{"rendered":"<p><strong>Spring Awakening &#8211; Eierbecher mit Untertasse<\/strong><br \/>\nMATERIAL: Premium Porcelain<br \/>\nGR\u00d6\u00dfE . ca. 30 ml<br \/>\nFARBE: gelb gr\u00fcn<br \/>\nGARANTIE SP\u00dcLMASCHINENGARANTIE: Nein<br \/>\nMIKROWELLENKOMPATIBILIT\u00c4T: Ja<br \/>\nREF. ARTIKEL: 1486381960  <\/p>\n<p>&nbsp;<\/p>\n","protected":false},"featured_media":14242,"template":"","meta":[],"location":[979],"product_brand":[],"product_cat":[1354,740,1310,1357,1309],"product_tag":[1360,2226,1314,2227],"class_list":{"0":"post-14241","1":"product","2":"type-product","3":"status-publish","4":"has-post-thumbnail","6":"location-07-2","7":"product_cat-art-de-la-table-de","8":"product_cat-fruehling","9":"product_cat-ostern","10":"product_cat-spring-awakening-de","11":"product_cat-villeroy-boch-de","12":"product_tag-decors-de-paques-de","13":"product_tag-eierbecher","14":"product_tag-oeuf-de","15":"product_tag-untertasse","17":"first","18":"instock","19":"sold-individually","20":"shipping-taxable","21":"purchasable","22":"product-type-simple"},"supplier_id":9071,"supplier_sku":"1486381960","barcode":"4003686","atum_controlled":true,"out_stock_date":null,"out_stock_threshold":0,"inheritable":false,"inbound_stock":0,"stock_on_hold":0,"sold_today":0,"sales_last_days":0,"reserved_stock":0,"customer_returns":0,"warehouse_damage":null,"lost_in_post":0,"other_logs":0,"out_stock_days":0,"lost_sales":0,"has_location":true,"update_date":"2025-07-19T06:26:47","atum_locations":[{"id":850,"name":"072","slug":"072"}],"atum_stock_status":"instock","restock_status":false,"low_stock_amount":"","sales_update_date":"2025-07-19T06:26:47","calc_backorders":0,"locations":[],"_links":{"self":[{"href":"https:\/\/delices.lu\/de\/wp-json\/wp\/v2\/product\/14241","targetHints":{"allow":["GET"]}}],"collection":[{"href":"https:\/\/delices.lu\/de\/wp-json\/wp\/v2\/product"}],"about":[{"href":"https:\/\/delices.lu\/de\/wp-json\/wp\/v2\/types\/product"}],"wp:featuredmedia":[{"embeddable":true,"href":"https:\/\/delices.lu\/de\/wp-json\/wp\/v2\/media\/14242"}],"wp:attachment":[{"href":"https:\/\/delices.lu\/de\/wp-json\/wp\/v2\/media?parent=14241"}],"wp:term":[{"taxonomy":"location","embeddable":true,"href":"https:\/\/delices.lu\/de\/wp-json\/wp\/v2\/location?post=14241"},{"taxonomy":"product_brand","embeddable":true,"href":"https:\/\/delices.lu\/de\/wp-json\/wp\/v2\/product_brand?post=14241"},{"taxonomy":"product_cat","embeddable":true,"href":"https:\/\/delices.lu\/de\/wp-json\/wp\/v2\/product_cat?post=14241"},{"taxonomy":"product_tag","embeddable":true,"href":"https:\/\/delices.lu\/de\/wp-json\/wp\/v2\/product_tag?post=14241"}],"curies":[{"name":"wp","href":"https:\/\/api.w.org\/{rel}","templated":true}]}}