{"id":14245,"date":"2024-06-08T00:00:56","date_gmt":"2025-03-20T10:44:11","guid":{"rendered":"https:\/\/delices.lu\/produit\/coffee-gin-likoer\/"},"modified":"2025-03-20T11:44:11","modified_gmt":"2025-03-20T10:44:11","slug":"coffee-gin-likoer","status":"publish","type":"product","link":"https:\/\/delices.lu\/de\/produit\/coffee-gin-likoer\/","title":{"rendered":"Coffee Gin Lik\u00f6r"},"content":{"rendered":"<p>Die Idee f\u00fcr Opyos Coffee Gin Liqueur wurde durch unsere Wertsch\u00e4tzung f\u00fcr einen guten Espresso Martini ausgel\u00f6st. Kurz danach begannen wir nach einem Kaffee zu suchen, der am besten zu unserem Opyos Luxembourg Dry Gin passen w\u00fcrde und kontaktierten die Moulin Dieschbourg, einen Kaffeer\u00f6ster gleich um die Ecke. Die Kaffeebohnen, die ultimativ ausgew\u00e4hlt wurden, sind 100% Arabica, organisch, Fair Trade Kaffeebohnen, die in der Sidamo-Region in \u00c4thiopien auf einer H\u00f6he von 1400 bis 2200 Metern wachsen.  <\/p>\n<p>Nachdem die Bohnen auf den gew\u00fcnschten Grad ger\u00f6stet wurden, stellen wir das wichtigste Element dieses Produkts her: kalt gebr\u00fchten Kaffee. Sobald der Kaltbr\u00fchkaffee fertig ist, mischen wir ihn mit unserem Opyos Luxembourg Dry Gin und Rohzuckerrohr. Wie immer chillen wir nicht und f\u00fcgen auch nichts Unnat\u00fcrliches hinzu, bevor wir diesen Lik\u00f6r mit 20% vol. abf\u00fcllen.  <\/p>\n","protected":false},"excerpt":{"rendered":"<p><strong>50 cl \/ 20% vol<\/strong><\/p>\n<p>Opyos Coffee Gin Liqueur wird durch das Mischen von Cold Brew Coffee mit unserem klassischen Dry Gin hergestellt. Die organischen, fair gehandelten Kaffeebohnen aus der Sidamo-Region in \u00c4thiopien werden in Luxemburg ger\u00f6stet, bevor sie bis zu dem Grad ger\u00f6stet werden, den wir f\u00fcr die Herstellung unseres Kaltbr\u00fchkaffees ben\u00f6tigen. Dieser Kaltbr\u00fchkaffee wird dann mit unserem Opyos Luxembourg Dry Gin und Rohzuckerrohr gemischt, was zu einer wunderbar ausgewogenen Palette von Aromen f\u00fchrt, die sich durch vollmundig-fruchtige Kaffeenoten und weiche Juniper-Aromen auszeichnet.  <\/p>\n","protected":false},"featured_media":14246,"template":"","meta":[],"location":[959],"product_brand":[],"product_cat":[2214,2216,2213],"product_tag":[2228,2219,2229,2215,2217],"class_list":{"0":"post-14245","1":"product","2":"type-product","3":"status-publish","4":"has-post-thumbnail","6":"location-0-shop","7":"product_cat-gin-de","8":"product_cat-likor","9":"product_cat-opyos-de","10":"product_tag-coffee-de","11":"product_tag-gin-de","12":"product_tag-likor","13":"product_tag-luxemburg","14":"product_tag-opyos-de","16":"first","17":"instock","18":"shipping-taxable","19":"purchasable","20":"product-type-simple"},"supplier_id":11951,"supplier_sku":"ART4","barcode":null,"atum_controlled":true,"out_stock_date":null,"out_stock_threshold":0,"inheritable":false,"inbound_stock":0,"stock_on_hold":0,"sold_today":0,"sales_last_days":0,"reserved_stock":0,"customer_returns":0,"warehouse_damage":null,"lost_in_post":0,"other_logs":0,"out_stock_days":0,"lost_sales":0,"has_location":false,"update_date":"2025-07-19T06:26:23","atum_locations":[{"id":960,"name":"0 SHOP","slug":"0-shop"}],"atum_stock_status":"instock","restock_status":false,"low_stock_amount":"","sales_update_date":"2025-07-19T06:26:23","calc_backorders":0,"locations":[],"_links":{"self":[{"href":"https:\/\/delices.lu\/de\/wp-json\/wp\/v2\/product\/14245","targetHints":{"allow":["GET"]}}],"collection":[{"href":"https:\/\/delices.lu\/de\/wp-json\/wp\/v2\/product"}],"about":[{"href":"https:\/\/delices.lu\/de\/wp-json\/wp\/v2\/types\/product"}],"wp:featuredmedia":[{"embeddable":true,"href":"https:\/\/delices.lu\/de\/wp-json\/wp\/v2\/media\/14246"}],"wp:attachment":[{"href":"https:\/\/delices.lu\/de\/wp-json\/wp\/v2\/media?parent=14245"}],"wp:term":[{"taxonomy":"location","embeddable":true,"href":"https:\/\/delices.lu\/de\/wp-json\/wp\/v2\/location?post=14245"},{"taxonomy":"product_brand","embeddable":true,"href":"https:\/\/delices.lu\/de\/wp-json\/wp\/v2\/product_brand?post=14245"},{"taxonomy":"product_cat","embeddable":true,"href":"https:\/\/delices.lu\/de\/wp-json\/wp\/v2\/product_cat?post=14245"},{"taxonomy":"product_tag","embeddable":true,"href":"https:\/\/delices.lu\/de\/wp-json\/wp\/v2\/product_tag?post=14245"}],"curies":[{"name":"wp","href":"https:\/\/api.w.org\/{rel}","templated":true}]}}