{"id":14251,"date":"2024-04-23T00:00:09","date_gmt":"2025-03-20T10:44:12","guid":{"rendered":"https:\/\/delices.lu\/produit\/rose-garden-set-bestehend-aus-2-bechern-290-ml-weiss-rosa\/"},"modified":"2025-03-20T11:44:12","modified_gmt":"2025-03-20T10:44:12","slug":"rose-garden-set-bestehend-aus-2-bechern-290-ml-weiss-rosa","status":"publish","type":"product","link":"https:\/\/delices.lu\/de\/produit\/rose-garden-set-bestehend-aus-2-bechern-290-ml-weiss-rosa\/","title":{"rendered":"Rose Garden &#8211; Set bestehend aus 2 Bechern, 290 ml, wei\u00df\/rosa"},"content":{"rendered":"<p><strong>Fr\u00fchlingshafte Genussmomente mit Rose Garden<\/strong><br \/>\nInspiriert vom Fr\u00fchling und romantischen Roseng\u00e4rten, schafft diese Kollektion die perfekte Atmosph\u00e4re f\u00fcr sch\u00f6ne Momente. Mit ihrem Blumenmuster eignen sich diese Premium Porcelain Becher perfekt f\u00fcr Feiertage wie Ostern oder Muttertag! Genie\u00dfen Sie romantische Momente &#8211; mit der Rose Garden Kollektion.  <\/p>\n","protected":false},"excerpt":{"rendered":"<p>MATERIAL: Hochwertiges Porzellan<br \/>\nGR\u00d6\u00dfE: ca. 290 ml<br \/>\nFARBE: zartrosa, wei\u00df<br \/>\nGARANTIERT SP\u00dcLMASCHINENGARANTIE: Ja<br \/>\nMIKROWELLENKOMPATIBEL: Ja<br \/>\nREF. ARTIKEL: 1042878403 <\/p>\n","protected":false},"featured_media":14255,"template":"","meta":[],"location":[],"product_brand":[],"product_cat":[2235,2163,1309],"product_tag":[2168,1154,2239,2236,2238],"class_list":{"0":"post-14251","1":"product","2":"type-product","3":"status-publish","4":"has-post-thumbnail","6":"product_cat-tasse-de","7":"product_cat-tasse-krug","8":"product_cat-villeroy-boch-de","9":"product_tag-krug-de","10":"product_tag-mug-becher","11":"product_tag-rosengarten","12":"product_tag-set-aus-2-mugs","13":"product_tag-tasse-ohne-henkel","15":"first","16":"instock","17":"shipping-taxable","18":"purchasable","19":"product-type-simple"},"supplier_id":9071,"supplier_sku":"1042878403","barcode":"4003686","atum_controlled":true,"out_stock_date":"2024-04-23 14:46:39","out_stock_threshold":0,"inheritable":false,"inbound_stock":0,"stock_on_hold":0,"sold_today":0,"sales_last_days":0,"reserved_stock":0,"customer_returns":0,"warehouse_damage":null,"lost_in_post":0,"other_logs":0,"out_stock_days":451,"lost_sales":0,"has_location":false,"update_date":"2025-07-19T06:26:21","atum_locations":[],"atum_stock_status":"onbackorder","restock_status":false,"low_stock_amount":"","sales_update_date":"2025-07-19T06:26:21","calc_backorders":0,"locations":[],"_links":{"self":[{"href":"https:\/\/delices.lu\/de\/wp-json\/wp\/v2\/product\/14251","targetHints":{"allow":["GET"]}}],"collection":[{"href":"https:\/\/delices.lu\/de\/wp-json\/wp\/v2\/product"}],"about":[{"href":"https:\/\/delices.lu\/de\/wp-json\/wp\/v2\/types\/product"}],"wp:featuredmedia":[{"embeddable":true,"href":"https:\/\/delices.lu\/de\/wp-json\/wp\/v2\/media\/14255"}],"wp:attachment":[{"href":"https:\/\/delices.lu\/de\/wp-json\/wp\/v2\/media?parent=14251"}],"wp:term":[{"taxonomy":"location","embeddable":true,"href":"https:\/\/delices.lu\/de\/wp-json\/wp\/v2\/location?post=14251"},{"taxonomy":"product_brand","embeddable":true,"href":"https:\/\/delices.lu\/de\/wp-json\/wp\/v2\/product_brand?post=14251"},{"taxonomy":"product_cat","embeddable":true,"href":"https:\/\/delices.lu\/de\/wp-json\/wp\/v2\/product_cat?post=14251"},{"taxonomy":"product_tag","embeddable":true,"href":"https:\/\/delices.lu\/de\/wp-json\/wp\/v2\/product_tag?post=14251"}],"curies":[{"name":"wp","href":"https:\/\/api.w.org\/{rel}","templated":true}]}}