{"id":14260,"date":"2025-09-13T00:00:07","date_gmt":"2025-09-12T22:00:07","guid":{"rendered":"https:\/\/delices.lu\/produit\/lave-gris-kleine-graue-tiefe-schale-aus-steingut\/"},"modified":"2025-03-20T11:44:13","modified_gmt":"2025-03-20T10:44:13","slug":"lave-gris-kleine-graue-tiefe-schale-aus-steingut","status":"publish","type":"product","link":"https:\/\/delices.lu\/de\/produit\/lave-gris-kleine-graue-tiefe-schale-aus-steingut\/","title":{"rendered":"Lave Gris &#8211; Kleine, graue, tiefe Schale aus Steingut"},"content":{"rendered":"<p><strong>Eine vielseitige und originelle kleine tiefe Schale<\/strong><br \/>\nDiese graue Schale wird schnell zu Ihrem t\u00e4glichen Begleiter werden, sie ist sp\u00fclmaschinenfest und mikrowellengeeignet. Warum nicht die Glasur und die Nuancen dieser runden, tiefen Schale beibehalten und ein komplettes Geschirrset aus der gleichen Kollektion zusammenstellen? Mit der Servierplatte aus Steingut, den Bechern und Kaffeetassen oder den Tellern k\u00f6nnen Sie die Farben mischen und sich am\u00fcsieren! Wenn es ein Must-Have in Ihrem Schrank gibt, dann ist es diese h\u00fcbsche, tiefe, graue Keramikschale. Sie k\u00f6nnen sie als kleinen tiefen Teller verwenden, um Ihre Suppen, Vorspeisen und sogar Desserts zu servieren. Diese moderne Schale kann auch als Sch\u00fcssel f\u00fcr So\u00dfen oder zum Servieren von k\u00f6stlichem, selbstgemachtem Hummus verwendet werden! Unterstreichen Sie Ihren pers\u00f6nlichen Stil mit einem au\u00dfergew\u00f6hnlichen Geschirrdesign.      <\/p>\n","protected":false},"excerpt":{"rendered":"<p>MATERIAL: Steingut<br \/>\nDURCHMESSER: ca. 210 mm<br \/>\nFARBE: grau<br \/>\nGARANTIE SP\u00dcLMASCHINENGARANTIE: Ja<br \/>\nMIKROWELLENKOMPATIBEL: Ja<br \/>\nREF. ARTIKEL: 1042593810 <\/p>\n","protected":false},"featured_media":14262,"template":"","meta":[],"location":[959],"product_brand":[],"product_cat":[1354,1356,2242,2231,1309],"product_tag":[1358,2246,2245,2247,2244,2243],"class_list":{"0":"post-14260","1":"product","2":"type-product","3":"status-publish","4":"has-post-thumbnail","6":"location-0-shop","7":"product_cat-art-de-la-table-de","8":"product_cat-coupe-de","9":"product_cat-schussel","10":"product_cat-teller","11":"product_cat-villeroy-boch-de","12":"product_tag-coupe-de","13":"product_tag-flacher-schnitt","14":"product_tag-grau","15":"product_tag-lava-grau","16":"product_tag-sandstein","17":"product_tag-schussel","19":"first","20":"instock","21":"shipping-taxable","22":"purchasable","23":"product-type-simple"},"supplier_id":9071,"supplier_sku":"1042593810","barcode":"4003686373457","atum_controlled":true,"out_stock_date":null,"out_stock_threshold":0,"inheritable":false,"inbound_stock":0,"stock_on_hold":0,"sold_today":0,"sales_last_days":0,"reserved_stock":0,"customer_returns":0,"warehouse_damage":null,"lost_in_post":0,"other_logs":0,"out_stock_days":0,"lost_sales":0,"has_location":false,"update_date":"2025-09-28T04:44:58","atum_locations":[{"id":960,"name":"0 SHOP","slug":"0-shop"}],"atum_stock_status":"instock","restock_status":false,"low_stock_amount":"","sales_update_date":"2025-07-19T06:26:25","calc_backorders":0,"locations":[],"_links":{"self":[{"href":"https:\/\/delices.lu\/de\/wp-json\/wp\/v2\/product\/14260","targetHints":{"allow":["GET"]}}],"collection":[{"href":"https:\/\/delices.lu\/de\/wp-json\/wp\/v2\/product"}],"about":[{"href":"https:\/\/delices.lu\/de\/wp-json\/wp\/v2\/types\/product"}],"wp:featuredmedia":[{"embeddable":true,"href":"https:\/\/delices.lu\/de\/wp-json\/wp\/v2\/media\/14262"}],"wp:attachment":[{"href":"https:\/\/delices.lu\/de\/wp-json\/wp\/v2\/media?parent=14260"}],"wp:term":[{"taxonomy":"location","embeddable":true,"href":"https:\/\/delices.lu\/de\/wp-json\/wp\/v2\/location?post=14260"},{"taxonomy":"product_brand","embeddable":true,"href":"https:\/\/delices.lu\/de\/wp-json\/wp\/v2\/product_brand?post=14260"},{"taxonomy":"product_cat","embeddable":true,"href":"https:\/\/delices.lu\/de\/wp-json\/wp\/v2\/product_cat?post=14260"},{"taxonomy":"product_tag","embeddable":true,"href":"https:\/\/delices.lu\/de\/wp-json\/wp\/v2\/product_tag?post=14260"}],"curies":[{"name":"wp","href":"https:\/\/api.w.org\/{rel}","templated":true}]}}