{"id":14270,"date":"2024-10-10T00:00:14","date_gmt":"2025-03-20T10:44:14","guid":{"rendered":"https:\/\/delices.lu\/produit\/crafted-breeze-fruehstuecksteller-%e2%8c%8021-cm-gruen\/"},"modified":"2025-03-20T11:44:14","modified_gmt":"2025-03-20T10:44:14","slug":"crafted-breeze-fruehstuecksteller-%e2%8c%8021-cm-gruen","status":"publish","type":"product","link":"https:\/\/delices.lu\/de\/produit\/crafted-breeze-fruehstuecksteller-%e2%8c%8021-cm-gruen\/","title":{"rendered":"Crafted Breeze &#8211; Fr\u00fchst\u00fccksteller, \u230021 cm, gr\u00fcn"},"content":{"rendered":"<p><strong>Ein guter Start in den Tag<\/strong><br \/>\nAu\u00dfen handwerklich, innen raffiniert: Das ist die Crafted-Kollektion von like. by Villeroy &amp; Boch. Dank der speziellen reaktiven Glasur ist jedes St\u00fcck ein Unikat und verleiht dem Tisch eine pers\u00f6nliche Note. Ideal f\u00fcr das leckere Marmeladenbrot am Morgen, aber auch f\u00fcr den Brunch und das Abendessen. Holen Sie sich den rustikalen Charme auf Ihren Tisch.    <\/p>\n","protected":false},"excerpt":{"rendered":"<p>MATERIAL: Hochwertiges Porzellan<br \/>\nDURCHMESSER: ca. 210 mm<br \/>\nFARBE: gr\u00fcn<br \/>\nGARANTIERT SP\u00dcLMASCHINENGARANTIE: Ja<br \/>\nMIKROWELLENKOMPATIBEL: Ja<br \/>\nREF. ARTIKEL:1951672640 <\/p>\n","protected":false},"featured_media":14272,"template":"","meta":[],"location":[959],"product_brand":[],"product_cat":[1354,2231,1309],"product_tag":[2252,2250,2251,2248],"class_list":{"0":"post-14270","1":"product","2":"type-product","3":"status-publish","4":"has-post-thumbnail","6":"location-0-shop","7":"product_cat-art-de-la-table-de","8":"product_cat-teller","9":"product_cat-villeroy-boch-de","10":"product_tag-crafted-breeze-de","11":"product_tag-dessertteller","12":"product_tag-grun","13":"product_tag-teller","15":"first","16":"instock","17":"shipping-taxable","18":"purchasable","19":"product-type-simple"},"supplier_id":9071,"supplier_sku":"1951672640","barcode":"4003686397040","atum_controlled":true,"out_stock_date":"2024-10-11 10:46:52","out_stock_threshold":0,"inheritable":false,"inbound_stock":0,"stock_on_hold":0,"sold_today":0,"sales_last_days":0,"reserved_stock":0,"customer_returns":0,"warehouse_damage":null,"lost_in_post":0,"other_logs":0,"out_stock_days":280,"lost_sales":0,"has_location":false,"update_date":"2025-07-19T06:26:41","atum_locations":[{"id":960,"name":"0 SHOP","slug":"0-shop"}],"atum_stock_status":"onbackorder","restock_status":false,"low_stock_amount":"","sales_update_date":"2025-07-19T06:26:41","calc_backorders":0,"locations":[],"_links":{"self":[{"href":"https:\/\/delices.lu\/de\/wp-json\/wp\/v2\/product\/14270","targetHints":{"allow":["GET"]}}],"collection":[{"href":"https:\/\/delices.lu\/de\/wp-json\/wp\/v2\/product"}],"about":[{"href":"https:\/\/delices.lu\/de\/wp-json\/wp\/v2\/types\/product"}],"wp:featuredmedia":[{"embeddable":true,"href":"https:\/\/delices.lu\/de\/wp-json\/wp\/v2\/media\/14272"}],"wp:attachment":[{"href":"https:\/\/delices.lu\/de\/wp-json\/wp\/v2\/media?parent=14270"}],"wp:term":[{"taxonomy":"location","embeddable":true,"href":"https:\/\/delices.lu\/de\/wp-json\/wp\/v2\/location?post=14270"},{"taxonomy":"product_brand","embeddable":true,"href":"https:\/\/delices.lu\/de\/wp-json\/wp\/v2\/product_brand?post=14270"},{"taxonomy":"product_cat","embeddable":true,"href":"https:\/\/delices.lu\/de\/wp-json\/wp\/v2\/product_cat?post=14270"},{"taxonomy":"product_tag","embeddable":true,"href":"https:\/\/delices.lu\/de\/wp-json\/wp\/v2\/product_tag?post=14270"}],"curies":[{"name":"wp","href":"https:\/\/api.w.org\/{rel}","templated":true}]}}