{"id":14271,"date":"2024-04-19T00:00:31","date_gmt":"2025-03-20T10:44:14","guid":{"rendered":"https:\/\/delices.lu\/produit\/crafted-denim-suppenteller-%e2%8c%8022-cm-blau\/"},"modified":"2025-03-20T11:44:14","modified_gmt":"2025-03-20T10:44:14","slug":"crafted-denim-suppenteller-%e2%8c%8022-cm-blau","status":"publish","type":"product","link":"https:\/\/delices.lu\/de\/produit\/crafted-denim-suppenteller-%e2%8c%8022-cm-blau\/","title":{"rendered":"Crafted Denim Suppenteller, \u230022 cm, blau"},"content":{"rendered":"<p><strong>Suppen- und Eintopfteller<\/strong><br \/>\nAu\u00dfen handwerklich, innen raffiniert: Das ist die Crafted-Kollektion von like. by Villeroy &amp; Boch. Dank der speziellen reaktiven Glasur ist jedes St\u00fcck ein Unikat und verleiht dem Tisch eine pers\u00f6nliche Note. Dieser tiefe Teller eignet sich hervorragend f\u00fcr Suppen und Eint\u00f6pfe, die schon unsere Gro\u00dfm\u00fctter gekocht haben. Holen Sie sich den rustikalen Charme auf Ihren Tisch.    <\/p>\n","protected":false},"excerpt":{"rendered":"<p>MATERIAL: Premium Porcelain<br \/>\nDURCHMESSER: ca. 219 mm<br \/>\nGR\u00d6\u00dfE: ca. 825 ml<br \/>\nFARBE: blau<br \/>\nGARANTIERT SP\u00dcLMASCHINENGARANTIE: Ja<br \/>\nMIKROWELLENKOMPATIBEL: Ja<br \/>\nGESCHENKVERPACKUNG: Kostenlos, auf Anfrage<br \/>\nREF. ARTIKEL: 1951682700 <\/p>\n","protected":false},"featured_media":14277,"template":"","meta":[],"location":[959],"product_brand":[],"product_cat":[1354,2231,1309],"product_tag":[2240,2241,2248,2253],"class_list":{"0":"post-14271","1":"product","2":"type-product","3":"status-publish","4":"has-post-thumbnail","6":"location-0-shop","7":"product_cat-art-de-la-table-de","8":"product_cat-teller","9":"product_cat-villeroy-boch-de","10":"product_tag-blau","11":"product_tag-crafted-denim-de","12":"product_tag-teller","13":"product_tag-tiefer-teller","15":"first","16":"instock","17":"shipping-taxable","18":"purchasable","19":"product-type-simple"},"supplier_id":9071,"supplier_sku":"1951682700","barcode":"4003686397668","atum_controlled":true,"out_stock_date":null,"out_stock_threshold":0,"inheritable":false,"inbound_stock":0,"stock_on_hold":0,"sold_today":0,"sales_last_days":0,"reserved_stock":0,"customer_returns":0,"warehouse_damage":null,"lost_in_post":0,"other_logs":0,"out_stock_days":0,"lost_sales":0,"has_location":false,"update_date":"2025-07-19T06:26:25","atum_locations":[{"id":960,"name":"0 SHOP","slug":"0-shop"}],"atum_stock_status":"instock","restock_status":false,"low_stock_amount":"","sales_update_date":"2025-07-19T06:26:25","calc_backorders":0,"locations":[],"_links":{"self":[{"href":"https:\/\/delices.lu\/de\/wp-json\/wp\/v2\/product\/14271","targetHints":{"allow":["GET"]}}],"collection":[{"href":"https:\/\/delices.lu\/de\/wp-json\/wp\/v2\/product"}],"about":[{"href":"https:\/\/delices.lu\/de\/wp-json\/wp\/v2\/types\/product"}],"wp:featuredmedia":[{"embeddable":true,"href":"https:\/\/delices.lu\/de\/wp-json\/wp\/v2\/media\/14277"}],"wp:attachment":[{"href":"https:\/\/delices.lu\/de\/wp-json\/wp\/v2\/media?parent=14271"}],"wp:term":[{"taxonomy":"location","embeddable":true,"href":"https:\/\/delices.lu\/de\/wp-json\/wp\/v2\/location?post=14271"},{"taxonomy":"product_brand","embeddable":true,"href":"https:\/\/delices.lu\/de\/wp-json\/wp\/v2\/product_brand?post=14271"},{"taxonomy":"product_cat","embeddable":true,"href":"https:\/\/delices.lu\/de\/wp-json\/wp\/v2\/product_cat?post=14271"},{"taxonomy":"product_tag","embeddable":true,"href":"https:\/\/delices.lu\/de\/wp-json\/wp\/v2\/product_tag?post=14271"}],"curies":[{"name":"wp","href":"https:\/\/api.w.org\/{rel}","templated":true}]}}