{"id":14284,"date":"2024-04-27T00:00:11","date_gmt":"2025-03-20T10:44:15","guid":{"rendered":"https:\/\/delices.lu\/produit\/manufacture-rock-saucenschuessel-rund-weiss\/"},"modified":"2025-03-20T11:44:15","modified_gmt":"2025-03-20T10:44:15","slug":"manufacture-rock-saucenschuessel-rund-weiss","status":"publish","type":"product","link":"https:\/\/delices.lu\/de\/produit\/manufacture-rock-saucenschuessel-rund-weiss\/","title":{"rendered":"Manufacture Rock &#8211; Saucensch\u00fcssel, rund, wei\u00df"},"content":{"rendered":"<p><strong>Ein trendiges Stil-Statement mit wei\u00dfem Schiefer-Look<\/strong><br \/>\nManufacture Rock Blanc ist eine Kollektion voller Originalit\u00e4t: Innovative Materialverwendung, matt strukturierte Porzellanoberfl\u00e4chen und ein ausdrucksstarkes Wei\u00df verleihen dieser ikonischen Trendserie ihren einzigartigen Schiefer-Look und ihre au\u00dfergew\u00f6hnliche Haptik. Diese Kollektion l\u00e4sst sich wunderbar mit der gesamten Manufacture-Serie kombinieren. Ob Antipasti, Appetith\u00e4ppchen oder k\u00f6stliche Dips, mit dieser kleinen Schale werden Sie immer einen gro\u00dfen Eindruck machen. Genie\u00dfen Sie das charaktervolle Design.   <\/p>\n","protected":false},"excerpt":{"rendered":"<p>MATERIAL: Premium Porcelain<br \/>\nDURCHMESSER: ca. 77 mm<br \/>\nGR\u00d6SSE: ca. 60 ml<br \/>\nFARBE: wei\u00df<br \/>\nGARANTIERT SP\u00dcLMASCHINENGARANTIE: Ja<br \/>\nMIKROWELLENKOMPATIBEL . Ja<br \/>\nREF. ARTIKEL: 1042403932  <\/p>\n","protected":false},"featured_media":14285,"template":"","meta":[],"location":[959],"product_brand":[],"product_cat":[1354,1355,1356,2242,1309],"product_tag":[2254,2255,2243],"class_list":{"0":"post-14284","1":"product","2":"type-product","3":"status-publish","4":"has-post-thumbnail","6":"location-0-shop","7":"product_cat-art-de-la-table-de","8":"product_cat-bol-de","9":"product_cat-coupe-de","10":"product_cat-schussel","11":"product_cat-villeroy-boch-de","12":"product_tag-dip-schale","13":"product_tag-manufaktur-rock","14":"product_tag-schussel","16":"first","17":"instock","18":"shipping-taxable","19":"purchasable","20":"product-type-simple"},"supplier_id":9071,"supplier_sku":"1042403932","barcode":"4003686394919","atum_controlled":true,"out_stock_date":null,"out_stock_threshold":0,"inheritable":false,"inbound_stock":0,"stock_on_hold":0,"sold_today":0,"sales_last_days":0,"reserved_stock":0,"customer_returns":0,"warehouse_damage":null,"lost_in_post":0,"other_logs":0,"out_stock_days":0,"lost_sales":0,"has_location":false,"update_date":"2025-07-19T06:26:25","atum_locations":[{"id":960,"name":"0 SHOP","slug":"0-shop"}],"atum_stock_status":"instock","restock_status":false,"low_stock_amount":"","sales_update_date":"2025-07-19T06:26:25","calc_backorders":0,"locations":[],"_links":{"self":[{"href":"https:\/\/delices.lu\/de\/wp-json\/wp\/v2\/product\/14284","targetHints":{"allow":["GET"]}}],"collection":[{"href":"https:\/\/delices.lu\/de\/wp-json\/wp\/v2\/product"}],"about":[{"href":"https:\/\/delices.lu\/de\/wp-json\/wp\/v2\/types\/product"}],"wp:featuredmedia":[{"embeddable":true,"href":"https:\/\/delices.lu\/de\/wp-json\/wp\/v2\/media\/14285"}],"wp:attachment":[{"href":"https:\/\/delices.lu\/de\/wp-json\/wp\/v2\/media?parent=14284"}],"wp:term":[{"taxonomy":"location","embeddable":true,"href":"https:\/\/delices.lu\/de\/wp-json\/wp\/v2\/location?post=14284"},{"taxonomy":"product_brand","embeddable":true,"href":"https:\/\/delices.lu\/de\/wp-json\/wp\/v2\/product_brand?post=14284"},{"taxonomy":"product_cat","embeddable":true,"href":"https:\/\/delices.lu\/de\/wp-json\/wp\/v2\/product_cat?post=14284"},{"taxonomy":"product_tag","embeddable":true,"href":"https:\/\/delices.lu\/de\/wp-json\/wp\/v2\/product_tag?post=14284"}],"curies":[{"name":"wp","href":"https:\/\/api.w.org\/{rel}","templated":true}]}}