{"id":14297,"date":"2025-09-25T00:00:19","date_gmt":"2025-09-24T22:00:19","guid":{"rendered":"https:\/\/delices.lu\/produit\/crafted-denim-kaffeetasse-247-ml-blau\/"},"modified":"2025-03-20T11:45:07","modified_gmt":"2025-03-20T10:45:07","slug":"crafted-denim-kaffeetasse-247-ml-blau","status":"publish","type":"product","link":"https:\/\/delices.lu\/de\/produit\/crafted-denim-kaffeetasse-247-ml-blau\/","title":{"rendered":"Crafted Denim &#8211; Kaffeetasse, 247 ml, blau"},"content":{"rendered":"<p><strong>F\u00fcr S\u00fc\u00dfigkeiten, die zum Milchkaffee serviert<\/strong> werden<br \/>\nAu\u00dfen handwerklich, innen raffiniert: das ist die Kollektion Crafted von like. by Villeroy &amp; Boch. Dank der speziellen reaktiven Glasur ist jedes St\u00fcck ein Unikat und verleiht dem Tisch eine pers\u00f6nliche Note. Die Kaffeetasse liegt besonders gut in der Hand und passt perfekt zu der Untertasse aus dieser Kollektion. Holen Sie sich den rustikalen Charme auf Ihren Tisch.    <\/p>\n","protected":false},"excerpt":{"rendered":"<p>MATERIAL: Premium Porcelain<br \/>\nDURCHMESSER: ca. 93 mm<br \/>\nGR\u00d6\u00dfE: 247, ml<br \/>\nFARBE: blau<br \/>\nGARANTIERT SP\u00dcLMASCHINENGARANTIE: Ja<br \/>\nMIKROWELLENKOMPATIBEL: Ja<br \/>\nREF. ARTIKEL: 1951681300 <\/p>\n","protected":false},"featured_media":14299,"template":"","meta":[],"location":[959],"product_brand":[],"product_cat":[1354,2235,1309],"product_tag":[2241,2165,2260],"class_list":{"0":"post-14297","1":"product","2":"type-product","3":"status-publish","4":"has-post-thumbnail","6":"location-0-shop","7":"product_cat-art-de-la-table-de","8":"product_cat-tasse-de","9":"product_cat-villeroy-boch-de","10":"product_tag-crafted-denim-de","11":"product_tag-tasse-de","12":"product_tag-tasse-ohne-untertasse","14":"first","15":"instock","16":"shipping-taxable","17":"purchasable","18":"product-type-simple"},"supplier_id":9071,"supplier_sku":"1951681300","barcode":"4003686397637","atum_controlled":true,"out_stock_date":null,"out_stock_threshold":null,"inheritable":false,"inbound_stock":0,"stock_on_hold":0,"sold_today":0,"sales_last_days":0,"reserved_stock":null,"customer_returns":null,"warehouse_damage":null,"lost_in_post":null,"other_logs":null,"out_stock_days":0,"lost_sales":0,"has_location":true,"update_date":"2025-09-28T05:02:01","atum_locations":[{"id":960,"name":"0 SHOP","slug":"0-shop"}],"atum_stock_status":"instock","restock_status":false,"low_stock_amount":"","sales_update_date":"2025-07-19T06:26:32","calc_backorders":0,"locations":[],"_links":{"self":[{"href":"https:\/\/delices.lu\/de\/wp-json\/wp\/v2\/product\/14297","targetHints":{"allow":["GET"]}}],"collection":[{"href":"https:\/\/delices.lu\/de\/wp-json\/wp\/v2\/product"}],"about":[{"href":"https:\/\/delices.lu\/de\/wp-json\/wp\/v2\/types\/product"}],"wp:featuredmedia":[{"embeddable":true,"href":"https:\/\/delices.lu\/de\/wp-json\/wp\/v2\/media\/14299"}],"wp:attachment":[{"href":"https:\/\/delices.lu\/de\/wp-json\/wp\/v2\/media?parent=14297"}],"wp:term":[{"taxonomy":"location","embeddable":true,"href":"https:\/\/delices.lu\/de\/wp-json\/wp\/v2\/location?post=14297"},{"taxonomy":"product_brand","embeddable":true,"href":"https:\/\/delices.lu\/de\/wp-json\/wp\/v2\/product_brand?post=14297"},{"taxonomy":"product_cat","embeddable":true,"href":"https:\/\/delices.lu\/de\/wp-json\/wp\/v2\/product_cat?post=14297"},{"taxonomy":"product_tag","embeddable":true,"href":"https:\/\/delices.lu\/de\/wp-json\/wp\/v2\/product_tag?post=14297"}],"curies":[{"name":"wp","href":"https:\/\/api.w.org\/{rel}","templated":true}]}}