{"id":14304,"date":"2025-09-25T00:00:17","date_gmt":"2025-09-24T22:00:17","guid":{"rendered":"https:\/\/delices.lu\/produit\/crafted-denim-untertasse-%e2%8c%8015-cm-blau\/"},"modified":"2025-03-20T11:45:08","modified_gmt":"2025-03-20T10:45:08","slug":"crafted-denim-untertasse-%e2%8c%8015-cm-blau","status":"publish","type":"product","link":"https:\/\/delices.lu\/de\/produit\/crafted-denim-untertasse-%e2%8c%8015-cm-blau\/","title":{"rendered":"Crafted Denim Untertasse, \u230015 cm, blau"},"content":{"rendered":"<p><strong>F\u00fcr S\u00fc\u00dfigkeiten, die zum Milchkaffee serviert<\/strong> werden<br \/>\nAu\u00dfen handwerklich, innen raffiniert: das ist die Kollektion Crafted von like. by Villeroy &amp; Boch. Dank der speziellen reaktiven Emaille ist jedes St\u00fcck ein Unikat und verleiht dem Tisch eine pers\u00f6nliche Note. Stellen Sie eine s\u00fc\u00dfe Beilage auf die elegante Untertasse und verw\u00f6hnen Sie Ihre G\u00e4ste. Holen Sie sich den rustikalen Charme auf Ihren Tisch.    <\/p>\n","protected":false},"excerpt":{"rendered":"<p>MATERIAL: Hochwertiges Porzellan<br \/>\nDURCHMESSER: ca. 149 mm<br \/>\nFARBE: blau<br \/>\nGARANTIERT SP\u00dcLMASCHINENGARANTIE: Ja<br \/>\nMIKROWELLENKOMPATIBEL: Ja<br \/>\nREF. ARTIKEL: 1951681310 <\/p>\n","protected":false},"featured_media":14307,"template":"","meta":[],"location":[959],"product_brand":[],"product_cat":[1354,2266,1309],"product_tag":[2227,2267],"class_list":{"0":"post-14304","1":"product","2":"type-product","3":"status-publish","4":"has-post-thumbnail","6":"location-0-shop","7":"product_cat-art-de-la-table-de","8":"product_cat-untertasse","9":"product_cat-villeroy-boch-de","10":"product_tag-untertasse","11":"product_tag-untertasse-ohne-tasse","13":"first","14":"instock","15":"shipping-taxable","16":"purchasable","17":"product-type-simple"},"supplier_id":9071,"supplier_sku":"1951681310","barcode":"4003686397644","atum_controlled":true,"out_stock_date":null,"out_stock_threshold":null,"inheritable":false,"inbound_stock":0,"stock_on_hold":0,"sold_today":0,"sales_last_days":0,"reserved_stock":null,"customer_returns":null,"warehouse_damage":null,"lost_in_post":null,"other_logs":null,"out_stock_days":0,"lost_sales":0,"has_location":true,"update_date":"2025-09-28T05:02:23","atum_locations":[{"id":960,"name":"0 SHOP","slug":"0-shop"}],"atum_stock_status":"instock","restock_status":false,"low_stock_amount":"","sales_update_date":"2025-07-19T06:26:32","calc_backorders":0,"locations":[],"_links":{"self":[{"href":"https:\/\/delices.lu\/de\/wp-json\/wp\/v2\/product\/14304","targetHints":{"allow":["GET"]}}],"collection":[{"href":"https:\/\/delices.lu\/de\/wp-json\/wp\/v2\/product"}],"about":[{"href":"https:\/\/delices.lu\/de\/wp-json\/wp\/v2\/types\/product"}],"wp:featuredmedia":[{"embeddable":true,"href":"https:\/\/delices.lu\/de\/wp-json\/wp\/v2\/media\/14307"}],"wp:attachment":[{"href":"https:\/\/delices.lu\/de\/wp-json\/wp\/v2\/media?parent=14304"}],"wp:term":[{"taxonomy":"location","embeddable":true,"href":"https:\/\/delices.lu\/de\/wp-json\/wp\/v2\/location?post=14304"},{"taxonomy":"product_brand","embeddable":true,"href":"https:\/\/delices.lu\/de\/wp-json\/wp\/v2\/product_brand?post=14304"},{"taxonomy":"product_cat","embeddable":true,"href":"https:\/\/delices.lu\/de\/wp-json\/wp\/v2\/product_cat?post=14304"},{"taxonomy":"product_tag","embeddable":true,"href":"https:\/\/delices.lu\/de\/wp-json\/wp\/v2\/product_tag?post=14304"}],"curies":[{"name":"wp","href":"https:\/\/api.w.org\/{rel}","templated":true}]}}