{"id":14310,"date":"2024-04-13T13:31:27","date_gmt":"2025-03-20T10:45:09","guid":{"rendered":"https:\/\/delices.lu\/produit\/new-flower-bells-ornament-tulpe\/"},"modified":"2025-03-20T11:45:09","modified_gmt":"2025-03-20T10:45:09","slug":"new-flower-bells-ornament-tulpe","status":"publish","type":"product","link":"https:\/\/delices.lu\/de\/produit\/new-flower-bells-ornament-tulpe\/","title":{"rendered":"New Flower Bells Ornament Tulpe"},"content":{"rendered":"<p><strong>Fr\u00fchlingsblume in Form eines Gl\u00f6ckchens aus Porzellan<\/strong><br \/>\nSchm\u00fccken Sie Ihren Osterbaum mit den zarten Blumen der New Flower Bells Kollektion. Der Kl\u00f6ppel l\u00e4sst das mit Blumen und Bl\u00e4ttern geschm\u00fcckte Gl\u00f6ckchen festlich klingen. Auch ein besonders sch\u00f6ner Artikel zum Sammeln und Verschenken. Dieses wundersch\u00f6ne Schneegl\u00f6ckchen aus Porzellan New Flower Bells ist besonders sch\u00f6n als Dekoration im Osterbaum oder am Fenster. Dekorieren Sie mit viel Liebe zu Ostern.    <\/p>\n","protected":false},"excerpt":{"rendered":"<p>MATERIAL: Hochwertiges Porzellan<br \/>\nFARBE: Wei\u00df<br \/>\nGARANTIE SP\u00dcLMASCHINENGARANTIE: Nicht<br \/>\nMIKROWELLENKOMPATIBEL: Nicht<br \/>\nREF. ARTIKEL: 1486356406 <\/p>\n","protected":false},"featured_media":14313,"template":"","meta":[],"location":[979],"product_brand":[],"product_cat":[1311,740,1310,1309],"product_tag":[742,2270],"class_list":{"0":"post-14310","1":"product","2":"type-product","3":"status-publish","4":"has-post-thumbnail","6":"location-07-2","7":"product_cat-dekoration","8":"product_cat-fruehling","9":"product_cat-ostern","10":"product_cat-villeroy-boch-de","11":"product_tag-clochette-de","12":"product_tag-tulpe","14":"first","15":"instock","16":"shipping-taxable","17":"purchasable","18":"product-type-simple"},"supplier_id":9071,"supplier_sku":"1486356406","barcode":"4003686355934","atum_controlled":true,"out_stock_date":null,"out_stock_threshold":null,"inheritable":false,"inbound_stock":0,"stock_on_hold":0,"sold_today":0,"sales_last_days":0,"reserved_stock":0,"customer_returns":null,"warehouse_damage":null,"lost_in_post":null,"other_logs":0,"out_stock_days":0,"lost_sales":0,"has_location":true,"update_date":"2025-07-19T06:26:28","atum_locations":[{"id":850,"name":"072","slug":"072"}],"atum_stock_status":"instock","restock_status":false,"low_stock_amount":"","sales_update_date":"2025-07-19T06:26:28","calc_backorders":0,"locations":[],"_links":{"self":[{"href":"https:\/\/delices.lu\/de\/wp-json\/wp\/v2\/product\/14310","targetHints":{"allow":["GET"]}}],"collection":[{"href":"https:\/\/delices.lu\/de\/wp-json\/wp\/v2\/product"}],"about":[{"href":"https:\/\/delices.lu\/de\/wp-json\/wp\/v2\/types\/product"}],"wp:featuredmedia":[{"embeddable":true,"href":"https:\/\/delices.lu\/de\/wp-json\/wp\/v2\/media\/14313"}],"wp:attachment":[{"href":"https:\/\/delices.lu\/de\/wp-json\/wp\/v2\/media?parent=14310"}],"wp:term":[{"taxonomy":"location","embeddable":true,"href":"https:\/\/delices.lu\/de\/wp-json\/wp\/v2\/location?post=14310"},{"taxonomy":"product_brand","embeddable":true,"href":"https:\/\/delices.lu\/de\/wp-json\/wp\/v2\/product_brand?post=14310"},{"taxonomy":"product_cat","embeddable":true,"href":"https:\/\/delices.lu\/de\/wp-json\/wp\/v2\/product_cat?post=14310"},{"taxonomy":"product_tag","embeddable":true,"href":"https:\/\/delices.lu\/de\/wp-json\/wp\/v2\/product_tag?post=14310"}],"curies":[{"name":"wp","href":"https:\/\/api.w.org\/{rel}","templated":true}]}}