{"id":14324,"date":"2024-07-06T00:00:24","date_gmt":"2025-03-20T10:45:10","guid":{"rendered":"https:\/\/delices.lu\/produit\/rose-garden-grosse-untertasse-rose\/"},"modified":"2025-03-20T11:45:10","modified_gmt":"2025-03-20T10:45:10","slug":"rose-garden-grosse-untertasse-rose","status":"publish","type":"product","link":"https:\/\/delices.lu\/de\/produit\/rose-garden-grosse-untertasse-rose\/","title":{"rendered":"Rose Garden &#8211; Gro\u00dfe Untertasse &#8211; Rose"},"content":{"rendered":"<p><strong>Eine raffinierte, puderrosa Untertasse f\u00fcr eine Kaffee- oder Teetasse<\/strong><br \/>\nDie zeitlose Kollektion Rose Garden bietet ein hochwertiges Porzellan-Geschirrservice. G\u00f6nnen Sie sich ein elegantes Vintage-Tafelservice! Die Untertasse ist sp\u00fclmaschinen- und mikrowellengeeignet und eignet sich perfekt f\u00fcr jede Gelegenheit. Mit ihrer puderrosa Farbe ist diese Untertasse aus Porzellan perfekt, um alle Ihre Gourmetmomente zu begleiten. Ein Croissant oder andere s\u00fc\u00dfe Leckereien finden auf diesem kleinen, raffinierten Teller Platz. Sie kann auch als traditionelle Kaffee- oder Teeuntertasse verwendet werden. Ein perfekter Start in den Tag      <\/p>\n","protected":false},"excerpt":{"rendered":"<p>MATERIAL: Hochwertiges Porzellan<br \/>\nDURCHMESSER: ca. 174 mm<br \/>\nFARBE: Zartrosa<br \/>\nGARANTIERT SP\u00dcLMASCHINENGARANTIE: Ja<br \/>\nMIKROWELLENKOMPATIBEL: Ja<br \/>\nREF. ARTIKEL: 1042871250 <\/p>\n","protected":false},"featured_media":14326,"template":"","meta":[],"location":[959],"product_brand":[],"product_cat":[1354,2235,2266,1309],"product_tag":[2275,2239,2267],"class_list":{"0":"post-14324","1":"product","2":"type-product","3":"status-publish","4":"has-post-thumbnail","6":"location-0-shop","7":"product_cat-art-de-la-table-de","8":"product_cat-tasse-de","9":"product_cat-untertasse","10":"product_cat-villeroy-boch-de","11":"product_tag-rosa","12":"product_tag-rosengarten","13":"product_tag-untertasse-ohne-tasse","15":"first","16":"instock","17":"shipping-taxable","18":"purchasable","19":"product-type-simple"},"supplier_id":9071,"supplier_sku":"1042871250","barcode":"4003686420410","atum_controlled":true,"out_stock_date":null,"out_stock_threshold":0,"inheritable":false,"inbound_stock":0,"stock_on_hold":0,"sold_today":0,"sales_last_days":0,"reserved_stock":null,"customer_returns":null,"warehouse_damage":null,"lost_in_post":null,"other_logs":null,"out_stock_days":0,"lost_sales":0,"has_location":true,"update_date":"2025-07-19T06:26:25","atum_locations":[{"id":960,"name":"0 SHOP","slug":"0-shop"}],"atum_stock_status":"instock","restock_status":false,"low_stock_amount":"","sales_update_date":"2025-07-19T06:26:25","calc_backorders":0,"locations":[],"_links":{"self":[{"href":"https:\/\/delices.lu\/de\/wp-json\/wp\/v2\/product\/14324","targetHints":{"allow":["GET"]}}],"collection":[{"href":"https:\/\/delices.lu\/de\/wp-json\/wp\/v2\/product"}],"about":[{"href":"https:\/\/delices.lu\/de\/wp-json\/wp\/v2\/types\/product"}],"wp:featuredmedia":[{"embeddable":true,"href":"https:\/\/delices.lu\/de\/wp-json\/wp\/v2\/media\/14326"}],"wp:attachment":[{"href":"https:\/\/delices.lu\/de\/wp-json\/wp\/v2\/media?parent=14324"}],"wp:term":[{"taxonomy":"location","embeddable":true,"href":"https:\/\/delices.lu\/de\/wp-json\/wp\/v2\/location?post=14324"},{"taxonomy":"product_brand","embeddable":true,"href":"https:\/\/delices.lu\/de\/wp-json\/wp\/v2\/product_brand?post=14324"},{"taxonomy":"product_cat","embeddable":true,"href":"https:\/\/delices.lu\/de\/wp-json\/wp\/v2\/product_cat?post=14324"},{"taxonomy":"product_tag","embeddable":true,"href":"https:\/\/delices.lu\/de\/wp-json\/wp\/v2\/product_tag?post=14324"}],"curies":[{"name":"wp","href":"https:\/\/api.w.org\/{rel}","templated":true}]}}