{"id":14331,"date":"2024-06-02T00:00:04","date_gmt":"2025-03-20T10:45:18","guid":{"rendered":"https:\/\/delices.lu\/produit\/crafted-breeze-fruehstuecksset-12-teilig\/"},"modified":"2025-03-20T11:45:18","modified_gmt":"2025-03-20T10:45:18","slug":"crafted-breeze-fruehstuecksset-12-teilig","status":"publish","type":"product","link":"https:\/\/delices.lu\/de\/produit\/crafted-breeze-fruehstuecksset-12-teilig\/","title":{"rendered":"Crafted Breeze, Fr\u00fchst\u00fccksset, 12-teilig"},"content":{"rendered":"<p><strong>Perfekt ausgestattet f\u00fcr den Start in den Tag<\/strong><br \/>\nAu\u00dfen handwerklich, innen raffiniert: Das ist die Kollektion Crafted von like. by Villeroy &amp; Boch. Dank der speziellen reaktiven Glasur ist jedes St\u00fcck ein Unikat und verleiht dem Tisch eine pers\u00f6nliche Note. Dieses 6-teilige Fr\u00fchst\u00fccksset besteht aus 2 Henkelbechern, 2 tiefen Sch\u00fcsseln und 2 Desserttellern. Laden Sie den rustikalen Charme auf Ihren Tisch ein. Das Set besteht aus :     <\/p>\n<p>4 x Dessertteller, 21cm &#8211; Artikel: 1951672640<br \/>\n4 x M\u00fcslischale, 780ml &#8211; Artikel: 1951671900<br \/>\n4 x Tasse mit Henkel, 358ml &#8211; Artikel: 1951679651<\/p>\n","protected":false},"excerpt":{"rendered":"<p>MATERIAL: Hochwertiges Porzellan<br \/>\nFARBE: Gr\u00fcn<br \/>\nGARANTIERT SP\u00dcLMASCHINENGARANTIE: Ja<br \/>\nMIKROWELLENKOMPATIBEL: Ja<br \/>\nREF. ARTIKEL: 1951679028 <\/p>\n","protected":false},"featured_media":14334,"template":"","meta":[],"location":[959],"product_brand":[],"product_cat":[1354,1355,2163,2231,1309],"product_tag":[2279,2278,2276,2277],"class_list":{"0":"post-14331","1":"product","2":"type-product","3":"status-publish","4":"has-post-thumbnail","6":"location-0-shop","7":"product_cat-art-de-la-table-de","8":"product_cat-bol-de","9":"product_cat-tasse-krug","10":"product_cat-teller","11":"product_cat-villeroy-boch-de","12":"product_tag-12-teiliges-set","13":"product_tag-crafted-beeze-de","14":"product_tag-fruhstuck","15":"product_tag-fur-2-personen","17":"first","18":"instock","19":"shipping-taxable","20":"purchasable","21":"product-type-simple"},"supplier_id":9071,"supplier_sku":"1951679028","barcode":"4003686434592","atum_controlled":true,"out_stock_date":null,"out_stock_threshold":0,"inheritable":false,"inbound_stock":0,"stock_on_hold":0,"sold_today":0,"sales_last_days":0,"reserved_stock":0,"customer_returns":null,"warehouse_damage":null,"lost_in_post":null,"other_logs":0,"out_stock_days":0,"lost_sales":0,"has_location":true,"update_date":"2025-07-19T06:26:32","atum_locations":[{"id":960,"name":"0 SHOP","slug":"0-shop"}],"atum_stock_status":"instock","restock_status":false,"low_stock_amount":"","sales_update_date":"2025-07-19T06:26:32","calc_backorders":0,"locations":[],"_links":{"self":[{"href":"https:\/\/delices.lu\/de\/wp-json\/wp\/v2\/product\/14331","targetHints":{"allow":["GET"]}}],"collection":[{"href":"https:\/\/delices.lu\/de\/wp-json\/wp\/v2\/product"}],"about":[{"href":"https:\/\/delices.lu\/de\/wp-json\/wp\/v2\/types\/product"}],"wp:featuredmedia":[{"embeddable":true,"href":"https:\/\/delices.lu\/de\/wp-json\/wp\/v2\/media\/14334"}],"wp:attachment":[{"href":"https:\/\/delices.lu\/de\/wp-json\/wp\/v2\/media?parent=14331"}],"wp:term":[{"taxonomy":"location","embeddable":true,"href":"https:\/\/delices.lu\/de\/wp-json\/wp\/v2\/location?post=14331"},{"taxonomy":"product_brand","embeddable":true,"href":"https:\/\/delices.lu\/de\/wp-json\/wp\/v2\/product_brand?post=14331"},{"taxonomy":"product_cat","embeddable":true,"href":"https:\/\/delices.lu\/de\/wp-json\/wp\/v2\/product_cat?post=14331"},{"taxonomy":"product_tag","embeddable":true,"href":"https:\/\/delices.lu\/de\/wp-json\/wp\/v2\/product_tag?post=14331"}],"curies":[{"name":"wp","href":"https:\/\/api.w.org\/{rel}","templated":true}]}}