{"id":14336,"date":"2024-05-08T00:00:58","date_gmt":"2025-03-20T10:45:19","guid":{"rendered":"https:\/\/delices.lu\/produit\/vieux-luxembourg-dessertteller\/"},"modified":"2025-03-20T11:45:19","modified_gmt":"2025-03-20T10:45:19","slug":"vieux-luxembourg-dessertteller","status":"publish","type":"product","link":"https:\/\/delices.lu\/de\/produit\/vieux-luxembourg-dessertteller\/","title":{"rendered":"Vieux Luxembourg &#8211; Dessertteller"},"content":{"rendered":"<p><strong>Teller mit klassischem Dekor f\u00fcr ein gelungenes Fr\u00fchst\u00fcck<\/strong><br \/>\nZarte Reliefs und dezente filigrane Ornamente verbinden sich auf dem strahlend wei\u00dfen Porzellan zu einem raffinierten, zeitlosen und eleganten Ensemble, das die Kollektion Vieux Luxembourg charakterisiert. Dieser Dessertteller besticht durch seine Vielseitigkeit: ob am Morgen zum Fr\u00fchst\u00fcck, am Nachmittag zum Servieren von k\u00f6stlichen Torten oder Snacks am Abend, dieser Teller begleitet Sie den ganzen Tag. Verw\u00f6hnen Sie Ihre Lieben mit einem hochwertigen Geschirr.  <\/p>\n","protected":false},"excerpt":{"rendered":"<p>MATERIAL: Hochwertiges Porzellan<br \/>\nDURCHMESSER: ca. 260 mm<br \/>\nFARBE: wei\u00df, blau<br \/>\nGARANTIERT SP\u00dcLMASCHINENGARANTIE: Ja<br \/>\nMIKROWELLENKOMPATIBEL: Ja<br \/>\nREF. ARTIKEL: 1023412640 <\/p>\n","protected":false},"featured_media":14338,"template":"","meta":[],"location":[],"product_brand":[],"product_cat":[1354,1309],"product_tag":[2280,2250,2215,2256,2248],"class_list":{"0":"post-14336","1":"product","2":"type-product","3":"status-publish","4":"has-post-thumbnail","6":"product_cat-art-de-la-table-de","7":"product_cat-villeroy-boch-de","8":"product_tag-alte","9":"product_tag-dessertteller","10":"product_tag-luxemburg","11":"product_tag-rundschreiben","12":"product_tag-teller","14":"first","15":"instock","16":"shipping-taxable","17":"purchasable","18":"product-type-simple"},"supplier_id":9071,"supplier_sku":"1023412640","barcode":"5450102022052","atum_controlled":true,"out_stock_date":"2024-05-08 12:01:16","out_stock_threshold":0,"inheritable":false,"inbound_stock":0,"stock_on_hold":0,"sold_today":0,"sales_last_days":0,"reserved_stock":0,"customer_returns":0,"warehouse_damage":null,"lost_in_post":0,"other_logs":0,"out_stock_days":436,"lost_sales":0,"has_location":false,"update_date":"2025-07-19T06:26:22","atum_locations":[],"atum_stock_status":"onbackorder","restock_status":false,"low_stock_amount":"","sales_update_date":"2025-07-19T06:26:22","calc_backorders":0,"locations":[],"_links":{"self":[{"href":"https:\/\/delices.lu\/de\/wp-json\/wp\/v2\/product\/14336","targetHints":{"allow":["GET"]}}],"collection":[{"href":"https:\/\/delices.lu\/de\/wp-json\/wp\/v2\/product"}],"about":[{"href":"https:\/\/delices.lu\/de\/wp-json\/wp\/v2\/types\/product"}],"wp:featuredmedia":[{"embeddable":true,"href":"https:\/\/delices.lu\/de\/wp-json\/wp\/v2\/media\/14338"}],"wp:attachment":[{"href":"https:\/\/delices.lu\/de\/wp-json\/wp\/v2\/media?parent=14336"}],"wp:term":[{"taxonomy":"location","embeddable":true,"href":"https:\/\/delices.lu\/de\/wp-json\/wp\/v2\/location?post=14336"},{"taxonomy":"product_brand","embeddable":true,"href":"https:\/\/delices.lu\/de\/wp-json\/wp\/v2\/product_brand?post=14336"},{"taxonomy":"product_cat","embeddable":true,"href":"https:\/\/delices.lu\/de\/wp-json\/wp\/v2\/product_cat?post=14336"},{"taxonomy":"product_tag","embeddable":true,"href":"https:\/\/delices.lu\/de\/wp-json\/wp\/v2\/product_tag?post=14336"}],"curies":[{"name":"wp","href":"https:\/\/api.w.org\/{rel}","templated":true}]}}