{"id":14354,"date":"2024-06-08T00:00:25","date_gmt":"2025-03-20T10:45:21","guid":{"rendered":"https:\/\/delices.lu\/produit\/beesy-honey-gin\/"},"modified":"2025-03-20T11:45:21","modified_gmt":"2025-03-20T10:45:21","slug":"beesy-honey-gin","status":"publish","type":"product","link":"https:\/\/delices.lu\/de\/produit\/beesy-honey-gin\/","title":{"rendered":"Beesy Honey Gin"},"content":{"rendered":"<p>Die Idee zu Beesy Luxembourg Honey Gin entstand aus der Freundschaft mit Mellis, die sich im Laufe der Jahre bei lokalen Veranstaltungen in Luxemburg entwickelte, als sich die Wege unserer beiden Start-ups kreuzten. Da Opyos preisgekr\u00f6nten Craft Gin destilliert und Mellis alles, was mit Honig zu tun hat, in Gold verwandelt, beschlossen die beiden kleinen Produzenten, ihr Know-how zu kombinieren, um etwas Besonderes zu schaffen. <\/p>\n<p>Beesy&#8217;s Kreation vereint das Beste aus beiden Welten, indem wir 100% luxemburgischen Honig in unseren Opyos Navy Strength Gin einflie\u00dfen lassen. Bevor wir den Honig mit dem Gin verbinden, erw\u00e4rmen wir ihn leicht, um eine homogene Verschmelzung der beiden Komponenten zu erreichen. Mehrere Monate lang lassen wir diesen Honig-Gin harmonisieren und reifen, bevor die goldene Fl\u00fcssigkeit in Flaschen abgef\u00fcllt wird.  <\/p>\n","protected":false},"excerpt":{"rendered":"<p><strong>50 cl \/ 30.5% vol<\/strong><\/p>\n<p>Beesy Luxembourg Honey Gin ist das Ergebnis einer Zusammenarbeit zwischen Mellis und Opyos. Monatelang haben wir getestet, entwickelt und daran gearbeitet, wie man Honig und Gin harmonisch miteinander verbinden kann. Beesy ist ein Versuch, die Leidenschaft f\u00fcr die Bienenzucht, die einen wesentlichen Beitrag zum Schutz unserer lokalen Umwelt und der Biodiversit\u00e4t leistet, mit der Faszination f\u00fcr Spirituosen zu vereinen. Das Ergebnis ist eine Kombination aus den s\u00fc\u00dfen, blumigen und fruchtigen Aromen des goldenen Nektars dieser flei\u00dfigen Insekten und den lebhaften und unverwechselbaren Wacholdernuancen unseres Opyos Navy Strength Gin. Eine wunderbar ausgewogene Geschmackspalette, die sich durch blumige S\u00fc\u00dfe, milde Gew\u00fcrze und eine cremige Textur auszeichnet.    <\/p>\n","protected":false},"featured_media":14355,"template":"","meta":[],"location":[959],"product_brand":[],"product_cat":[2214,2216,2213],"product_tag":[2282,2218,2219,2283,2284,2215,2217],"class_list":{"0":"post-14354","1":"product","2":"type-product","3":"status-publish","4":"has-post-thumbnail","6":"location-0-shop","7":"product_cat-gin-de","8":"product_cat-likor","9":"product_cat-opyos-de","10":"product_tag-beesy-de","11":"product_tag-dry-de","12":"product_tag-gin-de","13":"product_tag-honey-de","14":"product_tag-honig","15":"product_tag-luxemburg","16":"product_tag-opyos-de","18":"first","19":"instock","20":"shipping-taxable","21":"purchasable","22":"product-type-simple"},"supplier_id":11951,"supplier_sku":"ART24","barcode":null,"atum_controlled":true,"out_stock_date":null,"out_stock_threshold":0,"inheritable":false,"inbound_stock":0,"stock_on_hold":0,"sold_today":0,"sales_last_days":0,"reserved_stock":0,"customer_returns":0,"warehouse_damage":null,"lost_in_post":0,"other_logs":0,"out_stock_days":0,"lost_sales":0,"has_location":false,"update_date":"2025-12-16T07:41:19","atum_locations":[{"id":960,"name":"0 SHOP","slug":"0-shop"}],"atum_stock_status":"instock","restock_status":false,"low_stock_amount":"","sales_update_date":"2025-12-16T07:41:19","calc_backorders":0,"locations":[],"_links":{"self":[{"href":"https:\/\/delices.lu\/de\/wp-json\/wp\/v2\/product\/14354","targetHints":{"allow":["GET"]}}],"collection":[{"href":"https:\/\/delices.lu\/de\/wp-json\/wp\/v2\/product"}],"about":[{"href":"https:\/\/delices.lu\/de\/wp-json\/wp\/v2\/types\/product"}],"wp:featuredmedia":[{"embeddable":true,"href":"https:\/\/delices.lu\/de\/wp-json\/wp\/v2\/media\/14355"}],"wp:attachment":[{"href":"https:\/\/delices.lu\/de\/wp-json\/wp\/v2\/media?parent=14354"}],"wp:term":[{"taxonomy":"location","embeddable":true,"href":"https:\/\/delices.lu\/de\/wp-json\/wp\/v2\/location?post=14354"},{"taxonomy":"product_brand","embeddable":true,"href":"https:\/\/delices.lu\/de\/wp-json\/wp\/v2\/product_brand?post=14354"},{"taxonomy":"product_cat","embeddable":true,"href":"https:\/\/delices.lu\/de\/wp-json\/wp\/v2\/product_cat?post=14354"},{"taxonomy":"product_tag","embeddable":true,"href":"https:\/\/delices.lu\/de\/wp-json\/wp\/v2\/product_tag?post=14354"}],"curies":[{"name":"wp","href":"https:\/\/api.w.org\/{rel}","templated":true}]}}