{"id":14356,"date":"2024-06-08T00:00:07","date_gmt":"2025-03-20T10:45:21","guid":{"rendered":"https:\/\/delices.lu\/produit\/giftbox-navy-strength-gin\/"},"modified":"2025-03-20T11:45:21","modified_gmt":"2025-03-20T10:45:21","slug":"giftbox-navy-strength-gin","status":"publish","type":"product","link":"https:\/\/delices.lu\/de\/produit\/giftbox-navy-strength-gin\/","title":{"rendered":"GIFTBOX &#8211; Navy Strength Gin"},"content":{"rendered":"<p>Die Idee, einen Navy Strength Gin herzustellen, kam uns, als wir uns die einfache Frage stellten: &#8220;Wie w\u00fcrde unser Dry Gin schmecken, wenn wir die Menge an Wacholderbeeren erheblich erh\u00f6hen w\u00fcrden?&#8221;. In der Tat ist unser Gin nicht so stark von Wacholder gepr\u00e4gt wie ein klassischer London Dry Gin (daher nennen wir ihn Luxembourg Dry Gin). So begannen wir mit der Zugabe von mehr und mehr Wacholderbeeren zu experimentieren und es war interessant zu beobachten, wie sich das Geschmacksprofil des Gins ver\u00e4nderte und weiterentwickelte. Nachdem wir herausgefunden hatten, dass die zus\u00e4tzliche Menge an Wacholder besonders gut mit einem hohen Alkoholgehalt funktioniert, beschlossen wir, einen Navy Strength zu machen.   <\/p>\n","protected":false},"excerpt":{"rendered":"<p><strong>57% vol<\/strong><\/p>\n<p> &#8211;<strong> 1 Flasche Opyos Navy Strength Gin (50cl 57% vol)<\/strong><br \/>\n &#8211;<strong> 2 Gl\u00e4ser Op<\/strong>yos Gin<\/p>\n<p>Opyos Navy Strength Gin wird durch die Zugabe einer zus\u00e4tzlichen Menge Wacholderbeeren zu unserem klassischen Dry Gin kreiert und mit einem h\u00f6heren Alkoholgehalt abgef\u00fcllt, um die Essenz der Wacholderbeere einzufangen.Der in kleinen Chargen hergestellte Opyos Navy Strength Gin kombiniert unser einzigartiges botanisches Bouquet mit einer reichen Palette von Wacholderaromen, die durch Noten von Kiefernnadeln und w\u00fcrzigen Zitrusaromen ausbalanciert sind, w\u00e4hrend er eine belebende W\u00e4rme stimuliert.<\/p>\n","protected":false},"featured_media":14357,"template":"","meta":[],"location":[959],"product_brand":[],"product_cat":[2222,2214,2213],"product_tag":[2223,2219,2215,2237,2217],"class_list":{"0":"post-14356","1":"product","2":"type-product","3":"status-publish","4":"has-post-thumbnail","6":"location-0-shop","7":"product_cat-giftbox-de","8":"product_cat-gin-de","9":"product_cat-opyos-de","10":"product_tag-giftbox-de","11":"product_tag-gin-de","12":"product_tag-luxemburg","13":"product_tag-navy-strenght-de","14":"product_tag-opyos-de","16":"first","17":"instock","18":"shipping-taxable","19":"purchasable","20":"product-type-simple"},"supplier_id":11951,"supplier_sku":"ART16","barcode":null,"atum_controlled":true,"out_stock_date":null,"out_stock_threshold":0,"inheritable":false,"inbound_stock":0,"stock_on_hold":0,"sold_today":0,"sales_last_days":0,"reserved_stock":0,"customer_returns":0,"warehouse_damage":null,"lost_in_post":0,"other_logs":0,"out_stock_days":0,"lost_sales":0,"has_location":true,"update_date":"2025-07-19T06:26:27","atum_locations":[{"id":960,"name":"0 SHOP","slug":"0-shop"}],"atum_stock_status":"instock","restock_status":false,"low_stock_amount":"","sales_update_date":"2025-07-19T06:26:27","calc_backorders":0,"locations":[],"_links":{"self":[{"href":"https:\/\/delices.lu\/de\/wp-json\/wp\/v2\/product\/14356","targetHints":{"allow":["GET"]}}],"collection":[{"href":"https:\/\/delices.lu\/de\/wp-json\/wp\/v2\/product"}],"about":[{"href":"https:\/\/delices.lu\/de\/wp-json\/wp\/v2\/types\/product"}],"wp:featuredmedia":[{"embeddable":true,"href":"https:\/\/delices.lu\/de\/wp-json\/wp\/v2\/media\/14357"}],"wp:attachment":[{"href":"https:\/\/delices.lu\/de\/wp-json\/wp\/v2\/media?parent=14356"}],"wp:term":[{"taxonomy":"location","embeddable":true,"href":"https:\/\/delices.lu\/de\/wp-json\/wp\/v2\/location?post=14356"},{"taxonomy":"product_brand","embeddable":true,"href":"https:\/\/delices.lu\/de\/wp-json\/wp\/v2\/product_brand?post=14356"},{"taxonomy":"product_cat","embeddable":true,"href":"https:\/\/delices.lu\/de\/wp-json\/wp\/v2\/product_cat?post=14356"},{"taxonomy":"product_tag","embeddable":true,"href":"https:\/\/delices.lu\/de\/wp-json\/wp\/v2\/product_tag?post=14356"}],"curies":[{"name":"wp","href":"https:\/\/api.w.org\/{rel}","templated":true}]}}