{"id":14359,"date":"2024-10-09T00:00:06","date_gmt":"2025-03-20T10:45:28","guid":{"rendered":"https:\/\/delices.lu\/produit\/manufacture-rock-schwarze-schale\/"},"modified":"2025-03-20T11:45:28","modified_gmt":"2025-03-20T10:45:28","slug":"manufacture-rock-schwarze-schale","status":"publish","type":"product","link":"https:\/\/delices.lu\/de\/produit\/manufacture-rock-schwarze-schale\/","title":{"rendered":"Manufacture Rock &#8211; Schwarze Schale"},"content":{"rendered":"<p><strong>Saucen-, Tapas- oder Dessertschale: ein trendiges Stilbekenntnis im Schieferlook<\/strong><br \/>\nDie Manufacture Rock Kollektion ist voller Originalit\u00e4t. Diese Porzellanschale beweist dies mit einer innovativen Verwendung von Materialien. Die Porzellanoberfl\u00e4che verleiht der matten Textur ein wirklich ausdrucksstarkes Schwarz. Die Schieferoptik bietet auch eine au\u00dfergew\u00f6hnliche Haptik, so dass das Ergebnis immer Ihren Erwartungen entspricht. F\u00fcr eine sch\u00f6ne Pr\u00e4sentation kann die schwarze Schale auf einem rechteckigen Teller aus der gleichen ikonischen Serie pr\u00e4sentiert werden. Vervollst\u00e4ndigen Sie Ihr Villeroy und Boch Geschirrset mit dieser originellen und hochwertigen Schale. Diese Designschale kann den ganzen Tag \u00fcber verwendet werden und ist auch eine ideale Pr\u00e4sentationsschale f\u00fcr das Servieren von k\u00f6stlichen Antipasti, Appetith\u00e4ppchen oder Dips. Sie ist auch eine elegante Dessertschale oder ein sch\u00f6nes St\u00fcck, das als moderne Porzellansauci\u00e8re verwendet werden kann. Genie\u00dfen Sie das charaktervolle Design.        <\/p>\n","protected":false},"excerpt":{"rendered":"<p>MATERIAL: Hochwertiges Porzellan<br \/>\nDURCHMESSER: ca. 77 mm<br \/>\nGR\u00d6\u00dfE: ca. 60 ml<br \/>\nFARBE: schwarz<br \/>\nGARANTIE SP\u00dcLMASCHINENGARANTIE: nicht<br \/>\nMIKROWELLENKOMPATIBEL: nicht<br \/>\nREF. ARTIKEL: 1042393932 <\/p>\n","protected":false},"featured_media":14360,"template":"","meta":[],"location":[959,969],"product_brand":[],"product_cat":[1354,1355,1356,2242,1309],"product_tag":[2254,2255,2285],"class_list":{"0":"post-14359","1":"product","2":"type-product","3":"status-publish","4":"has-post-thumbnail","6":"location-0-shop","7":"location-05-4","8":"product_cat-art-de-la-table-de","9":"product_cat-bol-de","10":"product_cat-coupe-de","11":"product_cat-schussel","12":"product_cat-villeroy-boch-de","13":"product_tag-dip-schale","14":"product_tag-manufaktur-rock","15":"product_tag-schwarz","17":"first","18":"instock","19":"shipping-taxable","20":"purchasable","21":"product-type-simple"},"supplier_id":9071,"supplier_sku":"1042393932","barcode":"4003686358973","atum_controlled":true,"out_stock_date":null,"out_stock_threshold":0,"inheritable":false,"inbound_stock":0,"stock_on_hold":0,"sold_today":0,"sales_last_days":0,"reserved_stock":0,"customer_returns":0,"warehouse_damage":null,"lost_in_post":0,"other_logs":0,"out_stock_days":0,"lost_sales":0,"has_location":true,"update_date":"2025-07-19T06:26:34","atum_locations":[{"id":960,"name":"0 SHOP","slug":"0-shop"},{"id":862,"name":"054","slug":"054"}],"atum_stock_status":"instock","restock_status":false,"low_stock_amount":"","sales_update_date":"2025-07-19T06:26:34","calc_backorders":0,"locations":[],"_links":{"self":[{"href":"https:\/\/delices.lu\/de\/wp-json\/wp\/v2\/product\/14359","targetHints":{"allow":["GET"]}}],"collection":[{"href":"https:\/\/delices.lu\/de\/wp-json\/wp\/v2\/product"}],"about":[{"href":"https:\/\/delices.lu\/de\/wp-json\/wp\/v2\/types\/product"}],"wp:featuredmedia":[{"embeddable":true,"href":"https:\/\/delices.lu\/de\/wp-json\/wp\/v2\/media\/14360"}],"wp:attachment":[{"href":"https:\/\/delices.lu\/de\/wp-json\/wp\/v2\/media?parent=14359"}],"wp:term":[{"taxonomy":"location","embeddable":true,"href":"https:\/\/delices.lu\/de\/wp-json\/wp\/v2\/location?post=14359"},{"taxonomy":"product_brand","embeddable":true,"href":"https:\/\/delices.lu\/de\/wp-json\/wp\/v2\/product_brand?post=14359"},{"taxonomy":"product_cat","embeddable":true,"href":"https:\/\/delices.lu\/de\/wp-json\/wp\/v2\/product_cat?post=14359"},{"taxonomy":"product_tag","embeddable":true,"href":"https:\/\/delices.lu\/de\/wp-json\/wp\/v2\/product_tag?post=14359"}],"curies":[{"name":"wp","href":"https:\/\/api.w.org\/{rel}","templated":true}]}}