{"id":14364,"date":"2024-10-09T00:00:00","date_gmt":"2025-03-20T10:45:29","guid":{"rendered":"https:\/\/delices.lu\/produit\/manufacture-rock-tiefer-teller-rund-schwarz\/"},"modified":"2025-03-20T11:45:29","modified_gmt":"2025-03-20T10:45:29","slug":"manufacture-rock-tiefer-teller-rund-schwarz","status":"publish","type":"product","link":"https:\/\/delices.lu\/de\/produit\/manufacture-rock-tiefer-teller-rund-schwarz\/","title":{"rendered":"Manufacture Rock &#8211; Tiefer Teller, rund, schwarz"},"content":{"rendered":"<p><strong>Ein zarter und raffinierter Suppenteller aus schwarzem Porzellan<\/strong><br \/>\nDer Suppenteller aus schwarzem Schiefer aus der ikonischen Manufacture Rock Kollektion ist ein Garant f\u00fcr eine elegante Tischdekoration. Dieses Porzellangeschirr mit matter Textur und Schieferoptik verleiht Ihren kulinarischen Kreationen einen Hauch von Originalit\u00e4t. Ein hochwertiges Design mit Charakter f\u00fcr gro\u00dfe Empf\u00e4nge, aber auch f\u00fcr intimere und gesellige Momente. Dieser tiefe Designteller aus der Kollektion Manufacture Rock verleiht Ihren kalten und warmen Gerichten eine besondere \u00c4sthetik: Suppen, Salate, Reisgerichte mit Sauce oder andere Beilagen und asiatische Bowls. Dieser runde Teller ist tief genug und schmal genug, um die W\u00e4rme zu speichern, so dass Sie die Speisen optimal genie\u00dfen k\u00f6nnen. Er ist auch ein wichtiges Accessoire f\u00fcr Ihre Tischdekoration und kann mit unseren anderen Schiefergeschirr-Sets (Schalen, Platzteller oder Servierplatten) f\u00fcr eine einzigartige Inszenierung kombiniert werden. In diesem praktischen tiefen Teller Manufacture Rock in Schwarz servieren Sie t\u00e4glich Salate, Reisgerichte oder Beilagen mit einem einzigartigen Stil.      <\/p>\n","protected":false},"excerpt":{"rendered":"<p>MATERIAL: Hochwertiges Porzellan<br \/>\nDURCHMESSER: ca. 235 mm<br \/>\nGR\u00d6SSE: ca. 430 ml<br \/>\nFARBE: schwarz<br \/>\nGARANTIE SP\u00dcLMASCHINENGARANTIE: nicht<br \/>\nMIKROWELLENKOMPATIBEL: nicht<br \/>\nREF. ARTIKEL: 1042392536 <\/p>\n","protected":false},"featured_media":14365,"template":"","meta":[],"location":[959,969],"product_brand":[],"product_cat":[1354,1356,2231,1309],"product_tag":[1358,2255,2256,2286,2248,2253],"class_list":{"0":"post-14364","1":"product","2":"type-product","3":"status-publish","4":"has-post-thumbnail","6":"location-0-shop","7":"location-05-4","8":"product_cat-art-de-la-table-de","9":"product_cat-coupe-de","10":"product_cat-teller","11":"product_cat-villeroy-boch-de","12":"product_tag-coupe-de","13":"product_tag-manufaktur-rock","14":"product_tag-rundschreiben","15":"product_tag-schwarz-de","16":"product_tag-teller","17":"product_tag-tiefer-teller","19":"first","20":"instock","21":"shipping-taxable","22":"purchasable","23":"product-type-simple"},"supplier_id":9071,"supplier_sku":"1042392536","barcode":"4003686354994","atum_controlled":true,"out_stock_date":null,"out_stock_threshold":0,"inheritable":false,"inbound_stock":0,"stock_on_hold":0,"sold_today":0,"sales_last_days":0,"reserved_stock":0,"customer_returns":0,"warehouse_damage":null,"lost_in_post":0,"other_logs":0,"out_stock_days":0,"lost_sales":0,"has_location":true,"update_date":"2025-07-19T06:26:39","atum_locations":[{"id":960,"name":"0 SHOP","slug":"0-shop"},{"id":862,"name":"054","slug":"054"}],"atum_stock_status":"instock","restock_status":false,"low_stock_amount":"","sales_update_date":"2025-07-19T06:26:39","calc_backorders":0,"locations":[],"_links":{"self":[{"href":"https:\/\/delices.lu\/de\/wp-json\/wp\/v2\/product\/14364","targetHints":{"allow":["GET"]}}],"collection":[{"href":"https:\/\/delices.lu\/de\/wp-json\/wp\/v2\/product"}],"about":[{"href":"https:\/\/delices.lu\/de\/wp-json\/wp\/v2\/types\/product"}],"wp:featuredmedia":[{"embeddable":true,"href":"https:\/\/delices.lu\/de\/wp-json\/wp\/v2\/media\/14365"}],"wp:attachment":[{"href":"https:\/\/delices.lu\/de\/wp-json\/wp\/v2\/media?parent=14364"}],"wp:term":[{"taxonomy":"location","embeddable":true,"href":"https:\/\/delices.lu\/de\/wp-json\/wp\/v2\/location?post=14364"},{"taxonomy":"product_brand","embeddable":true,"href":"https:\/\/delices.lu\/de\/wp-json\/wp\/v2\/product_brand?post=14364"},{"taxonomy":"product_cat","embeddable":true,"href":"https:\/\/delices.lu\/de\/wp-json\/wp\/v2\/product_cat?post=14364"},{"taxonomy":"product_tag","embeddable":true,"href":"https:\/\/delices.lu\/de\/wp-json\/wp\/v2\/product_tag?post=14364"}],"curies":[{"name":"wp","href":"https:\/\/api.w.org\/{rel}","templated":true}]}}