{"id":14368,"date":"2024-10-09T00:00:14","date_gmt":"2025-03-20T10:45:30","guid":{"rendered":"https:\/\/delices.lu\/produit\/manufacture-rock-hohle-schale-schwarz\/"},"modified":"2025-03-20T11:45:30","modified_gmt":"2025-03-20T10:45:30","slug":"manufacture-rock-hohle-schale-schwarz","status":"publish","type":"product","link":"https:\/\/delices.lu\/de\/produit\/manufacture-rock-hohle-schale-schwarz\/","title":{"rendered":"Manufacture Rock &#8211; Hohle Schale, schwarz"},"content":{"rendered":"<p><strong>Ein matter Suppenteller f\u00fcr jeden Tag und jede sch\u00f6ne Gelegenheit<\/strong><br \/>\nDieser schwarze Gourmetteller der Spitzenklasse bietet auch eine einzigartige Haptik, die typisch f\u00fcr die Manufacture Rock Kollektion ist. Dieser Teller von Villeroy und Boch besticht durch seinen handwerklichen Stil und seine einfache Handhabung w\u00e4hrend der Mahlzeiten. Er schafft eine warme Atmosph\u00e4re auf Ihrem Tisch. Es handelt sich um ein raffiniertes Designgeschirr. Dieser tiefe Teller zeichnet sich durch seine Originalit\u00e4t aus. Seine elegante tiefe Form mit dem erh\u00f6hten Rand macht ihn zu einem einfach zu verwendenden Gourmetteller. Er eignet sich perfekt zum Anrichten von Gem\u00fcse, Kartoffeln und Salaten. Dieser schwarze Teller aus Porzellan ist von Premium Qualit\u00e4t. Die matte Textur des tiefen Design-Tellers mit Schieferoptik verleiht dem Porzellanservice neben seiner Form auch eine gewisse Originalit\u00e4t. Verf\u00fchren Sie mit einem raffinierten Geschirrdesign.         <\/p>\n","protected":false},"excerpt":{"rendered":"<p>MATERIAL: Hochwertiges Porzellan<br \/>\nDURCHMESSER: ca. 285 mm<br \/>\nGR\u00d6SSE: ca. 440 ml<br \/>\nFARBE: schwarz<br \/>\nGARANTIE SP\u00dcLMASCHINENGARANTIE: nicht<br \/>\nMIKROWELLENKOMPATIBEL. nicht<br \/>\nREF. ARTIKEL: 1042392701  <\/p>\n","protected":false},"featured_media":14369,"template":"","meta":[],"location":[959,962],"product_brand":[],"product_cat":[1354,1356,2231,2287,1309],"product_tag":[1358,2255,2256,2288,2248,2253],"class_list":{"0":"post-14368","1":"product","2":"type-product","3":"status-publish","4":"has-post-thumbnail","6":"location-0-shop","7":"location-06-4","8":"product_cat-art-de-la-table-de","9":"product_cat-coupe-de","10":"product_cat-teller","11":"product_cat-teller-de","12":"product_cat-villeroy-boch-de","13":"product_tag-coupe-de","14":"product_tag-manufaktur-rock","15":"product_tag-rundschreiben","16":"product_tag-schwarz-matt","17":"product_tag-teller","18":"product_tag-tiefer-teller","20":"first","21":"instock","22":"shipping-taxable","23":"purchasable","24":"product-type-simple"},"supplier_id":9071,"supplier_sku":"1042392701","barcode":"4003686378476","atum_controlled":true,"out_stock_date":null,"out_stock_threshold":0,"inheritable":false,"inbound_stock":0,"stock_on_hold":0,"sold_today":0,"sales_last_days":0,"reserved_stock":0,"customer_returns":0,"warehouse_damage":null,"lost_in_post":0,"other_logs":0,"out_stock_days":0,"lost_sales":0,"has_location":true,"update_date":"2025-07-19T06:26:39","atum_locations":[{"id":960,"name":"0 SHOP","slug":"0-shop"},{"id":857,"name":"064","slug":"064"}],"atum_stock_status":"instock","restock_status":false,"low_stock_amount":"","sales_update_date":"2025-07-19T06:26:39","calc_backorders":0,"locations":[],"_links":{"self":[{"href":"https:\/\/delices.lu\/de\/wp-json\/wp\/v2\/product\/14368","targetHints":{"allow":["GET"]}}],"collection":[{"href":"https:\/\/delices.lu\/de\/wp-json\/wp\/v2\/product"}],"about":[{"href":"https:\/\/delices.lu\/de\/wp-json\/wp\/v2\/types\/product"}],"wp:featuredmedia":[{"embeddable":true,"href":"https:\/\/delices.lu\/de\/wp-json\/wp\/v2\/media\/14369"}],"wp:attachment":[{"href":"https:\/\/delices.lu\/de\/wp-json\/wp\/v2\/media?parent=14368"}],"wp:term":[{"taxonomy":"location","embeddable":true,"href":"https:\/\/delices.lu\/de\/wp-json\/wp\/v2\/location?post=14368"},{"taxonomy":"product_brand","embeddable":true,"href":"https:\/\/delices.lu\/de\/wp-json\/wp\/v2\/product_brand?post=14368"},{"taxonomy":"product_cat","embeddable":true,"href":"https:\/\/delices.lu\/de\/wp-json\/wp\/v2\/product_cat?post=14368"},{"taxonomy":"product_tag","embeddable":true,"href":"https:\/\/delices.lu\/de\/wp-json\/wp\/v2\/product_tag?post=14368"}],"curies":[{"name":"wp","href":"https:\/\/api.w.org\/{rel}","templated":true}]}}