{"id":14374,"date":"2024-04-23T00:00:21","date_gmt":"2025-03-20T10:45:31","guid":{"rendered":"https:\/\/delices.lu\/produit\/rose-garden-rosa-untertasse-fuer-eine-kaffeetasse\/"},"modified":"2025-03-20T11:45:31","modified_gmt":"2025-03-20T10:45:31","slug":"rose-garden-rosa-untertasse-fuer-eine-kaffeetasse","status":"publish","type":"product","link":"https:\/\/delices.lu\/de\/produit\/rose-garden-rosa-untertasse-fuer-eine-kaffeetasse\/","title":{"rendered":"Rose Garden &#8211; Rosa Untertasse f\u00fcr eine Kaffeetasse"},"content":{"rendered":"<p><strong>Eine zartrosa Untertasse aus elegantem Por<\/strong>zellan<br \/>\nDiese zartrosa Untertasse aus Porzellan eignet sich perfekt f\u00fcr eine Kaffeetasse aus der Rose Garden Kollektion. Die zartrosa Farbe unterstreicht die zeitlose Linie des Porzellangeschirrs der Serie Villeroy &amp; Boch. Die zartrosa Kaffeetasse kann auch als kleiner Platzteller f\u00fcr s\u00fc\u00dfe Leckereien wie Kuchen, Geb\u00e4ck oder Pralinen verwendet werden, die mit Tee oder Kaffee serviert werden. Setzen Sie auf das zeitlose Design von Villeroy &amp; Boch.   <\/p>\n","protected":false},"excerpt":{"rendered":"<p>MATERIAL: Hochwertiges Porzellan<br \/>\nDURCHMESSER: ca. 148 mm<br \/>\nFARBE: zartrosa<br \/>\nGARANTIERT SP\u00dcLMASCHINENGARANTIE: Ja<br \/>\nMIKROWELLENKOMPATIBEL: Ja<br \/>\nREF. ARTIKEL: 1042871310 <\/p>\n","protected":false},"featured_media":14376,"template":"","meta":[],"location":[959],"product_brand":[],"product_cat":[1354,2266,1309],"product_tag":[2289,2239,2267],"class_list":{"0":"post-14374","1":"product","2":"type-product","3":"status-publish","4":"has-post-thumbnail","6":"location-0-shop","7":"product_cat-art-de-la-table-de","8":"product_cat-untertasse","9":"product_cat-villeroy-boch-de","10":"product_tag-blassrosa","11":"product_tag-rosengarten","12":"product_tag-untertasse-ohne-tasse","14":"first","15":"instock","16":"shipping-taxable","17":"purchasable","18":"product-type-simple"},"supplier_id":9071,"supplier_sku":"1042871310","barcode":"4003686xxxxxx","atum_controlled":true,"out_stock_date":null,"out_stock_threshold":0,"inheritable":false,"inbound_stock":0,"stock_on_hold":0,"sold_today":0,"sales_last_days":0,"reserved_stock":0,"customer_returns":0,"warehouse_damage":null,"lost_in_post":0,"other_logs":0,"out_stock_days":0,"lost_sales":0,"has_location":false,"update_date":"2025-07-19T06:26:31","atum_locations":[{"id":960,"name":"0 SHOP","slug":"0-shop"}],"atum_stock_status":"instock","restock_status":false,"low_stock_amount":"","sales_update_date":"2025-07-19T06:26:31","calc_backorders":0,"locations":[],"_links":{"self":[{"href":"https:\/\/delices.lu\/de\/wp-json\/wp\/v2\/product\/14374","targetHints":{"allow":["GET"]}}],"collection":[{"href":"https:\/\/delices.lu\/de\/wp-json\/wp\/v2\/product"}],"about":[{"href":"https:\/\/delices.lu\/de\/wp-json\/wp\/v2\/types\/product"}],"wp:featuredmedia":[{"embeddable":true,"href":"https:\/\/delices.lu\/de\/wp-json\/wp\/v2\/media\/14376"}],"wp:attachment":[{"href":"https:\/\/delices.lu\/de\/wp-json\/wp\/v2\/media?parent=14374"}],"wp:term":[{"taxonomy":"location","embeddable":true,"href":"https:\/\/delices.lu\/de\/wp-json\/wp\/v2\/location?post=14374"},{"taxonomy":"product_brand","embeddable":true,"href":"https:\/\/delices.lu\/de\/wp-json\/wp\/v2\/product_brand?post=14374"},{"taxonomy":"product_cat","embeddable":true,"href":"https:\/\/delices.lu\/de\/wp-json\/wp\/v2\/product_cat?post=14374"},{"taxonomy":"product_tag","embeddable":true,"href":"https:\/\/delices.lu\/de\/wp-json\/wp\/v2\/product_tag?post=14374"}],"curies":[{"name":"wp","href":"https:\/\/api.w.org\/{rel}","templated":true}]}}