{"id":14375,"date":"2024-06-29T00:00:52","date_gmt":"2025-03-20T10:45:31","guid":{"rendered":"https:\/\/delices.lu\/produit\/manufacture-rock-3er-set-kleine-schalen-weiss-auf-platte\/"},"modified":"2025-03-20T11:45:31","modified_gmt":"2025-03-20T10:45:31","slug":"manufacture-rock-3er-set-kleine-schalen-weiss-auf-platte","status":"publish","type":"product","link":"https:\/\/delices.lu\/de\/produit\/manufacture-rock-3er-set-kleine-schalen-weiss-auf-platte\/","title":{"rendered":"Manufacture Rock &#8211; 3er-Set, kleine Schalen, wei\u00df, auf Platte"},"content":{"rendered":"<p><strong>Ein trendiges Stil-Statement mit wei\u00dfem Schiefer-Look<\/strong><br \/>\nManufacture Rock Blanc ist eine Kollektion voller Originalit\u00e4t: Innovative Materialverwendung, matt strukturierte Porzellanoberfl\u00e4chen und ein ausdrucksstarkes Wei\u00df verleihen dieser ikonischen Trendserie ihren einzigartigen Schiefer-Look und ihre au\u00dfergew\u00f6hnliche Haptik. Diese Kollektion l\u00e4sst sich wunderbar mit der gesamten Manufacture-Serie kombinieren. Ob Antipasti, Appetith\u00e4ppchen oder k\u00f6stliche Dips, mit diesem Set aus 4 kleinen Sch\u00e4lchen werden Sie immer einen gro\u00dfen Eindruck machen. Genie\u00dfen Sie das charaktervolle Design. Das Set besteht aus:    <\/p>\n<p>3 x Dipschale, 60ml<br \/>\n1 x Teller, 28 x 16.9 cm<\/p>\n","protected":false},"excerpt":{"rendered":"<p>MATERIAL: Hochwertiges Porzellan<br \/>\nFARBE: Wei\u00df<br \/>\nGARANTIERT SP\u00dcLMASCHINENGARANTIE: Ja<br \/>\nMIKROWELLENKOMPATIBEL: Ja<br \/>\nREF. ARTIKEL: 1042409023 <\/p>\n","protected":false},"featured_media":14379,"template":"","meta":[],"location":[959,963],"product_brand":[],"product_cat":[1354,2242,1309],"product_tag":[2293,2292,2291,2290,2166],"class_list":{"0":"post-14375","1":"product","2":"type-product","3":"status-publish","4":"has-post-thumbnail","6":"location-0-shop","7":"location-06-3","8":"product_cat-art-de-la-table-de","9":"product_cat-schussel","10":"product_cat-villeroy-boch-de","11":"product_tag-gewurze","12":"product_tag-schalen","13":"product_tag-set-aus-platte-und-schalen","14":"product_tag-set-mit-4-stuck","15":"product_tag-weis","17":"first","18":"instock","19":"shipping-taxable","20":"purchasable","21":"product-type-simple"},"supplier_id":9071,"supplier_sku":"1042409023","barcode":"4003686395077","atum_controlled":true,"out_stock_date":null,"out_stock_threshold":0,"inheritable":false,"inbound_stock":0,"stock_on_hold":0,"sold_today":0,"sales_last_days":0,"reserved_stock":0,"customer_returns":0,"warehouse_damage":null,"lost_in_post":0,"other_logs":0,"out_stock_days":0,"lost_sales":0,"has_location":false,"update_date":"2025-07-19T06:26:24","atum_locations":[{"id":960,"name":"0 SHOP","slug":"0-shop"},{"id":856,"name":"063","slug":"063"}],"atum_stock_status":"instock","restock_status":false,"low_stock_amount":"","sales_update_date":"2025-07-19T06:26:24","calc_backorders":0,"locations":[],"_links":{"self":[{"href":"https:\/\/delices.lu\/de\/wp-json\/wp\/v2\/product\/14375","targetHints":{"allow":["GET"]}}],"collection":[{"href":"https:\/\/delices.lu\/de\/wp-json\/wp\/v2\/product"}],"about":[{"href":"https:\/\/delices.lu\/de\/wp-json\/wp\/v2\/types\/product"}],"wp:featuredmedia":[{"embeddable":true,"href":"https:\/\/delices.lu\/de\/wp-json\/wp\/v2\/media\/14379"}],"wp:attachment":[{"href":"https:\/\/delices.lu\/de\/wp-json\/wp\/v2\/media?parent=14375"}],"wp:term":[{"taxonomy":"location","embeddable":true,"href":"https:\/\/delices.lu\/de\/wp-json\/wp\/v2\/location?post=14375"},{"taxonomy":"product_brand","embeddable":true,"href":"https:\/\/delices.lu\/de\/wp-json\/wp\/v2\/product_brand?post=14375"},{"taxonomy":"product_cat","embeddable":true,"href":"https:\/\/delices.lu\/de\/wp-json\/wp\/v2\/product_cat?post=14375"},{"taxonomy":"product_tag","embeddable":true,"href":"https:\/\/delices.lu\/de\/wp-json\/wp\/v2\/product_tag?post=14375"}],"curies":[{"name":"wp","href":"https:\/\/api.w.org\/{rel}","templated":true}]}}