{"id":14382,"date":"2024-10-09T00:00:53","date_gmt":"2025-03-20T10:45:31","guid":{"rendered":"https:\/\/delices.lu\/produit\/manufacture-rock-schale-rund-schwarz\/"},"modified":"2025-03-20T11:45:31","modified_gmt":"2025-03-20T10:45:31","slug":"manufacture-rock-schale-rund-schwarz","status":"publish","type":"product","link":"https:\/\/delices.lu\/de\/produit\/manufacture-rock-schale-rund-schwarz\/","title":{"rendered":"Manufacture Rock &#8211; Schale, rund, schwarz"},"content":{"rendered":"<p><strong>Eine elegante Schale f\u00fcr jeden Anlass<\/strong><br \/>\nDie Kollektion Manufacture Rock ist voller Originalit\u00e4t. Wie w\u00e4re es, wenn Sie ein komplettes Tafelservice zusammenstellen? Kombinieren Sie matt und gl\u00e4nzend f\u00fcr ein elegantes Ergebnis! Teller, Weingl\u00e4ser, Servierplatten, Kaffeetassen und -untertassen&#8230; Die St\u00fccke dieser Kollektion lassen sich wunderbar kombinieren. Genie\u00dfen Sie Ihr Lieblingsgericht aus dieser sch\u00f6nen schwarzen Schale: gemischter Salat, Pasta, Suppe, Poke Bowl oder Risotto. Vom Fr\u00fchst\u00fcck bis zum Abendessen, diese Sch\u00fcssel mit Schieferoptik bringt all Ihre kulinarischen Kreationen zur Geltung. Wenn Sie sich f\u00fcr ein Geschirrset von Villeroy &amp; Boch entscheiden, entscheiden Sie sich f\u00fcr kreative Designerst\u00fccke von h\u00f6chster Qualit\u00e4t! Diese Porzellanschale verk\u00f6rpert perfekt unsere Werte von Modernit\u00e4t und Exzellenz. Das tiefe, matte Schwarz in Kombination mit der strukturierten, schiefer\u00e4hnlichen Oberfl\u00e4che verleiht ihr ein einzigartiges Aussehen. Diese originelle Schale verleiht Ihrem Tisch zweifellos Relief und Originalit\u00e4t. Sie ist sowohl funktional als auch \u00e4sthetisch und bietet ein echtes haptisches Erlebnis!          <\/p>\n","protected":false},"excerpt":{"rendered":"<p>MATERIAL: Hochwertiges Porzellan<br \/>\nDURCHMESSER: ca. 108 mm<br \/>\nGR\u00d6SSE: ca. 200 ml<br \/>\nFARBE: schwarz<br \/>\nGARANTIE SP\u00dcLMASCHINENGARANTIE: nicht<br \/>\nMIKROWELLENKOMPATIBEL . nicht<br \/>\nREF. ARTIKEL: 1042391905  <\/p>\n","protected":false},"featured_media":14384,"template":"","meta":[],"location":[959,969],"product_brand":[],"product_cat":[1354,1355,1356,2242,1309],"product_tag":[1359,1358,2255,2243,2285],"class_list":{"0":"post-14382","1":"product","2":"type-product","3":"status-publish","4":"has-post-thumbnail","6":"location-0-shop","7":"location-05-4","8":"product_cat-art-de-la-table-de","9":"product_cat-bol-de","10":"product_cat-coupe-de","11":"product_cat-schussel","12":"product_cat-villeroy-boch-de","13":"product_tag-bol-de","14":"product_tag-coupe-de","15":"product_tag-manufaktur-rock","16":"product_tag-schussel","17":"product_tag-schwarz","19":"first","20":"instock","21":"shipping-taxable","22":"purchasable","23":"product-type-simple"},"supplier_id":9071,"supplier_sku":"1042391905","barcode":"4003686409675","atum_controlled":true,"out_stock_date":null,"out_stock_threshold":0,"inheritable":false,"inbound_stock":0,"stock_on_hold":0,"sold_today":0,"sales_last_days":0,"reserved_stock":0,"customer_returns":0,"warehouse_damage":null,"lost_in_post":0,"other_logs":0,"out_stock_days":0,"lost_sales":0,"has_location":true,"update_date":"2025-07-19T06:26:39","atum_locations":[{"id":960,"name":"0 SHOP","slug":"0-shop"},{"id":862,"name":"054","slug":"054"}],"atum_stock_status":"instock","restock_status":false,"low_stock_amount":"","sales_update_date":"2025-07-19T06:26:39","calc_backorders":0,"locations":[],"_links":{"self":[{"href":"https:\/\/delices.lu\/de\/wp-json\/wp\/v2\/product\/14382","targetHints":{"allow":["GET"]}}],"collection":[{"href":"https:\/\/delices.lu\/de\/wp-json\/wp\/v2\/product"}],"about":[{"href":"https:\/\/delices.lu\/de\/wp-json\/wp\/v2\/types\/product"}],"wp:featuredmedia":[{"embeddable":true,"href":"https:\/\/delices.lu\/de\/wp-json\/wp\/v2\/media\/14384"}],"wp:attachment":[{"href":"https:\/\/delices.lu\/de\/wp-json\/wp\/v2\/media?parent=14382"}],"wp:term":[{"taxonomy":"location","embeddable":true,"href":"https:\/\/delices.lu\/de\/wp-json\/wp\/v2\/location?post=14382"},{"taxonomy":"product_brand","embeddable":true,"href":"https:\/\/delices.lu\/de\/wp-json\/wp\/v2\/product_brand?post=14382"},{"taxonomy":"product_cat","embeddable":true,"href":"https:\/\/delices.lu\/de\/wp-json\/wp\/v2\/product_cat?post=14382"},{"taxonomy":"product_tag","embeddable":true,"href":"https:\/\/delices.lu\/de\/wp-json\/wp\/v2\/product_tag?post=14382"}],"curies":[{"name":"wp","href":"https:\/\/api.w.org\/{rel}","templated":true}]}}