{"id":14383,"date":"2024-06-29T00:00:44","date_gmt":"2025-03-20T10:45:31","guid":{"rendered":"https:\/\/delices.lu\/produit\/manufacture-rock-schuessel-rund-weiss\/"},"modified":"2025-03-20T11:45:31","modified_gmt":"2025-03-20T10:45:31","slug":"manufacture-rock-schuessel-rund-weiss","status":"publish","type":"product","link":"https:\/\/delices.lu\/de\/produit\/manufacture-rock-schuessel-rund-weiss\/","title":{"rendered":"Manufacture Rock &#8211; Sch\u00fcssel, rund, wei\u00df"},"content":{"rendered":"<p><strong>Sch\u00e4lchen f\u00fcr Reis, Getreide oder Beilagen<\/strong><br \/>\nVerf\u00fchren Sie mit einem raffinierten Geschirrdesign. Nat\u00fcrlich, authentisch und mit einer einzigartigen Haptik: das ist Manufacture Rock. Der handwerkliche Stil des Porzellans mit seiner matten Textur und dem schieferartigen Aussehen verleiht der Kollektion ihre Originalit\u00e4t. In Kombination mit den handbemalten St\u00fccken der verwandten Manufacture Kollektion schafft sie eine warme Atmosph\u00e4re auf Ihrem Tisch. Vom fruchtigen M\u00fcsli zum Fr\u00fchst\u00fcck bis zur originellen Suppe vor einem festlichen Abendessen: Diese Schale aus der Kollektion Manufacture Rock in Wei\u00df passt zu jeder Gelegenheit.    <\/p>\n","protected":false},"excerpt":{"rendered":"<p>MATERIAL: Premium Porcelain<br \/>\nDURCHMESSER: ca. 108 mm<br \/>\nGR\u00d6SSE: ca. 200 ml<br \/>\nFARBE: wei\u00df<br \/>\nGARANTIERT SP\u00dcLMASCHINENGARANTIE: Ja<br \/>\nMIKROWELLENKOMPATIBEL . Ja<br \/>\nREF. ARTIKEL: 1042401905  <\/p>\n","protected":false},"featured_media":14386,"template":"","meta":[],"location":[959,962],"product_brand":[],"product_cat":[1354,1355,1356,2242,1309],"product_tag":[1359,1358,2255,2243,2166],"class_list":{"0":"post-14383","1":"product","2":"type-product","3":"status-publish","4":"has-post-thumbnail","6":"location-0-shop","7":"location-06-4","8":"product_cat-art-de-la-table-de","9":"product_cat-bol-de","10":"product_cat-coupe-de","11":"product_cat-schussel","12":"product_cat-villeroy-boch-de","13":"product_tag-bol-de","14":"product_tag-coupe-de","15":"product_tag-manufaktur-rock","16":"product_tag-schussel","17":"product_tag-weis","19":"first","20":"instock","21":"shipping-taxable","22":"purchasable","23":"product-type-simple"},"supplier_id":9071,"supplier_sku":"1042401905","barcode":"4003686409699","atum_controlled":true,"out_stock_date":null,"out_stock_threshold":0,"inheritable":false,"inbound_stock":0,"stock_on_hold":0,"sold_today":0,"sales_last_days":0,"reserved_stock":0,"customer_returns":0,"warehouse_damage":null,"lost_in_post":0,"other_logs":0,"out_stock_days":0,"lost_sales":0,"has_location":false,"update_date":"2025-07-19T06:26:39","atum_locations":[{"id":960,"name":"0 SHOP","slug":"0-shop"},{"id":857,"name":"064","slug":"064"}],"atum_stock_status":"instock","restock_status":false,"low_stock_amount":"","sales_update_date":"2025-07-19T06:26:39","calc_backorders":0,"locations":[],"_links":{"self":[{"href":"https:\/\/delices.lu\/de\/wp-json\/wp\/v2\/product\/14383","targetHints":{"allow":["GET"]}}],"collection":[{"href":"https:\/\/delices.lu\/de\/wp-json\/wp\/v2\/product"}],"about":[{"href":"https:\/\/delices.lu\/de\/wp-json\/wp\/v2\/types\/product"}],"wp:featuredmedia":[{"embeddable":true,"href":"https:\/\/delices.lu\/de\/wp-json\/wp\/v2\/media\/14386"}],"wp:attachment":[{"href":"https:\/\/delices.lu\/de\/wp-json\/wp\/v2\/media?parent=14383"}],"wp:term":[{"taxonomy":"location","embeddable":true,"href":"https:\/\/delices.lu\/de\/wp-json\/wp\/v2\/location?post=14383"},{"taxonomy":"product_brand","embeddable":true,"href":"https:\/\/delices.lu\/de\/wp-json\/wp\/v2\/product_brand?post=14383"},{"taxonomy":"product_cat","embeddable":true,"href":"https:\/\/delices.lu\/de\/wp-json\/wp\/v2\/product_cat?post=14383"},{"taxonomy":"product_tag","embeddable":true,"href":"https:\/\/delices.lu\/de\/wp-json\/wp\/v2\/product_tag?post=14383"}],"curies":[{"name":"wp","href":"https:\/\/api.w.org\/{rel}","templated":true}]}}