{"id":14395,"date":"2024-04-27T00:00:53","date_gmt":"2025-03-20T10:45:39","guid":{"rendered":"https:\/\/delices.lu\/produit\/manufacture-rock-flacher-teller-rund-weiss\/"},"modified":"2025-03-20T11:45:39","modified_gmt":"2025-03-20T10:45:39","slug":"manufacture-rock-flacher-teller-rund-weiss","status":"publish","type":"product","link":"https:\/\/delices.lu\/de\/produit\/manufacture-rock-flacher-teller-rund-weiss\/","title":{"rendered":"Manufacture Rock &#8211; Flacher Teller, rund, wei\u00df"},"content":{"rendered":"<p><strong>Flacher Teller f\u00fcr Mittag- und Abendessen<\/strong><br \/>\nVerf\u00fchren Sie mit einem raffinierten Geschirrdesign. Nat\u00fcrlich, authentisch und mit einer einzigartigen Haptik: das ist Manufacture Rock. Der handwerkliche Stil des Porzellans mit matter Textur und Schieferoptik verleiht der Kollektion ihre Originalit\u00e4t. Zusammen mit den handbemalten St\u00fccken aus der verwandten Manufacture Kollektion schafft er eine warme Atmosph\u00e4re auf Ihrem Tisch. Dieser vielseitige flache Teller Manufacture Rock in Wei\u00df eignet sich auch zum Servieren von Obst oder Geb\u00e4ck.    <\/p>\n","protected":false},"excerpt":{"rendered":"<p>MATERIAL: Hochwertiges Porzellan<br \/>\nDURCHMESSER: ca. 271 mm<br \/>\nFARBE: wei\u00df<br \/>\nGARANTIERT SP\u00dcLMASCHINENGARANTIE: Ja<br \/>\nMIKROWELLENKOMPATIBEL . Ja<br \/>\nREF. ARTIKEL: 1042402620  <\/p>\n","protected":false},"featured_media":14397,"template":"","meta":[],"location":[959],"product_brand":[],"product_cat":[1354,2231,1309],"product_tag":[2249,2255,2256,2248,2166],"class_list":{"0":"post-14395","1":"product","2":"type-product","3":"status-publish","4":"has-post-thumbnail","6":"location-0-shop","7":"product_cat-art-de-la-table-de","8":"product_cat-teller","9":"product_cat-villeroy-boch-de","10":"product_tag-flacher-teller","11":"product_tag-manufaktur-rock","12":"product_tag-rundschreiben","13":"product_tag-teller","14":"product_tag-weis","16":"first","17":"instock","18":"shipping-taxable","19":"purchasable","20":"product-type-simple"},"supplier_id":9071,"supplier_sku":"1042402620","barcode":"4003686365544","atum_controlled":true,"out_stock_date":null,"out_stock_threshold":0,"inheritable":false,"inbound_stock":0,"stock_on_hold":0,"sold_today":0,"sales_last_days":0,"reserved_stock":0,"customer_returns":0,"warehouse_damage":null,"lost_in_post":0,"other_logs":0,"out_stock_days":0,"lost_sales":0,"has_location":false,"update_date":"2025-07-19T06:26:26","atum_locations":[{"id":960,"name":"0 SHOP","slug":"0-shop"}],"atum_stock_status":"instock","restock_status":false,"low_stock_amount":"","sales_update_date":"2025-07-19T06:26:26","calc_backorders":0,"locations":[],"_links":{"self":[{"href":"https:\/\/delices.lu\/de\/wp-json\/wp\/v2\/product\/14395","targetHints":{"allow":["GET"]}}],"collection":[{"href":"https:\/\/delices.lu\/de\/wp-json\/wp\/v2\/product"}],"about":[{"href":"https:\/\/delices.lu\/de\/wp-json\/wp\/v2\/types\/product"}],"wp:featuredmedia":[{"embeddable":true,"href":"https:\/\/delices.lu\/de\/wp-json\/wp\/v2\/media\/14397"}],"wp:attachment":[{"href":"https:\/\/delices.lu\/de\/wp-json\/wp\/v2\/media?parent=14395"}],"wp:term":[{"taxonomy":"location","embeddable":true,"href":"https:\/\/delices.lu\/de\/wp-json\/wp\/v2\/location?post=14395"},{"taxonomy":"product_brand","embeddable":true,"href":"https:\/\/delices.lu\/de\/wp-json\/wp\/v2\/product_brand?post=14395"},{"taxonomy":"product_cat","embeddable":true,"href":"https:\/\/delices.lu\/de\/wp-json\/wp\/v2\/product_cat?post=14395"},{"taxonomy":"product_tag","embeddable":true,"href":"https:\/\/delices.lu\/de\/wp-json\/wp\/v2\/product_tag?post=14395"}],"curies":[{"name":"wp","href":"https:\/\/api.w.org\/{rel}","templated":true}]}}