{"id":14407,"date":"2024-10-09T00:00:25","date_gmt":"2025-03-20T10:45:40","guid":{"rendered":"https:\/\/delices.lu\/produit\/manufacture-rock-runder-brotteller-schwarz\/"},"modified":"2025-03-20T11:45:40","modified_gmt":"2025-03-20T10:45:40","slug":"manufacture-rock-runder-brotteller-schwarz","status":"publish","type":"product","link":"https:\/\/delices.lu\/de\/produit\/manufacture-rock-runder-brotteller-schwarz\/","title":{"rendered":"Manufacture Rock &#8211; Runder Brotteller, schwarz"},"content":{"rendered":"<p><strong>Kleiner Brotteller f\u00fcr eine sch\u00f6ne Pr\u00e4sentation<\/strong><br \/>\nMit seiner runden Form passt dieser Brotteller perfekt zu den anderen Tellern und dem strukturierten Geschirr aus der Kollektion Manufacture Rock von Villeroy &amp; Boch. Und um den Alltag zu erleichtern, ist der kleine Brotteller sogar sp\u00fclmaschinen- und mikrowellengeeignet. Der Brotteller eignet sich perfekt zum Servieren von knusprigem Brot oder kleinen Beilagen und ist ein sch\u00f6nes Ausstellungsst\u00fcck auf dem Tisch. Veredeln Sie die Pr\u00e4sentation Ihres Brotes mit diesem zarten und subtilen Porzellanteller! Dieser Brotteller ist aus hochwertigem Porzellan gefertigt. Seine schwarze Farbe verleiht ihm ein modernes Aussehen und sorgt f\u00fcr eine warme Ausstrahlung beim Anrichten des Gedecks. Verf\u00fchren Sie mit diesem raffinierten Porzellan.      <\/p>\n","protected":false},"excerpt":{"rendered":"<p>MATERIAL: Hochwertiges Porzellan<br \/>\nDURCHMESSER: ca. 155 mm<br \/>\nFARBE: schwarz<br \/>\nGARANTIE SP\u00dcLMASCHINENGARANTIE: nicht<br \/>\nMIKROWELLENKOMPATIBEL . nicht<br \/>\nREF. ARTIKEL: 1042392660  <\/p>\n","protected":false},"featured_media":14409,"template":"","meta":[],"location":[959,962],"product_brand":[],"product_cat":[1354,2231,1309],"product_tag":[2294,2255,2256,2286,2248],"class_list":{"0":"post-14407","1":"product","2":"type-product","3":"status-publish","4":"has-post-thumbnail","6":"location-0-shop","7":"location-06-4","8":"product_cat-art-de-la-table-de","9":"product_cat-teller","10":"product_cat-villeroy-boch-de","11":"product_tag-brotteller","12":"product_tag-manufaktur-rock","13":"product_tag-rundschreiben","14":"product_tag-schwarz-de","15":"product_tag-teller","17":"first","18":"instock","19":"shipping-taxable","20":"purchasable","21":"product-type-simple"},"supplier_id":9071,"supplier_sku":"1042392660","barcode":"4003686346598","atum_controlled":true,"out_stock_date":null,"out_stock_threshold":0,"inheritable":false,"inbound_stock":0,"stock_on_hold":0,"sold_today":0,"sales_last_days":0,"reserved_stock":0,"customer_returns":0,"warehouse_damage":null,"lost_in_post":0,"other_logs":0,"out_stock_days":0,"lost_sales":0,"has_location":true,"update_date":"2025-07-19T06:26:39","atum_locations":[{"id":960,"name":"0 SHOP","slug":"0-shop"},{"id":857,"name":"064","slug":"064"}],"atum_stock_status":"instock","restock_status":false,"low_stock_amount":"","sales_update_date":"2025-07-19T06:26:39","calc_backorders":0,"locations":[],"_links":{"self":[{"href":"https:\/\/delices.lu\/de\/wp-json\/wp\/v2\/product\/14407","targetHints":{"allow":["GET"]}}],"collection":[{"href":"https:\/\/delices.lu\/de\/wp-json\/wp\/v2\/product"}],"about":[{"href":"https:\/\/delices.lu\/de\/wp-json\/wp\/v2\/types\/product"}],"wp:featuredmedia":[{"embeddable":true,"href":"https:\/\/delices.lu\/de\/wp-json\/wp\/v2\/media\/14409"}],"wp:attachment":[{"href":"https:\/\/delices.lu\/de\/wp-json\/wp\/v2\/media?parent=14407"}],"wp:term":[{"taxonomy":"location","embeddable":true,"href":"https:\/\/delices.lu\/de\/wp-json\/wp\/v2\/location?post=14407"},{"taxonomy":"product_brand","embeddable":true,"href":"https:\/\/delices.lu\/de\/wp-json\/wp\/v2\/product_brand?post=14407"},{"taxonomy":"product_cat","embeddable":true,"href":"https:\/\/delices.lu\/de\/wp-json\/wp\/v2\/product_cat?post=14407"},{"taxonomy":"product_tag","embeddable":true,"href":"https:\/\/delices.lu\/de\/wp-json\/wp\/v2\/product_tag?post=14407"}],"curies":[{"name":"wp","href":"https:\/\/api.w.org\/{rel}","templated":true}]}}