{"id":14408,"date":"2024-06-29T00:00:59","date_gmt":"2025-03-20T10:45:40","guid":{"rendered":"https:\/\/delices.lu\/produit\/manufacture-rock-vertiefte-schale-rund-weiss\/"},"modified":"2025-03-20T11:45:40","modified_gmt":"2025-03-20T10:45:40","slug":"manufacture-rock-vertiefte-schale-rund-weiss","status":"publish","type":"product","link":"https:\/\/delices.lu\/de\/produit\/manufacture-rock-vertiefte-schale-rund-weiss\/","title":{"rendered":"Manufacture Rock &#8211; Vertiefte Schale, rund, wei\u00df"},"content":{"rendered":"<p>Eine <strong>tiefe Schale f\u00fcr jeden Tag und f\u00fcr besondere Anl\u00e4sse<\/strong><br \/>\nNat\u00fcrlich, authentisch und mit einem einzigartigen Gef\u00fchl: das ist Manufacture Rock. Der handwerkliche Stil des Porzellans mit seiner matten Textur und dem schieferartigen Aussehen verleiht der Kollektion ihre Originalit\u00e4t. In Kombination mit den handbemalten St\u00fccken der verwandten Manufacture Kollektion schafft sie eine warme Atmosph\u00e4re auf Ihrem Tisch. Diese sch\u00f6ne tiefe Schale aus Premium Porcelain eignet sich hervorragend f\u00fcr Gem\u00fcse, Kartoffeln und Salate. Ihr erh\u00f6hter Rand ist besonders praktisch f\u00fcr ein tropffreies Servieren. Verf\u00fchren Sie mit einem raffinierten Geschirrdesign.     <\/p>\n","protected":false},"excerpt":{"rendered":"<p>MATERIAL: Premium Porcelain<br \/>\nDURCHMESSER: ca. 285 mm<br \/>\nGR\u00d6SSE: ca. 440 ml<br \/>\nFARBE: wei\u00df<br \/>\nGARANTIERT SP\u00dcLMASCHINENGARANTIE: Ja<br \/>\nMIKROWELLENKOMPATIBEL . Ja<br \/>\nREF. ARTIKEL: 1042402701  <\/p>\n","protected":false},"featured_media":14413,"template":"","meta":[],"location":[959,969],"product_brand":[],"product_cat":[1354,1356,2231,2287,1309],"product_tag":[1358,2255,2256,2248,2253,2166],"class_list":{"0":"post-14408","1":"product","2":"type-product","3":"status-publish","4":"has-post-thumbnail","6":"location-0-shop","7":"location-05-4","8":"product_cat-art-de-la-table-de","9":"product_cat-coupe-de","10":"product_cat-teller","11":"product_cat-teller-de","12":"product_cat-villeroy-boch-de","13":"product_tag-coupe-de","14":"product_tag-manufaktur-rock","15":"product_tag-rundschreiben","16":"product_tag-teller","17":"product_tag-tiefer-teller","18":"product_tag-weis","20":"first","21":"instock","22":"shipping-taxable","23":"purchasable","24":"product-type-simple"},"supplier_id":9071,"supplier_sku":"1042402701","barcode":"4003686378490","atum_controlled":true,"out_stock_date":null,"out_stock_threshold":0,"inheritable":false,"inbound_stock":0,"stock_on_hold":0,"sold_today":0,"sales_last_days":0,"reserved_stock":0,"customer_returns":0,"warehouse_damage":null,"lost_in_post":0,"other_logs":0,"out_stock_days":0,"lost_sales":0,"has_location":false,"update_date":"2025-07-19T06:26:24","atum_locations":[{"id":960,"name":"0 SHOP","slug":"0-shop"},{"id":862,"name":"054","slug":"054"}],"atum_stock_status":"instock","restock_status":false,"low_stock_amount":"","sales_update_date":"2025-07-19T06:26:24","calc_backorders":null,"locations":[],"_links":{"self":[{"href":"https:\/\/delices.lu\/de\/wp-json\/wp\/v2\/product\/14408","targetHints":{"allow":["GET"]}}],"collection":[{"href":"https:\/\/delices.lu\/de\/wp-json\/wp\/v2\/product"}],"about":[{"href":"https:\/\/delices.lu\/de\/wp-json\/wp\/v2\/types\/product"}],"wp:featuredmedia":[{"embeddable":true,"href":"https:\/\/delices.lu\/de\/wp-json\/wp\/v2\/media\/14413"}],"wp:attachment":[{"href":"https:\/\/delices.lu\/de\/wp-json\/wp\/v2\/media?parent=14408"}],"wp:term":[{"taxonomy":"location","embeddable":true,"href":"https:\/\/delices.lu\/de\/wp-json\/wp\/v2\/location?post=14408"},{"taxonomy":"product_brand","embeddable":true,"href":"https:\/\/delices.lu\/de\/wp-json\/wp\/v2\/product_brand?post=14408"},{"taxonomy":"product_cat","embeddable":true,"href":"https:\/\/delices.lu\/de\/wp-json\/wp\/v2\/product_cat?post=14408"},{"taxonomy":"product_tag","embeddable":true,"href":"https:\/\/delices.lu\/de\/wp-json\/wp\/v2\/product_tag?post=14408"}],"curies":[{"name":"wp","href":"https:\/\/api.w.org\/{rel}","templated":true}]}}