{"id":14416,"date":"2024-10-09T00:00:49","date_gmt":"2025-03-20T10:45:41","guid":{"rendered":"https:\/\/delices.lu\/produit\/manufacture-rock-tiefer-runder-teller-schwarz\/"},"modified":"2025-03-20T11:45:41","modified_gmt":"2025-03-20T10:45:41","slug":"manufacture-rock-tiefer-runder-teller-schwarz","status":"publish","type":"product","link":"https:\/\/delices.lu\/de\/produit\/manufacture-rock-tiefer-runder-teller-schwarz\/","title":{"rendered":"Manufacture Rock &#8211; Tiefer runder Teller, schwarz"},"content":{"rendered":"<p><strong>Ein vielseitiger Suppenteller aus Schiefer<\/strong><br \/>\nDer mattschwarze Suppenteller hat einen einzigartigen Look. Dieses Qualit\u00e4tsgeschirr aus Porzellan hat einen handwerklichen Stil, der sehr gesch\u00e4tzt wird. Mit seiner Raffinesse und der W\u00e4rme, die er auf den Tisch bringt, ist er ein Schieferteller, der sich von der Masse abhebt. Diese schwarzen tiefen Teller passen perfekt zu den anderen Geschirrteilen der Manufacture Rock Kollektion. Dieser tiefe Teller aus hochwertigem Porzellan zeichnet sich durch seine matte, schiefer\u00e4hnliche Textur aus. Mit seiner einzigartigen Haptik und seiner eleganten Form ist dieser originelle Suppenteller einzigartig. Verf\u00fchren Sie mit einem raffinierten Geschirrdesign.      <\/p>\n","protected":false},"excerpt":{"rendered":"<p>MATERIAL: Hochwertiges Porzellan<br \/>\nDURCHMESSER: ca. 250 mm<br \/>\nFARBE: schwarz<br \/>\nGARANTIE SP\u00dcLMASCHINENGARANTIE: nicht<br \/>\nMIKROWELLENKOMPATIBEL: nicht<br \/>\nREF. ARTIKEL: 1042392630 <\/p>\n","protected":false},"featured_media":14420,"template":"","meta":[],"location":[959,973],"product_brand":[],"product_cat":[1354,1356,2231,1309],"product_tag":[1358,2255,2256,2286,2248,2253],"class_list":{"0":"post-14416","1":"product","2":"type-product","3":"status-publish","4":"has-post-thumbnail","6":"location-0-shop","7":"location-04-3","8":"product_cat-art-de-la-table-de","9":"product_cat-coupe-de","10":"product_cat-teller","11":"product_cat-villeroy-boch-de","12":"product_tag-coupe-de","13":"product_tag-manufaktur-rock","14":"product_tag-rundschreiben","15":"product_tag-schwarz-de","16":"product_tag-teller","17":"product_tag-tiefer-teller","19":"first","20":"instock","21":"shipping-taxable","22":"purchasable","23":"product-type-simple"},"supplier_id":9071,"supplier_sku":"1042392630","barcode":"4003686378483","atum_controlled":true,"out_stock_date":null,"out_stock_threshold":0,"inheritable":false,"inbound_stock":0,"stock_on_hold":0,"sold_today":0,"sales_last_days":0,"reserved_stock":0,"customer_returns":0,"warehouse_damage":null,"lost_in_post":0,"other_logs":0,"out_stock_days":0,"lost_sales":0,"has_location":true,"update_date":"2025-07-19T06:26:39","atum_locations":[{"id":960,"name":"0 SHOP","slug":"0-shop"},{"id":866,"name":"043","slug":"043"}],"atum_stock_status":"instock","restock_status":false,"low_stock_amount":"","sales_update_date":"2025-07-19T06:26:39","calc_backorders":0,"locations":[],"_links":{"self":[{"href":"https:\/\/delices.lu\/de\/wp-json\/wp\/v2\/product\/14416","targetHints":{"allow":["GET"]}}],"collection":[{"href":"https:\/\/delices.lu\/de\/wp-json\/wp\/v2\/product"}],"about":[{"href":"https:\/\/delices.lu\/de\/wp-json\/wp\/v2\/types\/product"}],"wp:featuredmedia":[{"embeddable":true,"href":"https:\/\/delices.lu\/de\/wp-json\/wp\/v2\/media\/14420"}],"wp:attachment":[{"href":"https:\/\/delices.lu\/de\/wp-json\/wp\/v2\/media?parent=14416"}],"wp:term":[{"taxonomy":"location","embeddable":true,"href":"https:\/\/delices.lu\/de\/wp-json\/wp\/v2\/location?post=14416"},{"taxonomy":"product_brand","embeddable":true,"href":"https:\/\/delices.lu\/de\/wp-json\/wp\/v2\/product_brand?post=14416"},{"taxonomy":"product_cat","embeddable":true,"href":"https:\/\/delices.lu\/de\/wp-json\/wp\/v2\/product_cat?post=14416"},{"taxonomy":"product_tag","embeddable":true,"href":"https:\/\/delices.lu\/de\/wp-json\/wp\/v2\/product_tag?post=14416"}],"curies":[{"name":"wp","href":"https:\/\/api.w.org\/{rel}","templated":true}]}}