{"id":14424,"date":"2024-10-09T00:00:22","date_gmt":"2025-03-20T10:45:42","guid":{"rendered":"https:\/\/delices.lu\/produit\/manufacture-rock-runder-pastateller-schwarz\/"},"modified":"2025-03-20T11:45:42","modified_gmt":"2025-03-20T10:45:42","slug":"manufacture-rock-runder-pastateller-schwarz","status":"publish","type":"product","link":"https:\/\/delices.lu\/de\/produit\/manufacture-rock-runder-pastateller-schwarz\/","title":{"rendered":"Manufacture Rock &#8211; Runder Pastateller, schwarz"},"content":{"rendered":"<p><strong>Pastateller aus Porzellan f\u00fcr eine italienische Mahlzeit<\/strong><br \/>\nSein gro\u00dfes Format und sein mattschwarzes Aussehen verleihen dem Tisch einen Hauch von Eleganz. Dieser Pastateller aus hochwertigem Porzellan ist der Schl\u00fcssel zu einem gelungenen Anrichten. Der Design-Pastateller verleiht dem Tisch durch seine strukturierte Oberfl\u00e4che eine einzigartige Optik und Haptik. Stellen Sie sich ein wundersch\u00f6nes Pastateller-Set zusammen, indem Sie ihn mit anderen Porzellanwaren aus der Manufacture Rock Kollektion kombinieren. Mit diesem raffinierten Pastateller holen Sie sich Italien in Ihr Esszimmer. Mit seinem ausgeh\u00f6hlten Aussehen und dem breiten Rand ist der Teller ein echter Hingucker! Dieser Pastateller ist gro\u00dfz\u00fcgig gef\u00fcllt und bietet Platz f\u00fcr Ihre besten Pastarezepte. Genie\u00dfen Sie Ihr Lieblingsgericht mit Villeroy &amp; Boch.       <\/p>\n","protected":false},"excerpt":{"rendered":"<p>MATERIAL: Hochwertiges Porzellan<br \/>\nDURCHMESSER: ca. 280 mm<br \/>\nGR\u00d6SSE: ca. 280 ml<br \/>\nFARBE: schwarz<br \/>\nGARANTIE SP\u00dcLMASCHINENGARANTIE: nicht<br \/>\nMIKROWELLENKOMPATIBEL: nicht<br \/>\nREF. ARTIKEL : <\/p>\n","protected":false},"featured_media":14426,"template":"","meta":[],"location":[959],"product_brand":[],"product_cat":[1354,2231,1309],"product_tag":[2255,2295,2256,2286,2248],"class_list":{"0":"post-14424","1":"product","2":"type-product","3":"status-publish","4":"has-post-thumbnail","6":"location-0-shop","7":"product_cat-art-de-la-table-de","8":"product_cat-teller","9":"product_cat-villeroy-boch-de","10":"product_tag-manufaktur-rock","11":"product_tag-pastateller","12":"product_tag-rundschreiben","13":"product_tag-schwarz-de","14":"product_tag-teller","16":"first","17":"instock","18":"shipping-taxable","19":"purchasable","20":"product-type-simple"},"supplier_id":9071,"supplier_sku":"1042392790","barcode":"4003686346581","atum_controlled":true,"out_stock_date":null,"out_stock_threshold":0,"inheritable":false,"inbound_stock":0,"stock_on_hold":0,"sold_today":0,"sales_last_days":0,"reserved_stock":0,"customer_returns":0,"warehouse_damage":null,"lost_in_post":0,"other_logs":0,"out_stock_days":0,"lost_sales":0,"has_location":true,"update_date":"2025-07-19T06:26:34","atum_locations":[{"id":960,"name":"0 SHOP","slug":"0-shop"}],"atum_stock_status":"instock","restock_status":false,"low_stock_amount":"","sales_update_date":"2025-07-19T06:26:34","calc_backorders":0,"locations":[],"_links":{"self":[{"href":"https:\/\/delices.lu\/de\/wp-json\/wp\/v2\/product\/14424","targetHints":{"allow":["GET"]}}],"collection":[{"href":"https:\/\/delices.lu\/de\/wp-json\/wp\/v2\/product"}],"about":[{"href":"https:\/\/delices.lu\/de\/wp-json\/wp\/v2\/types\/product"}],"wp:featuredmedia":[{"embeddable":true,"href":"https:\/\/delices.lu\/de\/wp-json\/wp\/v2\/media\/14426"}],"wp:attachment":[{"href":"https:\/\/delices.lu\/de\/wp-json\/wp\/v2\/media?parent=14424"}],"wp:term":[{"taxonomy":"location","embeddable":true,"href":"https:\/\/delices.lu\/de\/wp-json\/wp\/v2\/location?post=14424"},{"taxonomy":"product_brand","embeddable":true,"href":"https:\/\/delices.lu\/de\/wp-json\/wp\/v2\/product_brand?post=14424"},{"taxonomy":"product_cat","embeddable":true,"href":"https:\/\/delices.lu\/de\/wp-json\/wp\/v2\/product_cat?post=14424"},{"taxonomy":"product_tag","embeddable":true,"href":"https:\/\/delices.lu\/de\/wp-json\/wp\/v2\/product_tag?post=14424"}],"curies":[{"name":"wp","href":"https:\/\/api.w.org\/{rel}","templated":true}]}}