{"id":14431,"date":"2024-10-09T00:00:28","date_gmt":"2025-03-20T10:45:42","guid":{"rendered":"https:\/\/delices.lu\/produit\/manufacture-rock-flacher-runder-teller-schwarz\/"},"modified":"2025-03-20T11:45:42","modified_gmt":"2025-03-20T10:45:42","slug":"manufacture-rock-flacher-runder-teller-schwarz","status":"publish","type":"product","link":"https:\/\/delices.lu\/de\/produit\/manufacture-rock-flacher-runder-teller-schwarz\/","title":{"rendered":"Manufacture Rock &#8211; Flacher runder Teller, schwarz"},"content":{"rendered":"<p><strong>Flacher Teller aus Porzellan mit Schiefer-Effekt im handwerklichen Stil<\/strong><br \/>\nVerf\u00fchren Sie Ihre G\u00e4ste mit einem raffinierten Design-Teller! Dieser runde Teller ist nat\u00fcrlich, authentisch und f\u00fchlt sich wirklich einzigartig an, genau wie die Manufacture Rock Kollektion. Der handwerkliche Stil des Porzellans mit seiner matten Textur und dem schieferartigen Aussehen verleiht dem schwarzen Teller seine Originalit\u00e4t. Der runde Teller mit Rand ist gro\u00dfz\u00fcgig bemessen, um k\u00f6stliche Gerichte zum Mittag- oder Abendessen zu servieren. Mit diesem modernen Teller, der den Tisch elegant schm\u00fcckt, wird die Kunst fast zum Gastgeber des Men\u00fcs! Der mattschwarze Teller passt au\u00dferdem perfekt zu den handbemalten St\u00fccken aus der Manufacture Rock Kollektion. Dieser schwarze Platzteller ist vielseitig einsetzbar und versch\u00f6nert jede Mahlzeit. Dieser vielseitige flache Teller Manufacture Rock in Schwarz eignet sich auch zum Servieren von Obst oder Geb\u00e4ck.       <\/p>\n","protected":false},"excerpt":{"rendered":"<p>MATERIAL: Hochwertiges Porzellan<br \/>\nDURCHMESSER: ca. 271 mm<br \/>\nFARBE: schwarz<br \/>\nGARANTIE SP\u00dcLMASCHINENGARANTIE: nicht<br \/>\nMIKROWELLENKOMPATIBEL: nicht<br \/>\nREF. ARTIKEL: 1042392620 <\/p>\n","protected":false},"featured_media":14435,"template":"","meta":[],"location":[959],"product_brand":[],"product_cat":[1354,2231,1309],"product_tag":[2249,2255,2256,2286,2248],"class_list":{"0":"post-14431","1":"product","2":"type-product","3":"status-publish","4":"has-post-thumbnail","6":"location-0-shop","7":"product_cat-art-de-la-table-de","8":"product_cat-teller","9":"product_cat-villeroy-boch-de","10":"product_tag-flacher-teller","11":"product_tag-manufaktur-rock","12":"product_tag-rundschreiben","13":"product_tag-schwarz-de","14":"product_tag-teller","16":"first","17":"instock","18":"shipping-taxable","19":"purchasable","20":"product-type-simple"},"supplier_id":9071,"supplier_sku":"1042392620","barcode":"4003686354951","atum_controlled":true,"out_stock_date":null,"out_stock_threshold":0,"inheritable":false,"inbound_stock":0,"stock_on_hold":0,"sold_today":0,"sales_last_days":0,"reserved_stock":0,"customer_returns":0,"warehouse_damage":null,"lost_in_post":0,"other_logs":0,"out_stock_days":0,"lost_sales":0,"has_location":false,"update_date":"2025-07-19T06:26:34","atum_locations":[{"id":960,"name":"0 SHOP","slug":"0-shop"}],"atum_stock_status":"instock","restock_status":false,"low_stock_amount":"","sales_update_date":"2025-07-19T06:26:34","calc_backorders":0,"locations":[],"_links":{"self":[{"href":"https:\/\/delices.lu\/de\/wp-json\/wp\/v2\/product\/14431","targetHints":{"allow":["GET"]}}],"collection":[{"href":"https:\/\/delices.lu\/de\/wp-json\/wp\/v2\/product"}],"about":[{"href":"https:\/\/delices.lu\/de\/wp-json\/wp\/v2\/types\/product"}],"wp:featuredmedia":[{"embeddable":true,"href":"https:\/\/delices.lu\/de\/wp-json\/wp\/v2\/media\/14435"}],"wp:attachment":[{"href":"https:\/\/delices.lu\/de\/wp-json\/wp\/v2\/media?parent=14431"}],"wp:term":[{"taxonomy":"location","embeddable":true,"href":"https:\/\/delices.lu\/de\/wp-json\/wp\/v2\/location?post=14431"},{"taxonomy":"product_brand","embeddable":true,"href":"https:\/\/delices.lu\/de\/wp-json\/wp\/v2\/product_brand?post=14431"},{"taxonomy":"product_cat","embeddable":true,"href":"https:\/\/delices.lu\/de\/wp-json\/wp\/v2\/product_cat?post=14431"},{"taxonomy":"product_tag","embeddable":true,"href":"https:\/\/delices.lu\/de\/wp-json\/wp\/v2\/product_tag?post=14431"}],"curies":[{"name":"wp","href":"https:\/\/api.w.org\/{rel}","templated":true}]}}