{"id":14443,"date":"2024-10-09T00:00:23","date_gmt":"2025-03-20T10:45:49","guid":{"rendered":"https:\/\/delices.lu\/produit\/manufacture-rock-runder-dessertteller-schwarz\/"},"modified":"2025-03-20T11:45:49","modified_gmt":"2025-03-20T10:45:49","slug":"manufacture-rock-runder-dessertteller-schwarz","status":"publish","type":"product","link":"https:\/\/delices.lu\/de\/produit\/manufacture-rock-runder-dessertteller-schwarz\/","title":{"rendered":"Manufacture Rock &#8211; Runder Dessertteller, schwarz"},"content":{"rendered":"<p><strong>Authentischer Dessertteller mit Schieferoptik<\/strong><br \/>\nDie einzigartige Haptik dieses mattschwarzen Tellers verleiht allen Desserts ein wunderbares Aussehen. Ob Sie nun frisches Obst oder einen selbstgebackenen Kuchen servieren m\u00f6chten, dieser mattschwarze Teller ist ein echter Blickfang. F\u00fcr eine harmonische Tafel l\u00e4sst sich der originelle Dessertteller perfekt mit anderen Geschirrteilen aus der Manufacture Rock Kollektion kombinieren. Spielen Sie mit den Farben, um die Pr\u00e4sentation Ihrer Leckereien noch k\u00f6stlicher zu gestalten! Dieser zarte Dessertteller aus Porzellan besticht durch seine Feinheit. Seine matte, schiefer\u00e4hnliche Textur zeigt ein handwerkliches Aussehen, das alle Ihre Desserts veredelt. Der kleine Dessertteller zeichnet sich durch seinen nat\u00fcrlichen und authentischen Stil auf dem Tisch aus. Ob warme Croissants oder frisches Obst, auf diesem Manufacture Rock Dessertteller in schwarz werden die morgendlichen Leckereien noch besser schmecken.       <\/p>\n","protected":false},"excerpt":{"rendered":"<p>MATERIAL: Hochwertiges Porzellan<br \/>\nDURCHMESSER: ca. 217 mm<br \/>\nFARBE: schwarz<br \/>\nGARANTIE SP\u00dcLMASCHINENGARANTIE: nicht<br \/>\nMIKROWELLENKOMPATIBEL . nicht<br \/>\nREF. ARTIKEL: 1042392640  <\/p>\n","protected":false},"featured_media":14444,"template":"","meta":[],"location":[959],"product_brand":[],"product_cat":[1354,2231,1309],"product_tag":[2250,2255,2256,2286,2248],"class_list":{"0":"post-14443","1":"product","2":"type-product","3":"status-publish","4":"has-post-thumbnail","6":"location-0-shop","7":"product_cat-art-de-la-table-de","8":"product_cat-teller","9":"product_cat-villeroy-boch-de","10":"product_tag-dessertteller","11":"product_tag-manufaktur-rock","12":"product_tag-rundschreiben","13":"product_tag-schwarz-de","14":"product_tag-teller","16":"first","17":"instock","18":"shipping-taxable","19":"purchasable","20":"product-type-simple"},"supplier_id":9071,"supplier_sku":"1042392640","barcode":"4003686354968","atum_controlled":true,"out_stock_date":null,"out_stock_threshold":0,"inheritable":false,"inbound_stock":0,"stock_on_hold":0,"sold_today":0,"sales_last_days":0,"reserved_stock":0,"customer_returns":0,"warehouse_damage":null,"lost_in_post":0,"other_logs":0,"out_stock_days":0,"lost_sales":0,"has_location":true,"update_date":"2025-07-19T06:26:34","atum_locations":[{"id":960,"name":"0 SHOP","slug":"0-shop"}],"atum_stock_status":"instock","restock_status":false,"low_stock_amount":"","sales_update_date":"2025-07-19T06:26:34","calc_backorders":0,"locations":[],"_links":{"self":[{"href":"https:\/\/delices.lu\/de\/wp-json\/wp\/v2\/product\/14443","targetHints":{"allow":["GET"]}}],"collection":[{"href":"https:\/\/delices.lu\/de\/wp-json\/wp\/v2\/product"}],"about":[{"href":"https:\/\/delices.lu\/de\/wp-json\/wp\/v2\/types\/product"}],"wp:featuredmedia":[{"embeddable":true,"href":"https:\/\/delices.lu\/de\/wp-json\/wp\/v2\/media\/14444"}],"wp:attachment":[{"href":"https:\/\/delices.lu\/de\/wp-json\/wp\/v2\/media?parent=14443"}],"wp:term":[{"taxonomy":"location","embeddable":true,"href":"https:\/\/delices.lu\/de\/wp-json\/wp\/v2\/location?post=14443"},{"taxonomy":"product_brand","embeddable":true,"href":"https:\/\/delices.lu\/de\/wp-json\/wp\/v2\/product_brand?post=14443"},{"taxonomy":"product_cat","embeddable":true,"href":"https:\/\/delices.lu\/de\/wp-json\/wp\/v2\/product_cat?post=14443"},{"taxonomy":"product_tag","embeddable":true,"href":"https:\/\/delices.lu\/de\/wp-json\/wp\/v2\/product_tag?post=14443"}],"curies":[{"name":"wp","href":"https:\/\/api.w.org\/{rel}","templated":true}]}}