{"id":14451,"date":"2024-06-28T00:00:46","date_gmt":"2025-03-20T10:45:50","guid":{"rendered":"https:\/\/delices.lu\/produit\/newmoon-untertasse-fuer-espressotasse-weiss\/"},"modified":"2025-03-20T11:45:50","modified_gmt":"2025-03-20T10:45:50","slug":"newmoon-untertasse-fuer-espressotasse-weiss","status":"publish","type":"product","link":"https:\/\/delices.lu\/de\/produit\/newmoon-untertasse-fuer-espressotasse-weiss\/","title":{"rendered":"NewMoon &#8211; Untertasse f\u00fcr Espressotasse, wei\u00df"},"content":{"rendered":"<p><strong>Eine kleine Untertasse f\u00fcr Ihre Espressotasse<\/strong><br \/>\nDiese wei\u00dfe, schlichte Untertasse unterscheidet sich von den klassischen Porzellanuntertassen durch ihre leichte Asymmetrie. Inspiriert vom Mond, bringt die NewMoon Kollektion eine neue Dimension auf Ihren Tisch! Eine Kaffeetasse mit Untertasse erm\u00f6glicht es Ihnen, Kaffee auf einfache und gleichzeitig raffinierte Weise zu servieren. Nutzen Sie die Gelegenheit, um einen kleinen L\u00f6ffel, ein St\u00fcck Zucker oder einen Keks auf die Seite zu legen. Eine Untertasse f\u00fcr Espresso ist immer praktisch! Entscheiden Sie sich f\u00fcr einen Becher ohne Henkel oder eine kleine Tasse mit passendem Henkel! Kein Zweifel: Ihr Geschirrset wird bei Ihren Freunden und Bekannten auf einhellige Zustimmung sto\u00dfen. Familie, Freunde, Kollegen&#8230; Ein komplettes Kaffeeservice ist ideal, um Ihre G\u00e4ste t\u00e4glich oder zu besonderen Anl\u00e4ssen zu bewirten. \u00dcbrigens, das Tafelservice von Villeroy &amp; Boch ist eine ausgezeichnete Geschenkidee f\u00fcr ein bedeutendes Ereignis: Hochzeit, Einweihung, Geburtstag&#8230; Entdecken Sie Porzellan, das von der Sch\u00f6nheit des Mondes inspiriert ist.        <\/p>\n","protected":false},"excerpt":{"rendered":"<p><strong>NewMoon &#8211; Untertasse f\u00fcr Espressotasse<\/strong><br \/>\nMATERIAL: Premium Porcelain<br \/>\nGR\u00d6\u00dfE: ca. 132 mm<br \/>\nFARBE: wei\u00df<br \/>\nGARANTIERT SP\u00dcLMASCHINENGARANTIE: Ja<br \/>\nMIKROWELLENKOMPATIBEL: Ja<br \/>\nREF. ARTIKEL: 1042641430 <\/p>\n","protected":false},"featured_media":14452,"template":"","meta":[],"location":[959,967],"product_brand":[],"product_cat":[1354,2296,2231,1309],"product_tag":[2297,2298,2300,2227,2299],"class_list":{"0":"post-14451","1":"product","2":"type-product","3":"status-publish","4":"has-post-thumbnail","6":"location-0-shop","7":"location-05-2","8":"product_cat-art-de-la-table-de","9":"product_cat-newmoon-de","10":"product_cat-teller","11":"product_cat-villeroy-boch-de","12":"product_tag-newmoon-de","13":"product_tag-ohne-tasse","14":"product_tag-untertasse-de","15":"product_tag-untertasse","16":"product_tag-weis-de","18":"first","19":"instock","20":"shipping-taxable","21":"purchasable","22":"product-type-simple"},"supplier_id":9071,"supplier_sku":"1042641430","barcode":"4003686386648","atum_controlled":true,"out_stock_date":null,"out_stock_threshold":0,"inheritable":false,"inbound_stock":0,"stock_on_hold":0,"sold_today":0,"sales_last_days":0,"reserved_stock":0,"customer_returns":0,"warehouse_damage":null,"lost_in_post":0,"other_logs":0,"out_stock_days":0,"lost_sales":0,"has_location":false,"update_date":"2025-07-19T06:26:33","atum_locations":[{"id":960,"name":"0 SHOP","slug":"0-shop"},{"id":860,"name":"052","slug":"052"}],"atum_stock_status":"instock","restock_status":false,"low_stock_amount":"","sales_update_date":"2025-07-19T06:26:33","calc_backorders":0,"locations":[],"_links":{"self":[{"href":"https:\/\/delices.lu\/de\/wp-json\/wp\/v2\/product\/14451","targetHints":{"allow":["GET"]}}],"collection":[{"href":"https:\/\/delices.lu\/de\/wp-json\/wp\/v2\/product"}],"about":[{"href":"https:\/\/delices.lu\/de\/wp-json\/wp\/v2\/types\/product"}],"wp:featuredmedia":[{"embeddable":true,"href":"https:\/\/delices.lu\/de\/wp-json\/wp\/v2\/media\/14452"}],"wp:attachment":[{"href":"https:\/\/delices.lu\/de\/wp-json\/wp\/v2\/media?parent=14451"}],"wp:term":[{"taxonomy":"location","embeddable":true,"href":"https:\/\/delices.lu\/de\/wp-json\/wp\/v2\/location?post=14451"},{"taxonomy":"product_brand","embeddable":true,"href":"https:\/\/delices.lu\/de\/wp-json\/wp\/v2\/product_brand?post=14451"},{"taxonomy":"product_cat","embeddable":true,"href":"https:\/\/delices.lu\/de\/wp-json\/wp\/v2\/product_cat?post=14451"},{"taxonomy":"product_tag","embeddable":true,"href":"https:\/\/delices.lu\/de\/wp-json\/wp\/v2\/product_tag?post=14451"}],"curies":[{"name":"wp","href":"https:\/\/api.w.org\/{rel}","templated":true}]}}