{"id":14455,"date":"2024-06-29T00:00:51","date_gmt":"2025-03-20T10:45:50","guid":{"rendered":"https:\/\/delices.lu\/produit\/manufaktur-dessertteller-rund-weiss\/"},"modified":"2025-03-20T11:45:50","modified_gmt":"2025-03-20T10:45:50","slug":"manufaktur-dessertteller-rund-weiss","status":"publish","type":"product","link":"https:\/\/delices.lu\/de\/produit\/manufaktur-dessertteller-rund-weiss\/","title":{"rendered":"Manufaktur &#8211; Dessertteller, rund, wei\u00df"},"content":{"rendered":"<p><strong>Authentischer Teller f\u00fcr das Fr\u00fchst\u00fcck und die Kaffeepause<\/strong><br \/>\nVerf\u00fchren Sie mit einem raffinierten Geschirrdesign. Nat\u00fcrlich, authentisch und mit einer einzigartigen Haptik: das ist Manufacture Rock. Der handwerkliche Stil des Porzellans mit matter Textur und Schieferoptik verleiht der Kollektion ihre Originalit\u00e4t. In Kombination mit den handbemalten St\u00fccken der verwandten Manufacture Kollektion schafft es eine warme Atmosph\u00e4re auf Ihrem Tisch. Ob warme Croissants oder frisches Obst, auf diesem Manufacture Rock Dessertteller in Wei\u00df werden die morgendlichen Leckereien noch besser schmecken.    <\/p>\n","protected":false},"excerpt":{"rendered":"<p><strong>Manufacture Rock &#8211; Dessertteller, rund<\/strong><br \/>\nMATERIAL: Premium Porcelain<br \/>\nDURCHMESSER: ca. 217 mm<br \/>\nFARBE: wei\u00df<br \/>\nGARANTIERT SP\u00dcLMASCHINENGARANTIE: Ja<br \/>\nMIKROWELLENKOMPATIBEL: Ja<br \/>\nREF. ARTIKEL: 1042402640 <\/p>\n","protected":false},"featured_media":14459,"template":"","meta":[],"location":[],"product_brand":[],"product_cat":[1354,2231,1309],"product_tag":[2250,2255,2248,2299],"class_list":{"0":"post-14455","1":"product","2":"type-product","3":"status-publish","4":"has-post-thumbnail","6":"product_cat-art-de-la-table-de","7":"product_cat-teller","8":"product_cat-villeroy-boch-de","9":"product_tag-dessertteller","10":"product_tag-manufaktur-rock","11":"product_tag-teller","12":"product_tag-weis-de","14":"first","15":"instock","16":"shipping-taxable","17":"purchasable","18":"product-type-simple"},"supplier_id":9071,"supplier_sku":"1042402640","barcode":"4003686365551","atum_controlled":true,"out_stock_date":"2024-06-29 11:38:04","out_stock_threshold":0,"inheritable":false,"inbound_stock":0,"stock_on_hold":0,"sold_today":0,"sales_last_days":0,"reserved_stock":0,"customer_returns":0,"warehouse_damage":null,"lost_in_post":0,"other_logs":0,"out_stock_days":384,"lost_sales":0,"has_location":false,"update_date":"2025-07-19T06:26:26","atum_locations":[],"atum_stock_status":"onbackorder","restock_status":false,"low_stock_amount":"","sales_update_date":"2025-07-19T06:26:26","calc_backorders":0,"locations":[],"_links":{"self":[{"href":"https:\/\/delices.lu\/de\/wp-json\/wp\/v2\/product\/14455","targetHints":{"allow":["GET"]}}],"collection":[{"href":"https:\/\/delices.lu\/de\/wp-json\/wp\/v2\/product"}],"about":[{"href":"https:\/\/delices.lu\/de\/wp-json\/wp\/v2\/types\/product"}],"wp:featuredmedia":[{"embeddable":true,"href":"https:\/\/delices.lu\/de\/wp-json\/wp\/v2\/media\/14459"}],"wp:attachment":[{"href":"https:\/\/delices.lu\/de\/wp-json\/wp\/v2\/media?parent=14455"}],"wp:term":[{"taxonomy":"location","embeddable":true,"href":"https:\/\/delices.lu\/de\/wp-json\/wp\/v2\/location?post=14455"},{"taxonomy":"product_brand","embeddable":true,"href":"https:\/\/delices.lu\/de\/wp-json\/wp\/v2\/product_brand?post=14455"},{"taxonomy":"product_cat","embeddable":true,"href":"https:\/\/delices.lu\/de\/wp-json\/wp\/v2\/product_cat?post=14455"},{"taxonomy":"product_tag","embeddable":true,"href":"https:\/\/delices.lu\/de\/wp-json\/wp\/v2\/product_tag?post=14455"}],"curies":[{"name":"wp","href":"https:\/\/api.w.org\/{rel}","templated":true}]}}