{"id":14465,"date":"2024-10-09T00:00:50","date_gmt":"2025-03-20T10:45:51","guid":{"rendered":"https:\/\/delices.lu\/produit\/manufacture-rock-rechteckiger-teller-schwarz\/"},"modified":"2025-03-20T11:45:51","modified_gmt":"2025-03-20T10:45:51","slug":"manufacture-rock-rechteckiger-teller-schwarz","status":"publish","type":"product","link":"https:\/\/delices.lu\/de\/produit\/manufacture-rock-rechteckiger-teller-schwarz\/","title":{"rendered":"Manufacture Rock &#8211; Rechteckiger Teller, schwarz"},"content":{"rendered":"<p><strong>Ein Teller mit Schieferoptik in Verbindung mit einer au\u00dfergew\u00f6hnlichen Form<\/strong><br \/>\nDas Porzellan erfindet sich fast neu mit diesem Porzellanteller mit matter Textur und ausdrucksstarkem Schwarz, das die Schieferoptik der Serie hervorhebt. Mit seiner au\u00dfergew\u00f6hnlichen Haptik passt dieser quadratische Teller perfekt zu der gesamten Manufacture Rock Kollektion. Dieser Schieferteller ist ein idealer Pr\u00e4sentationsteller, um Ihre Speisen subtil zu pr\u00e4sentieren. Seine au\u00dfergew\u00f6hnliche Beschichtung, seine hochwertige Qualit\u00e4t und seine passgenaue Gr\u00f6\u00dfe machen ihn zu einem Porzellan-Dessertteller oder zu einem individuellen Teller f\u00fcr Foie Gras. Dieser schwarze Teller mit Schieferoptik veredelt alle Ihre kulinarischen Kreationen. Das Designerst\u00fcck zieht durch seine klare Form und sein au\u00dfergew\u00f6hnliches Aussehen die Aufmerksamkeit auf sich. Genie\u00dfen Sie das charaktervolle Design.      <\/p>\n","protected":false},"excerpt":{"rendered":"<p><strong>Manufaktur Rock  <\/strong><br \/>\n<strong>Rechteckiger Platzteller, schwarz<br \/>\n<\/strong>MATERIAL: Hochwertiges Porzellan<br \/>\nFARBE: schwarz<br \/>\nGARANTIE SP\u00dcLMASCHINENGARANTIE: nicht<br \/>\nMIKROWELLENGER\u00c4TEKOMPATIBEL: nicht<br \/>\nREF. ARTIKEL: 1042392772 <\/p>\n","protected":false},"featured_media":14467,"template":"","meta":[],"location":[1261],"product_brand":[],"product_cat":[1354,2242,2231,2287,1309],"product_tag":[2302,2301,2292,2288,2303,2248],"class_list":{"0":"post-14465","1":"product","2":"type-product","3":"status-publish","4":"has-post-thumbnail","6":"location-22-4","7":"product_cat-art-de-la-table-de","8":"product_cat-schussel","9":"product_cat-teller","10":"product_cat-teller-de","11":"product_cat-villeroy-boch-de","12":"product_tag-plarteau-de","13":"product_tag-prasentation","14":"product_tag-schalen","15":"product_tag-schwarz-matt","16":"product_tag-schwarzer-schiefer","17":"product_tag-teller","19":"first","20":"instock","21":"shipping-taxable","22":"purchasable","23":"product-type-simple"},"supplier_id":9071,"supplier_sku":"1042392772","barcode":"4003686xxxxxx","atum_controlled":true,"out_stock_date":null,"out_stock_threshold":0,"inheritable":false,"inbound_stock":0,"stock_on_hold":0,"sold_today":0,"sales_last_days":0,"reserved_stock":0,"customer_returns":0,"warehouse_damage":null,"lost_in_post":0,"other_logs":0,"out_stock_days":0,"lost_sales":0,"has_location":true,"update_date":"2025-07-19T06:26:34","atum_locations":[{"id":1277,"name":"224","slug":"224"}],"atum_stock_status":"instock","restock_status":false,"low_stock_amount":"","sales_update_date":"2025-07-19T06:26:34","calc_backorders":0,"locations":[],"_links":{"self":[{"href":"https:\/\/delices.lu\/de\/wp-json\/wp\/v2\/product\/14465","targetHints":{"allow":["GET"]}}],"collection":[{"href":"https:\/\/delices.lu\/de\/wp-json\/wp\/v2\/product"}],"about":[{"href":"https:\/\/delices.lu\/de\/wp-json\/wp\/v2\/types\/product"}],"wp:featuredmedia":[{"embeddable":true,"href":"https:\/\/delices.lu\/de\/wp-json\/wp\/v2\/media\/14467"}],"wp:attachment":[{"href":"https:\/\/delices.lu\/de\/wp-json\/wp\/v2\/media?parent=14465"}],"wp:term":[{"taxonomy":"location","embeddable":true,"href":"https:\/\/delices.lu\/de\/wp-json\/wp\/v2\/location?post=14465"},{"taxonomy":"product_brand","embeddable":true,"href":"https:\/\/delices.lu\/de\/wp-json\/wp\/v2\/product_brand?post=14465"},{"taxonomy":"product_cat","embeddable":true,"href":"https:\/\/delices.lu\/de\/wp-json\/wp\/v2\/product_cat?post=14465"},{"taxonomy":"product_tag","embeddable":true,"href":"https:\/\/delices.lu\/de\/wp-json\/wp\/v2\/product_tag?post=14465"}],"curies":[{"name":"wp","href":"https:\/\/api.w.org\/{rel}","templated":true}]}}