{"id":14466,"date":"2024-04-27T00:00:41","date_gmt":"2025-03-20T10:45:51","guid":{"rendered":"https:\/\/delices.lu\/produit\/manufaktur-brotteller-rund-weiss\/"},"modified":"2025-03-20T11:45:51","modified_gmt":"2025-03-20T10:45:51","slug":"manufaktur-brotteller-rund-weiss","status":"publish","type":"product","link":"https:\/\/delices.lu\/de\/produit\/manufaktur-brotteller-rund-weiss\/","title":{"rendered":"Manufaktur &#8211; Brotteller, rund, wei\u00df"},"content":{"rendered":"<p><strong>Kleiner Teller f\u00fcr Brot und Beilagen<\/strong><br \/>\nNat\u00fcrlich, authentisch und mit einer einzigartigen Haptik: das ist Manufacture Rock. Der handwerkliche Stil des Porzellans mit seiner matten Textur und dem schieferartigen Aussehen verleiht der Kollektion ihre Originalit\u00e4t. In Kombination mit den handbemalten St\u00fccken der verwandten Manufacture Kollektion schafft sie eine warme Atmosph\u00e4re auf Ihrem Tisch. Servieren Sie knuspriges Brot oder kleine Beilagen aus dem Men\u00fc auf diesem Teller. Verf\u00fchren Sie mit diesem raffinierten Porzellan.    <\/p>\n","protected":false},"excerpt":{"rendered":"<p>MATERIAL: Hochwertiges Porzellan<br \/>\nDURCHMESSER: ca. 155 mm<br \/>\nFARBE: wei\u00df<br \/>\nGARANTIERT SP\u00dcLMASCHINENGARANTIE: Ja<br \/>\nMIKROWELLENKOMPATIBEL: Ja<br \/>\nREF. ARTIKEL: 1042402660 <\/p>\n","protected":false},"featured_media":14472,"template":"","meta":[],"location":[959],"product_brand":[],"product_cat":[1354,2231,1309],"product_tag":[2294,2255,2248,2299],"class_list":{"0":"post-14466","1":"product","2":"type-product","3":"status-publish","4":"has-post-thumbnail","6":"location-0-shop","7":"product_cat-art-de-la-table-de","8":"product_cat-teller","9":"product_cat-villeroy-boch-de","10":"product_tag-brotteller","11":"product_tag-manufaktur-rock","12":"product_tag-teller","13":"product_tag-weis-de","15":"first","16":"instock","17":"shipping-taxable","18":"purchasable","19":"product-type-simple"},"supplier_id":9071,"supplier_sku":"1042402660","barcode":"4003686346628","atum_controlled":true,"out_stock_date":null,"out_stock_threshold":0,"inheritable":false,"inbound_stock":0,"stock_on_hold":0,"sold_today":0,"sales_last_days":0,"reserved_stock":0,"customer_returns":0,"warehouse_damage":null,"lost_in_post":0,"other_logs":0,"out_stock_days":0,"lost_sales":0,"has_location":false,"update_date":"2025-07-19T06:26:25","atum_locations":[{"id":960,"name":"0 SHOP","slug":"0-shop"}],"atum_stock_status":"instock","restock_status":false,"low_stock_amount":"","sales_update_date":"2025-07-19T06:26:25","calc_backorders":0,"locations":[],"_links":{"self":[{"href":"https:\/\/delices.lu\/de\/wp-json\/wp\/v2\/product\/14466","targetHints":{"allow":["GET"]}}],"collection":[{"href":"https:\/\/delices.lu\/de\/wp-json\/wp\/v2\/product"}],"about":[{"href":"https:\/\/delices.lu\/de\/wp-json\/wp\/v2\/types\/product"}],"wp:featuredmedia":[{"embeddable":true,"href":"https:\/\/delices.lu\/de\/wp-json\/wp\/v2\/media\/14472"}],"wp:attachment":[{"href":"https:\/\/delices.lu\/de\/wp-json\/wp\/v2\/media?parent=14466"}],"wp:term":[{"taxonomy":"location","embeddable":true,"href":"https:\/\/delices.lu\/de\/wp-json\/wp\/v2\/location?post=14466"},{"taxonomy":"product_brand","embeddable":true,"href":"https:\/\/delices.lu\/de\/wp-json\/wp\/v2\/product_brand?post=14466"},{"taxonomy":"product_cat","embeddable":true,"href":"https:\/\/delices.lu\/de\/wp-json\/wp\/v2\/product_cat?post=14466"},{"taxonomy":"product_tag","embeddable":true,"href":"https:\/\/delices.lu\/de\/wp-json\/wp\/v2\/product_tag?post=14466"}],"curies":[{"name":"wp","href":"https:\/\/api.w.org\/{rel}","templated":true}]}}