{"id":14475,"date":"2024-06-28T00:00:05","date_gmt":"2025-03-20T10:45:52","guid":{"rendered":"https:\/\/delices.lu\/produit\/newmoon-espressotasse-mit-henkel-weiss\/"},"modified":"2025-03-20T11:45:52","modified_gmt":"2025-03-20T10:45:52","slug":"newmoon-espressotasse-mit-henkel-weiss","status":"publish","type":"product","link":"https:\/\/delices.lu\/de\/produit\/newmoon-espressotasse-mit-henkel-weiss\/","title":{"rendered":"NewMoon &#8211; Espressotasse mit Henkel, wei\u00df"},"content":{"rendered":"<p><strong>Eine einfache und schlichte Mokkatasse f\u00fcr Ihren Kaffee<\/strong><br \/>\nDiese kleine Porzellantasse ist perfekt f\u00fcr den Genuss eines Espressos. Ihr halbmondf\u00f6rmiger Rand verleiht ihr einen schicken und modernen Stil! Ausdrucksstark, funktional, schlicht: Die NewMoon-Kollektion eignet sich sowohl f\u00fcr den t\u00e4glichen Gebrauch als auch f\u00fcr besondere Anl\u00e4sse. Naschkatzen werden sich f\u00fcr das Set aus Kaffeetasse und Untertasse entscheiden, um ihr Lieblingsgetr\u00e4nk mit einem Keks oder einem St\u00fcck Schokolade zu servieren. Wie w\u00e4re es, wenn Sie Ihr Kaffeeservice mit den passenden Tellern, Besteck, Tassen und Gl\u00e4sern vervollst\u00e4ndigen? Mit ihrem originellen Design sind die Geschirrsets von Villeroy &amp; Boch perfekt f\u00fcr eine einfache und gleichzeitig elegante Tischdekoration. Ein Porzellan-Geschirrset ist auch eine ideale Geschenkidee f\u00fcr eine Hochzeit oder eine Einweihungsparty. Sie k\u00f6nnen sicher sein, dass Sie Ihren Lieben eine Freude machen werden! Entdecken Sie Porzellan, das von der Sch\u00f6nheit des Mondes inspiriert wurde.        <\/p>\n","protected":false},"excerpt":{"rendered":"<p><strong>NewMoon<br \/>\n<\/strong><strong>Espressotasse mit Henkel, wei\u00df<\/strong><br \/>\nMATERIAL: Premium Porcelain<br \/>\nGR\u00d6\u00dfE: ca. 50 ml<br \/>\nFARBE: wei\u00df<br \/>\nGARANTIERT SP\u00dcLMASCHINENGARANTIE: Ja<br \/>\nMIKROWELLENGER\u00c4TEKOMPATIBEL: Ja<br \/>\nREF. ARTIKEL: 1042641420 <\/p>\n","protected":false},"featured_media":14477,"template":"","meta":[],"location":[959,972],"product_brand":[],"product_cat":[1354,2296,2235,1309],"product_tag":[2305,2304,2297,2165,2260,2299],"class_list":{"0":"post-14475","1":"product","2":"type-product","3":"status-publish","4":"has-post-thumbnail","6":"location-0-shop","7":"location-04-2","8":"product_cat-art-de-la-table-de","9":"product_cat-newmoon-de","10":"product_cat-tasse-de","11":"product_cat-villeroy-boch-de","12":"product_tag-espresso","13":"product_tag-mokka","14":"product_tag-newmoon-de","15":"product_tag-tasse-de","16":"product_tag-tasse-ohne-untertasse","17":"product_tag-weis-de","19":"first","20":"instock","21":"shipping-taxable","22":"purchasable","23":"product-type-simple"},"supplier_id":9071,"supplier_sku":"1042641420","barcode":"4003686386631","atum_controlled":true,"out_stock_date":null,"out_stock_threshold":0,"inheritable":false,"inbound_stock":0,"stock_on_hold":0,"sold_today":0,"sales_last_days":0,"reserved_stock":0,"customer_returns":0,"warehouse_damage":null,"lost_in_post":0,"other_logs":0,"out_stock_days":0,"lost_sales":0,"has_location":false,"update_date":"2025-07-19T06:26:33","atum_locations":[{"id":960,"name":"0 SHOP","slug":"0-shop"},{"id":865,"name":"042","slug":"042"}],"atum_stock_status":"instock","restock_status":false,"low_stock_amount":"","sales_update_date":"2025-07-19T06:26:33","calc_backorders":0,"locations":[],"_links":{"self":[{"href":"https:\/\/delices.lu\/de\/wp-json\/wp\/v2\/product\/14475","targetHints":{"allow":["GET"]}}],"collection":[{"href":"https:\/\/delices.lu\/de\/wp-json\/wp\/v2\/product"}],"about":[{"href":"https:\/\/delices.lu\/de\/wp-json\/wp\/v2\/types\/product"}],"wp:featuredmedia":[{"embeddable":true,"href":"https:\/\/delices.lu\/de\/wp-json\/wp\/v2\/media\/14477"}],"wp:attachment":[{"href":"https:\/\/delices.lu\/de\/wp-json\/wp\/v2\/media?parent=14475"}],"wp:term":[{"taxonomy":"location","embeddable":true,"href":"https:\/\/delices.lu\/de\/wp-json\/wp\/v2\/location?post=14475"},{"taxonomy":"product_brand","embeddable":true,"href":"https:\/\/delices.lu\/de\/wp-json\/wp\/v2\/product_brand?post=14475"},{"taxonomy":"product_cat","embeddable":true,"href":"https:\/\/delices.lu\/de\/wp-json\/wp\/v2\/product_cat?post=14475"},{"taxonomy":"product_tag","embeddable":true,"href":"https:\/\/delices.lu\/de\/wp-json\/wp\/v2\/product_tag?post=14475"}],"curies":[{"name":"wp","href":"https:\/\/api.w.org\/{rel}","templated":true}]}}