{"id":14488,"date":"2024-06-28T00:00:33","date_gmt":"2025-03-20T10:45:52","guid":{"rendered":"https:\/\/delices.lu\/produit\/newmoon-salatschuessel-s-weiss\/"},"modified":"2025-03-20T11:45:52","modified_gmt":"2025-03-20T10:45:52","slug":"newmoon-salatschuessel-s-weiss","status":"publish","type":"product","link":"https:\/\/delices.lu\/de\/produit\/newmoon-salatschuessel-s-weiss\/","title":{"rendered":"NewMoon &#8211; Salatsch\u00fcssel, S, wei\u00df"},"content":{"rendered":"<p><strong>Eine gro\u00dfe, schicke und vielseitige Sch\u00fcssel, um einen Salat oder eine Beilage zu pr\u00e4sentieren<\/strong><br \/>\nLassen Sie die Farben Ihrer Lieblingsgerichte in dieser h\u00fcbschen wei\u00dfen Sch\u00fcssel erstrahlen! Nichts ist effektiver als ein schlichtes Geschirrset, um Ihre Gerichte zur Geltung zu bringen. Die leicht asymmetrische Form dieser originellen Schale, die von der Sch\u00f6nheit des Mondes inspiriert ist, verleiht Ihrem Tisch einen Hauch von Originalit\u00e4t. Ob Sie Chips servieren, einen gemischten Salat anrichten oder eine Suppe genie\u00dfen m\u00f6chten, diese Sch\u00fcssel dient verschiedenen Zwecken im Alltag. Vom Aperitif bis zum Dessert, die Porzellanschalen von Villeroy &amp; Boch sind unverzichtbar! Und wenn Sie sich f\u00fcr ein komplettes Tafelservice entscheiden? Die Teller, Gl\u00e4ser, Tassen und Untertassen der NewMoon-Kollektion eignen sich f\u00fcr jede Gelegenheit. Machen Sie eine gute Figur, wenn Sie Ihre Familie oder Freunde empfangen! Mit Villeroy &amp; Boch k\u00f6nnen Sie sicher sein, dass Sie sowohl den Gaumen als auch die Augen Ihrer G\u00e4ste erfreuen werden. Die Porzellan-Geschirrsets sind auch eine ideale Geschenkidee f\u00fcr besondere Anl\u00e4sse. Entdecken Sie Porzellan, das von der Sch\u00f6nheit des Mondes inspiriert wurde.          <\/p>\n","protected":false},"excerpt":{"rendered":"<p><strong>NewMoon<br \/>\nSalatsch\u00fcssel, S, wei\u00df<\/strong><br \/>\nMATERIAL: Hochwertiges Porzellan<br \/>\nDIAMETER: ca. 1800 ml. 186 mm<br \/>\nGR\u00d6SSE: ca. 670 ml<br \/>\nFARBE: wei\u00df<br \/>\nGARANTIERT SP\u00dcLMASCHINENGARANTIE: Ja<br \/>\nMIKROWELLENKOMPATIBEL: Ja<br \/>\nREF. ARTIKEL: 1042643180 <\/p>\n","protected":false},"featured_media":14490,"template":"","meta":[],"location":[959,972],"product_brand":[],"product_cat":[1354,1355,2296,2287,1309],"product_tag":[2308,2297,2307,2166],"class_list":{"0":"post-14488","1":"product","2":"type-product","3":"status-publish","4":"has-post-thumbnail","6":"location-0-shop","7":"location-04-2","8":"product_cat-art-de-la-table-de","9":"product_cat-bol-de","10":"product_cat-newmoon-de","11":"product_cat-teller-de","12":"product_cat-villeroy-boch-de","13":"product_tag-kleine","14":"product_tag-newmoon-de","15":"product_tag-salatschussel","16":"product_tag-weis","18":"first","19":"instock","20":"shipping-taxable","21":"purchasable","22":"product-type-simple"},"supplier_id":9071,"supplier_sku":"1042643180","barcode":"4003686386587","atum_controlled":true,"out_stock_date":null,"out_stock_threshold":0,"inheritable":false,"inbound_stock":0,"stock_on_hold":0,"sold_today":0,"sales_last_days":0,"reserved_stock":0,"customer_returns":0,"warehouse_damage":null,"lost_in_post":0,"other_logs":0,"out_stock_days":0,"lost_sales":0,"has_location":false,"update_date":"2025-07-19T06:26:33","atum_locations":[{"id":960,"name":"0 SHOP","slug":"0-shop"},{"id":865,"name":"042","slug":"042"}],"atum_stock_status":"instock","restock_status":false,"low_stock_amount":"","sales_update_date":"2025-07-19T06:26:33","calc_backorders":0,"locations":[],"_links":{"self":[{"href":"https:\/\/delices.lu\/de\/wp-json\/wp\/v2\/product\/14488","targetHints":{"allow":["GET"]}}],"collection":[{"href":"https:\/\/delices.lu\/de\/wp-json\/wp\/v2\/product"}],"about":[{"href":"https:\/\/delices.lu\/de\/wp-json\/wp\/v2\/types\/product"}],"wp:featuredmedia":[{"embeddable":true,"href":"https:\/\/delices.lu\/de\/wp-json\/wp\/v2\/media\/14490"}],"wp:attachment":[{"href":"https:\/\/delices.lu\/de\/wp-json\/wp\/v2\/media?parent=14488"}],"wp:term":[{"taxonomy":"location","embeddable":true,"href":"https:\/\/delices.lu\/de\/wp-json\/wp\/v2\/location?post=14488"},{"taxonomy":"product_brand","embeddable":true,"href":"https:\/\/delices.lu\/de\/wp-json\/wp\/v2\/product_brand?post=14488"},{"taxonomy":"product_cat","embeddable":true,"href":"https:\/\/delices.lu\/de\/wp-json\/wp\/v2\/product_cat?post=14488"},{"taxonomy":"product_tag","embeddable":true,"href":"https:\/\/delices.lu\/de\/wp-json\/wp\/v2\/product_tag?post=14488"}],"curies":[{"name":"wp","href":"https:\/\/api.w.org\/{rel}","templated":true}]}}