{"id":14489,"date":"2024-06-28T00:00:23","date_gmt":"2025-03-20T10:45:53","guid":{"rendered":"https:\/\/delices.lu\/produit\/newmoon-kaffeeuntertasse-weiss\/"},"modified":"2025-03-20T11:45:53","modified_gmt":"2025-03-20T10:45:53","slug":"newmoon-kaffeeuntertasse-weiss","status":"publish","type":"product","link":"https:\/\/delices.lu\/de\/produit\/newmoon-kaffeeuntertasse-weiss\/","title":{"rendered":"NewMoon &#8211; Kaffeeuntertasse, wei\u00df"},"content":{"rendered":"<p><strong>Eine Kaffeeuntertasse, die perfekte Erg\u00e4nzung zu einer hochwertigen<\/strong> Kaffeetasse<br \/>\nDie abgerundete Form dieser Kaffeeuntertasse macht sie zu einem einzigartigen und ausdrucksstarken St\u00fcck. Mit ihrem einzigartigen Design passt sie zu der wei\u00dfen Kaffeetasse aus hochwertigem Porzellan, mit oder ohne Henkel, aus der NewMoon-Kollektion. Als inspirierendes Geschirrst\u00fcck kann sie auch in eine kleine Untertasse verwandelt werden, auf der Sie s\u00fc\u00dfe Leckereien wie Mandeln, Schokolade oder Nougat abstellen k\u00f6nnen&#8230; Ihr Kaffee wird noch besser schmecken! M\u00f6chten Sie ein komplettes Tafelservice? Entdecken Sie die anderen St\u00fccke der NewMoon-Kollektion oder kombinieren Sie diese Porzellantasse mit La Boule White, einem einzigartigen 7-teiligen Porzellanservice. Entdecken Sie ein Porzellan, das von der Sch\u00f6nheit des Mondes inspiriert wurde.     <\/p>\n","protected":false},"excerpt":{"rendered":"<p><strong>NewMoon &#8211; Untertasse f\u00fcr Kaffeetassen<\/strong><br \/>\nMATERIAL: Premium Porcelain<br \/>\nGR\u00d6\u00dfE: ca. 170 mm<br \/>\nFARBE: wei\u00df<br \/>\nSP\u00dcLMASCHINENGARANTIE: Ja<br \/>\nMIKROWELLENKOMPATIBEL: Ja<br \/>\nREF. ARTIKEL: 1042641310 <\/p>\n","protected":false},"featured_media":14494,"template":"","meta":[],"location":[959,967],"product_brand":[],"product_cat":[1354,2296,2231,1309],"product_tag":[2297,2298,2227,2300,2299],"class_list":{"0":"post-14489","1":"product","2":"type-product","3":"status-publish","4":"has-post-thumbnail","6":"location-0-shop","7":"location-05-2","8":"product_cat-art-de-la-table-de","9":"product_cat-newmoon-de","10":"product_cat-teller","11":"product_cat-villeroy-boch-de","12":"product_tag-newmoon-de","13":"product_tag-ohne-tasse","14":"product_tag-untertasse","15":"product_tag-untertasse-de","16":"product_tag-weis-de","18":"first","19":"instock","20":"shipping-taxable","21":"purchasable","22":"product-type-simple"},"supplier_id":9071,"supplier_sku":"1042641310","barcode":"4003686386655","atum_controlled":true,"out_stock_date":null,"out_stock_threshold":0,"inheritable":false,"inbound_stock":0,"stock_on_hold":0,"sold_today":0,"sales_last_days":0,"reserved_stock":0,"customer_returns":0,"warehouse_damage":null,"lost_in_post":0,"other_logs":0,"out_stock_days":0,"lost_sales":0,"has_location":false,"update_date":"2025-07-19T06:26:33","atum_locations":[{"id":960,"name":"0 SHOP","slug":"0-shop"},{"id":860,"name":"052","slug":"052"}],"atum_stock_status":"instock","restock_status":false,"low_stock_amount":"","sales_update_date":"2025-07-19T06:26:33","calc_backorders":0,"locations":[],"_links":{"self":[{"href":"https:\/\/delices.lu\/de\/wp-json\/wp\/v2\/product\/14489","targetHints":{"allow":["GET"]}}],"collection":[{"href":"https:\/\/delices.lu\/de\/wp-json\/wp\/v2\/product"}],"about":[{"href":"https:\/\/delices.lu\/de\/wp-json\/wp\/v2\/types\/product"}],"wp:featuredmedia":[{"embeddable":true,"href":"https:\/\/delices.lu\/de\/wp-json\/wp\/v2\/media\/14494"}],"wp:attachment":[{"href":"https:\/\/delices.lu\/de\/wp-json\/wp\/v2\/media?parent=14489"}],"wp:term":[{"taxonomy":"location","embeddable":true,"href":"https:\/\/delices.lu\/de\/wp-json\/wp\/v2\/location?post=14489"},{"taxonomy":"product_brand","embeddable":true,"href":"https:\/\/delices.lu\/de\/wp-json\/wp\/v2\/product_brand?post=14489"},{"taxonomy":"product_cat","embeddable":true,"href":"https:\/\/delices.lu\/de\/wp-json\/wp\/v2\/product_cat?post=14489"},{"taxonomy":"product_tag","embeddable":true,"href":"https:\/\/delices.lu\/de\/wp-json\/wp\/v2\/product_tag?post=14489"}],"curies":[{"name":"wp","href":"https:\/\/api.w.org\/{rel}","templated":true}]}}