{"id":14499,"date":"2024-06-29T00:00:17","date_gmt":"2025-03-20T10:45:53","guid":{"rendered":"https:\/\/delices.lu\/produit\/newmoon-salatschuessel-m-weiss\/"},"modified":"2025-03-20T11:45:53","modified_gmt":"2025-03-20T10:45:53","slug":"newmoon-salatschuessel-m-weiss","status":"publish","type":"product","link":"https:\/\/delices.lu\/de\/produit\/newmoon-salatschuessel-m-weiss\/","title":{"rendered":"NewMoon &#8211; Salatsch\u00fcssel, M, wei\u00df"},"content":{"rendered":"<p><strong>Eine praktische Salatsch\u00fcssel f\u00fcr den t\u00e4glichen Gebrauch f\u00fcr Beilagen und Desserts<\/strong><br \/>\nVersch\u00f6nern Sie Ihren Tisch mit dieser stilvollen Salatsch\u00fcssel. Sie ist sehr raffiniert und hat einen bemerkenswerten Stil mit einem halbmondf\u00f6rmigen Rand. Ihre asymmetrische Kurve macht sie zu einer sehr sch\u00f6nen Design-Salatsch\u00fcssel. Sind Sie auf der Suche nach hochwertigem Geschirr? Die Porzellan-Geschirrkollektionen von Villeroy &amp; Boch werden Sie begeistern. Diese vielseitige Salatsch\u00fcssel ist praktisch f\u00fcr den t\u00e4glichen Gebrauch und eignet sich perfekt zum Servieren eines bunten Salats oder von Beilagen. Dieses St\u00fcck wird zu einem unverzichtbaren Begleiter im Alltag oder bei einem gem\u00fctlichen Essen mit Freunden oder der Familie. Machen Sie aus der Schale eine gro\u00dfe Obst- und Gem\u00fcseschale, um Ihre K\u00fcche zu dekorieren! Entdecken Sie ein Porzellan, das von der Sch\u00f6nheit des Mondes inspiriert wurde.        <\/p>\n","protected":false},"excerpt":{"rendered":"<p><strong>NewMoon<br \/>\nSalatsch\u00fcssel, M, wei\u00df<\/strong><br \/>\nMATERIAL: Hochwertiges Porzellan<br \/>\nDIAMETER: ca. 233 cm. 233 mm<br \/>\nGR\u00d6SSE: ca. 1420 ml<br \/>\nFARBE: wei\u00df<br \/>\nGARANTIERT SP\u00dcLMASCHINENGARANTIE: Ja<br \/>\nMIKROWELLENKOMPATIBEL: Ja<br \/>\nREF. ARTIKEL: 1042643170 <\/p>\n","protected":false},"featured_media":14500,"template":"","meta":[],"location":[959,967],"product_brand":[],"product_cat":[1354,2296,2287,1309],"product_tag":[2309,2297,2307,2166],"class_list":{"0":"post-14499","1":"product","2":"type-product","3":"status-publish","4":"has-post-thumbnail","6":"location-0-shop","7":"location-05-2","8":"product_cat-art-de-la-table-de","9":"product_cat-newmoon-de","10":"product_cat-teller-de","11":"product_cat-villeroy-boch-de","12":"product_tag-mittel","13":"product_tag-newmoon-de","14":"product_tag-salatschussel","15":"product_tag-weis","17":"first","18":"instock","19":"shipping-taxable","20":"purchasable","21":"product-type-simple"},"supplier_id":9071,"supplier_sku":"1042643170","barcode":"4003686386594","atum_controlled":true,"out_stock_date":null,"out_stock_threshold":0,"inheritable":false,"inbound_stock":0,"stock_on_hold":0,"sold_today":0,"sales_last_days":0,"reserved_stock":0,"customer_returns":0,"warehouse_damage":null,"lost_in_post":0,"other_logs":0,"out_stock_days":0,"lost_sales":0,"has_location":false,"update_date":"2025-07-19T06:26:33","atum_locations":[{"id":960,"name":"0 SHOP","slug":"0-shop"},{"id":860,"name":"052","slug":"052"}],"atum_stock_status":"instock","restock_status":false,"low_stock_amount":"","sales_update_date":"2025-07-19T06:26:33","calc_backorders":0,"locations":[],"_links":{"self":[{"href":"https:\/\/delices.lu\/de\/wp-json\/wp\/v2\/product\/14499","targetHints":{"allow":["GET"]}}],"collection":[{"href":"https:\/\/delices.lu\/de\/wp-json\/wp\/v2\/product"}],"about":[{"href":"https:\/\/delices.lu\/de\/wp-json\/wp\/v2\/types\/product"}],"wp:featuredmedia":[{"embeddable":true,"href":"https:\/\/delices.lu\/de\/wp-json\/wp\/v2\/media\/14500"}],"wp:attachment":[{"href":"https:\/\/delices.lu\/de\/wp-json\/wp\/v2\/media?parent=14499"}],"wp:term":[{"taxonomy":"location","embeddable":true,"href":"https:\/\/delices.lu\/de\/wp-json\/wp\/v2\/location?post=14499"},{"taxonomy":"product_brand","embeddable":true,"href":"https:\/\/delices.lu\/de\/wp-json\/wp\/v2\/product_brand?post=14499"},{"taxonomy":"product_cat","embeddable":true,"href":"https:\/\/delices.lu\/de\/wp-json\/wp\/v2\/product_cat?post=14499"},{"taxonomy":"product_tag","embeddable":true,"href":"https:\/\/delices.lu\/de\/wp-json\/wp\/v2\/product_tag?post=14499"}],"curies":[{"name":"wp","href":"https:\/\/api.w.org\/{rel}","templated":true}]}}