{"id":14503,"date":"2024-07-04T00:00:29","date_gmt":"2025-03-20T10:46:44","guid":{"rendered":"https:\/\/delices.lu\/produit\/newmoon-grosse-salatschuessel-l-weiss\/"},"modified":"2025-03-20T11:46:44","modified_gmt":"2025-03-20T10:46:44","slug":"newmoon-grosse-salatschuessel-l-weiss","status":"publish","type":"product","link":"https:\/\/delices.lu\/de\/produit\/newmoon-grosse-salatschuessel-l-weiss\/","title":{"rendered":"NewMoon &#8211; Gro\u00dfe Salatsch\u00fcssel, L, wei\u00df"},"content":{"rendered":"<p><strong>Eine vielseitige Salatsch\u00fcssel f\u00fcr Beilagen, Desserts und Salate<\/strong><br \/>\nPerfekt als Erg\u00e4nzung zu Ihrem Porzellanservice ist diese gro\u00dfe, hochwertige Salatsch\u00fcssel inspirierend mit ihrem Rand, der an einen Halbmond erinnert. Diese Design-Salatsch\u00fcssel hat viel Charakter, um Ihr Lieblingsrezept hervorzuheben: gemischter Salat, Beilage oder hausgemachte Suppe. Im Alltag kann die Salatsch\u00fcssel auch als gro\u00dfe Obstschale f\u00fcr saisonale Produkte verwendet werden. Diese wei\u00dfe Salatsch\u00fcssel passt hervorragend zu den anderen Designgeschirren der NewMoon-Kollektion, sowie zu denen der Manufacture Rock-Kollektion mit ihrer Schieferoptik. Spielen Sie mit den Effekten und Texturen des Villeroy &amp; Boch Porzellans! Auf der Suche nach einer Geschenkidee? Machen Sie Ihren Lieben eine Freude mit dieser Porzellan-Salatsch\u00fcssel, die Sie zum Beispiel zu einem Geburtstag oder einer Einweihungsparty verschenken k\u00f6nnen. Entdecken Sie ein Porzellan, das von der Sch\u00f6nheit des Mondes inspiriert wurde.       <\/p>\n","protected":false},"excerpt":{"rendered":"<p><strong>NewMoon<br \/>\nGro\u00dfe Salatsch\u00fcssel, L, wei\u00df<\/strong><br \/>\nMATERIAL: Premium Porcelain<br \/>\nDURCHMESSER: ca. 25 ml. 284 mm<br \/>\nGR\u00d6SSE: ca. 2590 ml<br \/>\nFARBE: wei\u00df<br \/>\nGARANTIERT SP\u00dcLMASCHINENGARANTIE: Ja<br \/>\nMIKROWELLENKOMPATIBEL: Ja<br \/>\nREF. ARTIKEL: 1042643160 <\/p>\n","protected":false},"featured_media":14505,"template":"","meta":[],"location":[959,967,964],"product_brand":[],"product_cat":[1354,2296,2287,1309],"product_tag":[2310,2297,2307,2166],"class_list":{"0":"post-14503","1":"product","2":"type-product","3":"status-publish","4":"has-post-thumbnail","6":"location-0-shop","7":"location-05-2","8":"location-06-2","9":"product_cat-art-de-la-table-de","10":"product_cat-newmoon-de","11":"product_cat-teller-de","12":"product_cat-villeroy-boch-de","13":"product_tag-grose","14":"product_tag-newmoon-de","15":"product_tag-salatschussel","16":"product_tag-weis","18":"first","19":"instock","20":"shipping-taxable","21":"purchasable","22":"product-type-simple"},"supplier_id":9071,"supplier_sku":"1042643160","barcode":"4003686386600","atum_controlled":true,"out_stock_date":null,"out_stock_threshold":0,"inheritable":false,"inbound_stock":0,"stock_on_hold":0,"sold_today":0,"sales_last_days":0,"reserved_stock":0,"customer_returns":0,"warehouse_damage":null,"lost_in_post":0,"other_logs":0,"out_stock_days":0,"lost_sales":0,"has_location":false,"update_date":"2025-07-19T06:26:32","atum_locations":[{"id":960,"name":"0 SHOP","slug":"0-shop"},{"id":860,"name":"052","slug":"052"},{"id":855,"name":"062","slug":"062"}],"atum_stock_status":"instock","restock_status":false,"low_stock_amount":"","sales_update_date":"2025-07-19T06:26:32","calc_backorders":0,"locations":[],"_links":{"self":[{"href":"https:\/\/delices.lu\/de\/wp-json\/wp\/v2\/product\/14503","targetHints":{"allow":["GET"]}}],"collection":[{"href":"https:\/\/delices.lu\/de\/wp-json\/wp\/v2\/product"}],"about":[{"href":"https:\/\/delices.lu\/de\/wp-json\/wp\/v2\/types\/product"}],"wp:featuredmedia":[{"embeddable":true,"href":"https:\/\/delices.lu\/de\/wp-json\/wp\/v2\/media\/14505"}],"wp:attachment":[{"href":"https:\/\/delices.lu\/de\/wp-json\/wp\/v2\/media?parent=14503"}],"wp:term":[{"taxonomy":"location","embeddable":true,"href":"https:\/\/delices.lu\/de\/wp-json\/wp\/v2\/location?post=14503"},{"taxonomy":"product_brand","embeddable":true,"href":"https:\/\/delices.lu\/de\/wp-json\/wp\/v2\/product_brand?post=14503"},{"taxonomy":"product_cat","embeddable":true,"href":"https:\/\/delices.lu\/de\/wp-json\/wp\/v2\/product_cat?post=14503"},{"taxonomy":"product_tag","embeddable":true,"href":"https:\/\/delices.lu\/de\/wp-json\/wp\/v2\/product_tag?post=14503"}],"curies":[{"name":"wp","href":"https:\/\/api.w.org\/{rel}","templated":true}]}}