{"id":14504,"date":"2024-06-28T00:00:18","date_gmt":"2025-03-20T10:46:44","guid":{"rendered":"https:\/\/delices.lu\/produit\/newmoon-suppenteller-weiss\/"},"modified":"2025-03-20T11:46:44","modified_gmt":"2025-03-20T10:46:44","slug":"newmoon-suppenteller-weiss","status":"publish","type":"product","link":"https:\/\/delices.lu\/de\/produit\/newmoon-suppenteller-weiss\/","title":{"rendered":"NewMoon &#8211; Suppenteller, wei\u00df"},"content":{"rendered":"<p><strong>Ein tiefer Teller, ideal f\u00fcr Beilagen und Salate<\/strong><br \/>\nDie geschwungene Form dieses h\u00fcbschen tiefen Tellers aus Porzellan weckt die Geschmacksnerven. Sie k\u00f6nnen sich schon vorstellen, dass er einen gew\u00fcrzten Salat oder eine Beilage f\u00fcr ein Familienessen enth\u00e4lt. Dieser wei\u00dfe Suppenteller bietet mit seinem halbmondf\u00f6rmigen Rand eine einzigartige Haptik. Seine leichte Asymmetrie und sein Glanz machen ihn zu einem ikonischen wei\u00dfen Porzellangeschirr f\u00fcr Ihren gedeckten Tisch. Stellen Sie sich mit der NewMoon-Kollektion aus der Villeroy &amp; Boch-Serie Ihr eigenes hochwertiges Geschirrset zusammen. Richten Sie Ihren Tisch zum Beispiel auf einem gro\u00dfen Gourmetteller mit goldfarbenem Besteck an. Auch das Geschirr Manufacture Rock in Wei\u00df passt perfekt zu diesem tiefen Designteller. Er kann auch in einen modernen Taschenleerer verwandelt werden, um Ihrer Inneneinrichtung eine besondere Note zu verleihen. Entdecken Sie ein Porzellan, das von der Sch\u00f6nheit des Mondes inspiriert wurde.        <\/p>\n","protected":false},"excerpt":{"rendered":"<p><strong>NewMoon<br \/>\nSuppenteller, wei\u00df<\/strong><br \/>\nMATERIAL: Premium Porcelain<br \/>\nGR\u00d6SSE: ca. 780 ml<br \/>\nDURCHMESSER: ca. 30 cm. 290 mm<br \/>\nFARBE: wei\u00df<br \/>\nGARANTIE F\u00dcR GESCHIRRSP\u00dcLER: Ja<br \/>\nMIKROWELLENKOMPATIBEL: Ja<br \/>\nREF. ARTIKEL: 1042642700 <\/p>\n","protected":false},"featured_media":14509,"template":"","meta":[],"location":[959,967],"product_brand":[],"product_cat":[1354,1356,2296,2231,1309],"product_tag":[2311,2297,2253,2299],"class_list":{"0":"post-14504","1":"product","2":"type-product","3":"status-publish","4":"has-post-thumbnail","6":"location-0-shop","7":"location-05-2","8":"product_cat-art-de-la-table-de","9":"product_cat-coupe-de","10":"product_cat-newmoon-de","11":"product_cat-teller","12":"product_cat-villeroy-boch-de","13":"product_tag-hohler-schnitt","14":"product_tag-newmoon-de","15":"product_tag-tiefer-teller","16":"product_tag-weis-de","18":"first","19":"instock","20":"shipping-taxable","21":"purchasable","22":"product-type-simple"},"supplier_id":9071,"supplier_sku":"1042642700","barcode":"4003686386549","atum_controlled":true,"out_stock_date":null,"out_stock_threshold":0,"inheritable":false,"inbound_stock":0,"stock_on_hold":0,"sold_today":0,"sales_last_days":0,"reserved_stock":0,"customer_returns":0,"warehouse_damage":null,"lost_in_post":0,"other_logs":0,"out_stock_days":0,"lost_sales":0,"has_location":false,"update_date":"2025-07-19T06:26:33","atum_locations":[{"id":960,"name":"0 SHOP","slug":"0-shop"},{"id":860,"name":"052","slug":"052"}],"atum_stock_status":"instock","restock_status":false,"low_stock_amount":"","sales_update_date":"2025-07-19T06:26:33","calc_backorders":0,"locations":[],"_links":{"self":[{"href":"https:\/\/delices.lu\/de\/wp-json\/wp\/v2\/product\/14504","targetHints":{"allow":["GET"]}}],"collection":[{"href":"https:\/\/delices.lu\/de\/wp-json\/wp\/v2\/product"}],"about":[{"href":"https:\/\/delices.lu\/de\/wp-json\/wp\/v2\/types\/product"}],"wp:featuredmedia":[{"embeddable":true,"href":"https:\/\/delices.lu\/de\/wp-json\/wp\/v2\/media\/14509"}],"wp:attachment":[{"href":"https:\/\/delices.lu\/de\/wp-json\/wp\/v2\/media?parent=14504"}],"wp:term":[{"taxonomy":"location","embeddable":true,"href":"https:\/\/delices.lu\/de\/wp-json\/wp\/v2\/location?post=14504"},{"taxonomy":"product_brand","embeddable":true,"href":"https:\/\/delices.lu\/de\/wp-json\/wp\/v2\/product_brand?post=14504"},{"taxonomy":"product_cat","embeddable":true,"href":"https:\/\/delices.lu\/de\/wp-json\/wp\/v2\/product_cat?post=14504"},{"taxonomy":"product_tag","embeddable":true,"href":"https:\/\/delices.lu\/de\/wp-json\/wp\/v2\/product_tag?post=14504"}],"curies":[{"name":"wp","href":"https:\/\/api.w.org\/{rel}","templated":true}]}}