{"id":14514,"date":"2024-06-28T00:00:36","date_gmt":"2025-03-20T10:46:45","guid":{"rendered":"https:\/\/delices.lu\/produit\/newmoon-servierplatte-weiss\/"},"modified":"2025-03-20T11:46:45","modified_gmt":"2025-03-20T10:46:45","slug":"newmoon-servierplatte-weiss","status":"publish","type":"product","link":"https:\/\/delices.lu\/de\/produit\/newmoon-servierplatte-weiss\/","title":{"rendered":"NewMoon &#8211; Servierplatte, wei\u00df"},"content":{"rendered":"<p><strong>Ein perfekter Servierteller oder ein Deko-Objekt<\/strong><br \/>\nMit seiner asymmetrischen Kontur ist dieser raffinierte und schlichte Servierteller vielseitig einsetzbar: Er ist ideal zum Anrichten von Gem\u00fcsecarpaccios, kann aber auch als K\u00e4se- oder Wurstplatte verwendet werden. In der Mitte des Tisches angerichtet, wird dieser gro\u00dfe Platzteller nicht unbemerkt bleiben! Diese Porzellanplatte ist vielseitig einsetzbar und wird zu einem dekorativen Designobjekt. Lassen Sie Ihrer Kreativit\u00e4t freien Lauf: Um einen originellen Tafelaufsatz zu gestalten, legen Sie Efeu und Kerzen f\u00fcr eine l\u00e4ndliche Atmosph\u00e4re hinein. Auch auf Ihrem Buffet wird es als Taschenablage eine gute Figur machen. Kombinieren Sie diese Servierplatte mit anderen St\u00fccken aus der NewMoon-Kollektion, um ihren Charakter hervorzuheben. F\u00fcr ein elegantes und rockiges Dressing, entdecken Sie auch die Kollektion Manufacture Rock und stellen Sie ein originelles Geschirrset zusammen, das Ihrem Image entspricht. Entdecken Sie ein Porzellan, das von der Sch\u00f6nheit des Mondes inspiriert wurde.       <\/p>\n","protected":false},"excerpt":{"rendered":"<p><strong>NewMoon<br \/>\nServierplatte, wei\u00df<\/strong><br \/>\nMATERIAL: Premium Porcelain<br \/>\nDIAMETER: ENV. 368 mm<br \/>\nFARBE: wei\u00df<br \/>\nGARANTIERT GESCHIRRSP\u00dcLER: Ja<br \/>\nMIKROWELLENKOMPATIBEL: Ja<br \/>\nREF. ARTIKEL: 1042642990 <\/p>\n","protected":false},"featured_media":14516,"template":"","meta":[],"location":[959,972],"product_brand":[],"product_cat":[1354,2296,2287,1309],"product_tag":[2297,2301,2313,2312,2166],"class_list":{"0":"post-14514","1":"product","2":"type-product","3":"status-publish","4":"has-post-thumbnail","6":"location-0-shop","7":"location-04-2","8":"product_cat-art-de-la-table-de","9":"product_cat-newmoon-de","10":"product_cat-teller-de","11":"product_cat-villeroy-boch-de","12":"product_tag-newmoon-de","13":"product_tag-prasentation","14":"product_tag-servierplatte","15":"product_tag-teller-de","16":"product_tag-weis","18":"first","19":"instock","20":"shipping-taxable","21":"purchasable","22":"product-type-simple"},"supplier_id":9071,"supplier_sku":"1042642990","barcode":"4003686389519","atum_controlled":true,"out_stock_date":null,"out_stock_threshold":0,"inheritable":false,"inbound_stock":0,"stock_on_hold":0,"sold_today":0,"sales_last_days":0,"reserved_stock":0,"customer_returns":0,"warehouse_damage":null,"lost_in_post":0,"other_logs":0,"out_stock_days":0,"lost_sales":0,"has_location":false,"update_date":"2025-07-19T06:26:33","atum_locations":[{"id":960,"name":"0 SHOP","slug":"0-shop"},{"id":865,"name":"042","slug":"042"}],"atum_stock_status":"instock","restock_status":false,"low_stock_amount":"","sales_update_date":"2025-07-19T06:26:33","calc_backorders":0,"locations":[],"_links":{"self":[{"href":"https:\/\/delices.lu\/de\/wp-json\/wp\/v2\/product\/14514","targetHints":{"allow":["GET"]}}],"collection":[{"href":"https:\/\/delices.lu\/de\/wp-json\/wp\/v2\/product"}],"about":[{"href":"https:\/\/delices.lu\/de\/wp-json\/wp\/v2\/types\/product"}],"wp:featuredmedia":[{"embeddable":true,"href":"https:\/\/delices.lu\/de\/wp-json\/wp\/v2\/media\/14516"}],"wp:attachment":[{"href":"https:\/\/delices.lu\/de\/wp-json\/wp\/v2\/media?parent=14514"}],"wp:term":[{"taxonomy":"location","embeddable":true,"href":"https:\/\/delices.lu\/de\/wp-json\/wp\/v2\/location?post=14514"},{"taxonomy":"product_brand","embeddable":true,"href":"https:\/\/delices.lu\/de\/wp-json\/wp\/v2\/product_brand?post=14514"},{"taxonomy":"product_cat","embeddable":true,"href":"https:\/\/delices.lu\/de\/wp-json\/wp\/v2\/product_cat?post=14514"},{"taxonomy":"product_tag","embeddable":true,"href":"https:\/\/delices.lu\/de\/wp-json\/wp\/v2\/product_tag?post=14514"}],"curies":[{"name":"wp","href":"https:\/\/api.w.org\/{rel}","templated":true}]}}