{"id":14515,"date":"2024-06-28T00:00:31","date_gmt":"2025-03-20T10:46:45","guid":{"rendered":"https:\/\/delices.lu\/produit\/newmoon-kaffee-oder-teebecher-ohne-henkel-weiss\/"},"modified":"2025-03-20T11:46:45","modified_gmt":"2025-03-20T10:46:45","slug":"newmoon-kaffee-oder-teebecher-ohne-henkel-weiss","status":"publish","type":"product","link":"https:\/\/delices.lu\/de\/produit\/newmoon-kaffee-oder-teebecher-ohne-henkel-weiss\/","title":{"rendered":"NewMoon &#8211; Kaffee- oder Teebecher ohne Henkel, wei\u00df"},"content":{"rendered":"<p><strong>Ein einzigartiger und vielseitiger Kaffee- oder Teebecher ohne Henkel<\/strong><br \/>\nVilleroy &amp; Boch hat sich auf hochwertiges, ausdrucksstarkes Porzellan spezialisiert. NewMoon, wie auch die anderen Geschirrkollektionen, ist keine Ausnahme von diesem Streben nach Exzellenz. Die henkellose Kaffee- oder Teetasse zeigt ein klares Design und eine leichte Asymmetrie in Form eines Halbmondes: eine einzigartige \u00c4sthetik, die dem Fr\u00fchst\u00fcckstisch einen starken Charakter verleiht. Diese Tasse wird Sie allein oder in Kombination mit den Tischsets der Kollektion Manufacture Rock begeistern. Dank seines gro\u00dfen Fassungsverm\u00f6gens bietet dieser Designbecher Platz f\u00fcr Ihre liebsten Hei\u00dfgetr\u00e4nke: Kaffee, Cappuccino, hei\u00dfe Schokolade, Tee, Kr\u00e4utertee&#8230; Sie haben die Wahl! Da er keinen Henkel hat, kann er auch in einen kleinen, vielseitigen Beh\u00e4lter f\u00fcr Ihren Aperitif verwandelt werden: eine Schale f\u00fcr Dips, Chips oder Grissini. Dieser Becher ist auch eine sch\u00f6ne Geschenkidee f\u00fcr eine Einweihungsparty oder einen Geburtstag. Entdecken Sie ein Porzellan, das von der Sch\u00f6nheit des Mondes inspiriert wurde.       <\/p>\n","protected":false},"excerpt":{"rendered":"<p><strong>NewMoon &#8211; Wei\u00dfer Becher<\/strong><br \/>\nMATERIAL: Premium Porcelain<br \/>\nDURCHMESSER: ca. 92 mm<br \/>\nGR\u00d6SSE: ca. 320 ml<br \/>\nFARBE: wei\u00df<br \/>\nGARANTIERT SP\u00dcLGERECHT: Ja<br \/>\nMIKROWELLENKOMPATIBEL: Ja<br \/>\nREF. ARTIKEL: 1042649660 <\/p>\n","protected":false},"featured_media":14517,"template":"","meta":[],"location":[959,964],"product_brand":[],"product_cat":[2296,2235,2163,1309],"product_tag":[2168,1154,2297,2238,2166],"class_list":{"0":"post-14515","1":"product","2":"type-product","3":"status-publish","4":"has-post-thumbnail","6":"location-0-shop","7":"location-06-2","8":"product_cat-newmoon-de","9":"product_cat-tasse-de","10":"product_cat-tasse-krug","11":"product_cat-villeroy-boch-de","12":"product_tag-krug-de","13":"product_tag-mug-becher","14":"product_tag-newmoon-de","15":"product_tag-tasse-ohne-henkel","16":"product_tag-weis","18":"first","19":"instock","20":"shipping-taxable","21":"purchasable","22":"product-type-simple"},"supplier_id":9071,"supplier_sku":"1042649660","barcode":"4003686386693","atum_controlled":true,"out_stock_date":null,"out_stock_threshold":0,"inheritable":false,"inbound_stock":0,"stock_on_hold":0,"sold_today":0,"sales_last_days":0,"reserved_stock":0,"customer_returns":0,"warehouse_damage":null,"lost_in_post":0,"other_logs":0,"out_stock_days":0,"lost_sales":0,"has_location":false,"update_date":"2025-07-19T06:26:33","atum_locations":[{"id":960,"name":"0 SHOP","slug":"0-shop"},{"id":855,"name":"062","slug":"062"}],"atum_stock_status":"instock","restock_status":false,"low_stock_amount":"","sales_update_date":"2025-07-19T06:26:33","calc_backorders":0,"locations":[],"_links":{"self":[{"href":"https:\/\/delices.lu\/de\/wp-json\/wp\/v2\/product\/14515","targetHints":{"allow":["GET"]}}],"collection":[{"href":"https:\/\/delices.lu\/de\/wp-json\/wp\/v2\/product"}],"about":[{"href":"https:\/\/delices.lu\/de\/wp-json\/wp\/v2\/types\/product"}],"wp:featuredmedia":[{"embeddable":true,"href":"https:\/\/delices.lu\/de\/wp-json\/wp\/v2\/media\/14517"}],"wp:attachment":[{"href":"https:\/\/delices.lu\/de\/wp-json\/wp\/v2\/media?parent=14515"}],"wp:term":[{"taxonomy":"location","embeddable":true,"href":"https:\/\/delices.lu\/de\/wp-json\/wp\/v2\/location?post=14515"},{"taxonomy":"product_brand","embeddable":true,"href":"https:\/\/delices.lu\/de\/wp-json\/wp\/v2\/product_brand?post=14515"},{"taxonomy":"product_cat","embeddable":true,"href":"https:\/\/delices.lu\/de\/wp-json\/wp\/v2\/product_cat?post=14515"},{"taxonomy":"product_tag","embeddable":true,"href":"https:\/\/delices.lu\/de\/wp-json\/wp\/v2\/product_tag?post=14515"}],"curies":[{"name":"wp","href":"https:\/\/api.w.org\/{rel}","templated":true}]}}