{"id":14526,"date":"2024-06-28T00:00:25","date_gmt":"2025-03-20T10:46:46","guid":{"rendered":"https:\/\/delices.lu\/produit\/newmoon-grosse-schale-weiss\/"},"modified":"2025-03-20T11:46:46","modified_gmt":"2025-03-20T10:46:46","slug":"newmoon-grosse-schale-weiss","status":"publish","type":"product","link":"https:\/\/delices.lu\/de\/produit\/newmoon-grosse-schale-weiss\/","title":{"rendered":"NewMoon &#8211; Gro\u00dfe Schale, wei\u00df"},"content":{"rendered":"<p><strong>Eine gro\u00dfe, vielseitige Sch\u00fcssel, um Ihre sch\u00f6nsten Rezepte zu begleiten<\/strong><br \/>\nDiese gro\u00dfe, vielseitige Sch\u00fcssel zeichnet sich durch ihren leicht asymmetrischen Rand aus, der einen Halbmond darstellt. Diese wei\u00dfe Sch\u00fcssel ist perfekt, um Ihre Gerichte zu pr\u00e4sentieren, und das in aller Einfachheit! Ausdrucksstark, funktional, schlicht: Die NewMoon-Kollektion bietet Ihnen ein einzigartiges und charaktervolles Design. Und diese Porzellanschale verk\u00f6rpert dies perfekt! Ihre Form und Gr\u00f6\u00dfe erm\u00f6glichen eine Vielzahl von Verwendungsm\u00f6glichkeiten, so dass sie sowohl im Alltag als auch bei besonderen Anl\u00e4ssen praktisch ist. Bei Tisch dient sie als tiefer Teller f\u00fcr ein Gericht mit So\u00dfe, eine Suppe, einen gemischten Salat oder einen Teller mit Nudeln. Sie k\u00f6nnen ihn auch als Pr\u00e4sentationsschale oder als Salatsch\u00fcssel f\u00fcr Beilagen verwenden. Ihr originelles Design macht sie auch zu einer trendigen Sch\u00fcssel, die als Deko-Objekt dienen kann, um sie als Abtropfschale auszustellen oder als gro\u00dfe Schale f\u00fcr Obst oder Snacks. Auf der Suche nach einer Geschenkidee? Das Porzellan-Service von Villeroy &amp; Boch ist ein ideales Geschenk, um ein Ereignis wie eine Hochzeit, einen Geburtstag oder eine Einweihungsparty zu feiern. Entdecken Sie Porzellan, das von der Sch\u00f6nheit des Mondes inspiriert wurde.          <\/p>\n","protected":false},"excerpt":{"rendered":"<p><strong>NewMoon &#8211; Gro\u00dfe wei\u00dfe Schale<\/strong><br \/>\nMATERIAL: Premium Porcelain<br \/>\nDURCHMESSER: ca. 165 mm<br \/>\nGR\u00d6SSE: ca. 500 ml<br \/>\nFARBE: wei\u00df<br \/>\nGARANTIERT SP\u00dcLMASCHINENGARANTIE: Ja<br \/>\nMIKROWELLENKOMPATIBEL: Ja<br \/>\nREF. ARTIKEL: 1042641900 <\/p>\n","protected":false},"featured_media":14528,"template":"","meta":[],"location":[959,972],"product_brand":[],"product_cat":[1354,1355,2296,1309],"product_tag":[1359,2314,2297,2166],"class_list":{"0":"post-14526","1":"product","2":"type-product","3":"status-publish","4":"has-post-thumbnail","6":"location-0-shop","7":"location-04-2","8":"product_cat-art-de-la-table-de","9":"product_cat-bol-de","10":"product_cat-newmoon-de","11":"product_cat-villeroy-boch-de","12":"product_tag-bol-de","13":"product_tag-grose-schussel","14":"product_tag-newmoon-de","15":"product_tag-weis","17":"first","18":"instock","19":"shipping-taxable","20":"purchasable","21":"product-type-simple"},"supplier_id":9071,"supplier_sku":"1042641900","barcode":"4003686386570","atum_controlled":true,"out_stock_date":null,"out_stock_threshold":0,"inheritable":false,"inbound_stock":0,"stock_on_hold":0,"sold_today":0,"sales_last_days":0,"reserved_stock":0,"customer_returns":0,"warehouse_damage":null,"lost_in_post":0,"other_logs":0,"out_stock_days":0,"lost_sales":0,"has_location":false,"update_date":"2025-07-19T06:26:33","atum_locations":[{"id":960,"name":"0 SHOP","slug":"0-shop"},{"id":865,"name":"042","slug":"042"}],"atum_stock_status":"instock","restock_status":false,"low_stock_amount":"","sales_update_date":"2025-07-19T06:26:33","calc_backorders":0,"locations":[],"_links":{"self":[{"href":"https:\/\/delices.lu\/de\/wp-json\/wp\/v2\/product\/14526","targetHints":{"allow":["GET"]}}],"collection":[{"href":"https:\/\/delices.lu\/de\/wp-json\/wp\/v2\/product"}],"about":[{"href":"https:\/\/delices.lu\/de\/wp-json\/wp\/v2\/types\/product"}],"wp:featuredmedia":[{"embeddable":true,"href":"https:\/\/delices.lu\/de\/wp-json\/wp\/v2\/media\/14528"}],"wp:attachment":[{"href":"https:\/\/delices.lu\/de\/wp-json\/wp\/v2\/media?parent=14526"}],"wp:term":[{"taxonomy":"location","embeddable":true,"href":"https:\/\/delices.lu\/de\/wp-json\/wp\/v2\/location?post=14526"},{"taxonomy":"product_brand","embeddable":true,"href":"https:\/\/delices.lu\/de\/wp-json\/wp\/v2\/product_brand?post=14526"},{"taxonomy":"product_cat","embeddable":true,"href":"https:\/\/delices.lu\/de\/wp-json\/wp\/v2\/product_cat?post=14526"},{"taxonomy":"product_tag","embeddable":true,"href":"https:\/\/delices.lu\/de\/wp-json\/wp\/v2\/product_tag?post=14526"}],"curies":[{"name":"wp","href":"https:\/\/api.w.org\/{rel}","templated":true}]}}