{"id":14527,"date":"2024-06-28T00:00:47","date_gmt":"2025-03-20T10:46:46","guid":{"rendered":"https:\/\/delices.lu\/produit\/newmoon-kleine-schale-weiss\/"},"modified":"2025-03-20T11:46:46","modified_gmt":"2025-03-20T10:46:46","slug":"newmoon-kleine-schale-weiss","status":"publish","type":"product","link":"https:\/\/delices.lu\/de\/produit\/newmoon-kleine-schale-weiss\/","title":{"rendered":"NewMoon &#8211; Kleine Schale, wei\u00df"},"content":{"rendered":"<p><strong>Eine kleine Schale f\u00fcr Ihre Snacks und Aperitifs<\/strong><br \/>\nDie Teller, Gl\u00e4ser, Tassen und Untertassen der Kollektion NewMoon mit ihrem asymmetrischen Rand verleihen Ihrem gedeckten Tisch eine neue Dimension! Inspiriert von der Sch\u00f6nheit des Mondes, wirkt dieses originelle Design besonders sch\u00f6n, wenn es in Ihre Dekoration integriert wird. So kann diese kleine Schale auch als Taschenleerer auf dem Flurschrank oder als Schmuckbeh\u00e4lter auf Ihrem Nachttisch verwendet werden. Lassen Sie Ihrer Kreativit\u00e4t mit dem Geschirr von Villeroy &amp; Boch freien Lauf! Genie\u00dfen Sie k\u00f6stliche Snacks, die elegant in dieser h\u00fcbschen Schale serviert werden! Was gibt es Besseres als eine kleine, vielseitige Sch\u00fcssel, in der Sie Ihre Lieblingsdips servieren k\u00f6nnen? Guacamole, Hummus, Auberginenkaviar&#8230; Ihre hausgemachten Lieblingsrezepte kommen in dieser Aperitifschale, die auch als Oliven- oder Keksschale verwendet werden kann, besonders gut zur Geltung. Setzen Sie das Essen mit einem sch\u00f6nen, passenden Geschirr fort! Wie w\u00e4re es mit einem kompletten Tafelservice? Entdecken Sie ein Porzellan, das von der Sch\u00f6nheit des Mondes inspiriert wurde.         <\/p>\n","protected":false},"excerpt":{"rendered":"<p><strong>NewMoon<br \/>\nKleine Sch\u00fcssel, wei\u00df<\/strong><br \/>\nMATERIAL: Premium Porcelain<br \/>\nGR\u00d6SSE: ca. 40 ml<br \/>\nDURCHMESSER: ca. 85 mm. 85 mm<br \/>\nFARBE: wei\u00df<br \/>\nGARANTIE F\u00dcR GESCHIRRSP\u00dcLER: Ja<br \/>\nMIKROWELLENKOMPATIBEL: Ja<br \/>\nREF. ARTIKEL: 1042643932 <\/p>\n","protected":false},"featured_media":14530,"template":"","meta":[],"location":[959,972],"product_brand":[],"product_cat":[1354,1356,2296,2242,1309],"product_tag":[2254,2297,2243,2166],"class_list":{"0":"post-14527","1":"product","2":"type-product","3":"status-publish","4":"has-post-thumbnail","6":"location-0-shop","7":"location-04-2","8":"product_cat-art-de-la-table-de","9":"product_cat-coupe-de","10":"product_cat-newmoon-de","11":"product_cat-schussel","12":"product_cat-villeroy-boch-de","13":"product_tag-dip-schale","14":"product_tag-newmoon-de","15":"product_tag-schussel","16":"product_tag-weis","18":"first","19":"instock","20":"shipping-taxable","21":"purchasable","22":"product-type-simple"},"supplier_id":9071,"supplier_sku":"1042643932","barcode":"4003686386662","atum_controlled":true,"out_stock_date":null,"out_stock_threshold":0,"inheritable":false,"inbound_stock":0,"stock_on_hold":0,"sold_today":0,"sales_last_days":0,"reserved_stock":0,"customer_returns":0,"warehouse_damage":null,"lost_in_post":0,"other_logs":0,"out_stock_days":0,"lost_sales":0,"has_location":false,"update_date":"2025-07-19T06:26:33","atum_locations":[{"id":960,"name":"0 SHOP","slug":"0-shop"},{"id":865,"name":"042","slug":"042"}],"atum_stock_status":"instock","restock_status":false,"low_stock_amount":"","sales_update_date":"2025-07-19T06:26:33","calc_backorders":0,"locations":[],"_links":{"self":[{"href":"https:\/\/delices.lu\/de\/wp-json\/wp\/v2\/product\/14527","targetHints":{"allow":["GET"]}}],"collection":[{"href":"https:\/\/delices.lu\/de\/wp-json\/wp\/v2\/product"}],"about":[{"href":"https:\/\/delices.lu\/de\/wp-json\/wp\/v2\/types\/product"}],"wp:featuredmedia":[{"embeddable":true,"href":"https:\/\/delices.lu\/de\/wp-json\/wp\/v2\/media\/14530"}],"wp:attachment":[{"href":"https:\/\/delices.lu\/de\/wp-json\/wp\/v2\/media?parent=14527"}],"wp:term":[{"taxonomy":"location","embeddable":true,"href":"https:\/\/delices.lu\/de\/wp-json\/wp\/v2\/location?post=14527"},{"taxonomy":"product_brand","embeddable":true,"href":"https:\/\/delices.lu\/de\/wp-json\/wp\/v2\/product_brand?post=14527"},{"taxonomy":"product_cat","embeddable":true,"href":"https:\/\/delices.lu\/de\/wp-json\/wp\/v2\/product_cat?post=14527"},{"taxonomy":"product_tag","embeddable":true,"href":"https:\/\/delices.lu\/de\/wp-json\/wp\/v2\/product_tag?post=14527"}],"curies":[{"name":"wp","href":"https:\/\/api.w.org\/{rel}","templated":true}]}}